{"id":11154,"date":"2024-10-24T18:03:02","date_gmt":"2024-10-24T16:03:02","guid":{"rendered":"https:\/\/forzini.com\/producto\/lavabo-redondo-marmol-negro\/"},"modified":"2025-04-16T20:14:15","modified_gmt":"2025-04-16T18:14:15","slug":"rundes-waschbecken-aus-schwarzem-marmor","status":"publish","type":"product","link":"https:\/\/forzini.com\/de\/producto\/rundes-waschbecken-aus-schwarzem-marmor\/","title":{"rendered":"Rundes Waschbecken aus schwarzem Marmor"},"content":{"rendered":"<h1><span data-sheets-formula-bar-text-style=\"font-size:13px;color:#000000;font-weight:normal;text-decoration:none;font-family:'Arial';font-style:normal;text-decoration-skip-ink:none;\">Rundes Waschbecken aus schwarzem Marmor <\/span>&#8222;Pluto B&#8220;<\/h1>\n<p>Mit Meisterschaft von erfahrenen Handwerkern gefertigt, strahlt dieses runde <strong>Waschbecken aus schwarzem Marmor<\/strong> einen unverwechselbaren Charakter aus, der jedes Ambiente mit Eleganz bereichert. Sein tiefer, einzigartiger Farbton verleiht nicht nur Raffinesse, sondern hebt auch seine Pr\u00e4senz hervor und macht es zu einem Schl\u00fcsselelement im Design. Die W\u00e4nde dieses Waschbeckens sind mit traditionellen handwerklichen Techniken von Hand geb\u00fcrstet, was eine einzigartige Textur und au\u00dfergew\u00f6hnliche Anziehungskraft verleiht. Jede Linie und Kurve wurde sorgf\u00e4ltig aus einem massiven Marmorblock gemei\u00dfelt und spiegelt eine k\u00fcnstlerische Raffinesse wider, die es unterscheidet.<\/p>\n<p>Diese perfekte Verschmelzung von klassischem und zeitgen\u00f6ssischem Stil macht unser Waschbecken aus schwarzem Marmor zu einer vielseitigen Option, ideal, um Toiletten und Badezimmer mit einem Hauch von Distinktion zu versch\u00f6nern. Seine minimalistische Form betont seine Pracht und bringt Eleganz in seine Umgebung. Der verwendete Marmor ist \u00e4u\u00dferst selten und wird wegen seiner einzigartigen Sch\u00f6nheit gesch\u00e4tzt. Jeder Block ist in begrenzter Menge verf\u00fcgbar, was dieses Waschbecken zu einer au\u00dfergew\u00f6hnlichen Erg\u00e4nzung f\u00fcr Ihr Badezimmer und zu einer Investition in Exklusivit\u00e4t und Eleganz macht.<\/p>\n<p>Jet-Schwarz-Marmor: Er besticht durch seine tiefschwarze Farbe, die von gl\u00e4nzenden wei\u00dfen Adern durchzogen wird, die die dunkle Oberfl\u00e4che durchbrechen. Dieser auff\u00e4llige Kontrast vermittelt ein Gef\u00fchl klassischer Eleganz und zieht alle Blicke auf sich.<\/p>\n<p>Unser Jet-Schwarz-Marmor gilt als ein wahrhaft einzigartiger und begehrter Stein, ber\u00fchmt f\u00fcr seinen tiefschwarzen, reinen Hintergrund und seine feinen wei\u00dfen Maserungen, die eine Aura von Eleganz und raffinierter Raffinesse ausstrahlen. Dieser Marmor ist in luxuri\u00f6sen Innenr\u00e4umen sehr gefragt, wo er eine Atmosph\u00e4re zeitloser Sch\u00f6nheit und Klasse schafft. Die Einzigartigkeit dieses schwarzen Marmors ist auf seine spezifische geologische Entstehung zur\u00fcckzuf\u00fchren, die ihn seltener macht als andere Arten. Aufgrund der Pr\u00e4senz organischer Materialien und Karbonate, die einem nat\u00fcrlichen Prozess unterliegen, erh\u00e4lt der Stein seinen charakteristischen dunklen Ton.<\/p>\n<p>Die Seltenheit dieser Farbe im Marmor ist das Ergebnis einer besonderen Kombination von Sedimenten, organischen Materialien und sauerstoffarmen Bedingungen w\u00e4hrend seiner Entstehung. Jet-Schwarz-Marmor ist ein Symbol f\u00fcr Exklusivit\u00e4t und Luxus, perfekt f\u00fcr diejenigen, die die subtilsten Details im Design sch\u00e4tzen.<\/p>\n<p>&nbsp;<\/p>\n<p>Erfahren Sie mehr \u00fcber unsere Kollektion von Marmor und Onyx \u00fcber diesen Link: <a href=\"https:\/\/forzini.com\/de\/materialien\/\" target=\"_blank\" rel=\"noopener\">Materialien<\/a><\/p>\n<h3><strong>Hauptmerkmale:<\/strong><\/h3>\n<h3><strong>Installation:<\/strong> Auf der Arbeitsplatte.<\/h3>\n<h3><strong>Durchmesser des Ablauflochs:<\/strong> 4,5 cm (europ\u00e4ische Norm).<\/h3>\n<h3><strong>Kompatibler Ablauftyp:<\/strong> Universelles Ventil (nicht enthalten), ohne \u00dcberlauf.<\/h3>\n<h3><strong>Kompatibler Armaturentyp:<\/strong> Aufsatz- oder Wandarmatur (nicht enthalten).<\/h3>\n<h3><strong>Nicht enthalten:<\/strong> Siphon, Ablaufventil, Armatur.<\/h3>\n","protected":false},"excerpt":{"rendered":"<h2>Rundes Waschbecken aus schwarzem Marmor<\/h2>\n<p>Dieses Waschbecken, sorgf\u00e4ltig von Hand gefertigt, repr\u00e4sentiert den H\u00f6hepunkt zeitloser Eleganz. Seine runde Form verleiht jedem Badezimmer einen Hauch von Luxus und erg\u00e4nzt perfekt klassische, bohemische, nordische und rustikale Stile. Die Innenw\u00e4nde sind mit einer exquisiten feinen Textur versehen, die von erfahrenen Handwerkern sorgf\u00e4ltig gestaltet wurde. Diese handwerklichen Details erh\u00f6hen nicht nur die Eleganz des Waschbeckens, sondern unterstreichen auch die beeindruckende Sch\u00f6nheit des schwarzen Marmors, wobei Licht und Schatten Tiefe und Charakter verleihen. Dieses Waschbecken ist nicht nur ein funktionelles Accessoire, sondern ein wahrer Blickfang, der einen zeitgen\u00f6ssischen Stil und eine un\u00fcbertroffene Liebe zum Detail widerspiegelt.<\/p>\n","protected":false},"featured_media":11155,"comment_status":"closed","ping_status":"closed","template":"","meta":{"_acf_changed":false,"_joinchat":[]},"product_brand":[],"product_cat":[340,274],"product_tag":[264],"class_list":{"0":"post-11154","1":"product","2":"type-product","3":"status-publish","4":"has-post-thumbnail","6":"product_cat-marmor-waschbecken","7":"product_cat-waschbecken","8":"product_tag-marmor","10":"first","11":"outofstock","12":"sale","13":"featured","14":"shipping-taxable","15":"purchasable","16":"product-type-simple"},"acf":[],"_links":{"self":[{"href":"https:\/\/forzini.com\/de\/wp-json\/wp\/v2\/product\/11154","targetHints":{"allow":["GET"]}}],"collection":[{"href":"https:\/\/forzini.com\/de\/wp-json\/wp\/v2\/product"}],"about":[{"href":"https:\/\/forzini.com\/de\/wp-json\/wp\/v2\/types\/product"}],"replies":[{"embeddable":true,"href":"https:\/\/forzini.com\/de\/wp-json\/wp\/v2\/comments?post=11154"}],"version-history":[{"count":0,"href":"https:\/\/forzini.com\/de\/wp-json\/wp\/v2\/product\/11154\/revisions"}],"wp:featuredmedia":[{"embeddable":true,"href":"https:\/\/forzini.com\/de\/wp-json\/wp\/v2\/media\/11155"}],"wp:attachment":[{"href":"https:\/\/forzini.com\/de\/wp-json\/wp\/v2\/media?parent=11154"}],"wp:term":[{"taxonomy":"product_brand","embeddable":true,"href":"https:\/\/forzini.com\/de\/wp-json\/wp\/v2\/product_brand?post=11154"},{"taxonomy":"product_cat","embeddable":true,"href":"https:\/\/forzini.com\/de\/wp-json\/wp\/v2\/product_cat?post=11154"},{"taxonomy":"product_tag","embeddable":true,"href":"https:\/\/forzini.com\/de\/wp-json\/wp\/v2\/product_tag?post=11154"}],"curies":[{"name":"wp","href":"https:\/\/api.w.org\/{rel}","templated":true}]}}