{"id":11120,"date":"2025-04-06T15:35:04","date_gmt":"2025-04-06T13:35:04","guid":{"rendered":"https:\/\/forzini.com\/producto\/lavabo-de-piedra-natural-roja\/"},"modified":"2025-04-16T09:04:24","modified_gmt":"2025-04-16T07:04:24","slug":"naturstein-waschbecken-marmor-rot","status":"publish","type":"product","link":"https:\/\/forzini.com\/de\/producto\/naturstein-waschbecken-marmor-rot\/","title":{"rendered":"Naturstein Waschbecken Marmor Rot"},"content":{"rendered":"<h1>Naturstein Waschbecken Marmor Rot &#8222;Volturnus R&#8220;<\/h1>\n<p>Unser <strong>Naturstein Waschbecken Marmor Rot<\/strong> ist ein echtes Meisterwerk, entworfen, um zu beeindrucken und in jedem Badezimmer hervorzustechen. Mit seiner sorgf\u00e4ltig geschnitzten rechteckigen Form kombiniert dieses St\u00fcck moderne Linien und harmonische Proportionen, die einen raffinierten und zeitgem\u00e4\u00dfen Stil verleihen. Seine rauen Au\u00dfenw\u00e4nde verleihen einen einzigartigen und handwerklichen Touch, w\u00e4hrend das polierte Innere mit dem unvergleichlichen Luxus von Halbedelstein-Onyx gl\u00e4nzt. Jedes Waschbecken wird aus purem Onyx-Marmor von Hand gemei\u00dfelt, unter Verwendung traditioneller Techniken, die die nat\u00fcrliche Sch\u00f6nheit und Einzigartigkeit jedes St\u00fcckes feiern. Sein makelloses Finish und mutiges Design verwandeln dieses Waschbecken in mehr als nur ein funktionales Element: Es ist eine Aussage von Eleganz und Exklusivit\u00e4t, die die Atmosph\u00e4re Ihres Badezimmers aufwertet. Stellen Sie sich dieses Naturstein Waschbecken Marmor Rot als den absoluten Blickfang in Ihrem Badezimmer vor, der Ihre G\u00e4ste mit seiner warmen Pracht und seiner faszinierenden Kombination aus Textur und Form begeistert. Die r\u00f6tlichen Farbt\u00f6ne und die karamellfarbenen Adern, die den Marmor durchziehen, erz\u00e4hlen eine einzigartige Geschichte und garantieren, dass jedes St\u00fcck unnachahmlich und voller Charakter ist. Sein zeitloses und ansprechendes Design passt perfekt zu jedem Einrichtungsstil und macht es zur unverzichtbaren Wahl f\u00fcr diejenigen, die Qualit\u00e4t, Kunst und Luxus sch\u00e4tzen. Dieses Naturstein Waschbecken Marmor Rot wird nicht nur Ihr Badezimmer versch\u00f6nern, sondern auch Ihren raffinierten Stil und unfehlbaren guten Geschmack widerspiegeln.<\/p>\n<p>Red Aurora Onyx \u2013 beeindruckt mit seiner einzigartigen, strahlenden und warmen Farbpalette. Tiefe und lebendige Rott\u00f6ne mischen sich mit erdigen Nuancen von intensiver Braunfarbe und exquisiter Schokolade und schaffen ein reichhaltiges Teppichmuster. Die subtilen orangefarbenen Ros\u00e9t\u00f6ne verleihen der allgemeinen Attraktivit\u00e4t der Steinoptik eine zarte Sanftheit, w\u00e4hrend die cremigen Elfenbeint\u00f6ne und Adern von reinem Wei\u00df seine leuchtende Eleganz betonen. Karamellfarbene oder Cognac-Adern flie\u00dfen anmutig \u00fcber die Oberfl\u00e4che und erinnern an F\u00e4den geschmolzenen Bernsteins. Dieser seltene und exotische Onyx lebt durch seine reichen und warmen Nuancen und strahlt eine zeitlose Sch\u00f6nheit aus, die die Essenz der Kunst der Natur einf\u00e4ngt.<\/p>\n<p>Der Red Aurora Onyx ist eines der au\u00dfergew\u00f6hnlichsten Sch\u00e4tze der Natur, bewundert f\u00fcr seine erstaunliche Seltenheit und faszinierende Sch\u00f6nheit. Seine auff\u00e4llige Palette aus intensiven Rott\u00f6nen, warmen orangefarbenen Ros\u00e9t\u00f6nen und cremigen Elfenbeinadern verleiht ihm ein faszinierendes Aussehen, das keiner anderen Steinart gleicht. Aufgrund seiner begrenzten Verf\u00fcgbarkeit wird dieser exotische Onyx von Kunsthandwerkern und Sammlern hochgesch\u00e4tzt, was ihn zu einem kostbaren Material f\u00fcr einzigartige und luxuri\u00f6se Designs macht. Der Charme dieses exquisiten Edelsteins reicht \u00fcber die Dekoration hinaus, da er h\u00e4ufig in hochwertigem Schmuck verwendet wird und ma\u00dfgeschneiderten Kreationen einen Hauch von Opulenz und Raffinesse verleiht. Der Red Aurora Onyx ist ein Symbol f\u00fcr Exklusivit\u00e4t und Raffinesse, und jedes St\u00fcck erz\u00e4hlt eine Geschichte von nat\u00fcrlicher Kunst und Eleganz. Stellen Sie sich vor, Sie besitzen ein solches Meisterwerk, mit seinem strahlenden Charme und zeitlosen Sch\u00f6nheit, das die Dekoration bereichert und puren Luxus ausstrahlt.<\/p>\n<p>Erfahren Sie mehr \u00fcber unsere Kollektion von Marmor und Onyx \u00fcber diesen Link: <a href=\"https:\/\/forzini.com\/de\/materialien\/\" target=\"_blank\" rel=\"noopener\">Materialien<\/a><\/p>\n<h3><strong>Hauptmerkmale:<\/strong><\/h3>\n<h3><strong>Installation:<\/strong> Auf der Arbeitsplatte.<\/h3>\n<h3><strong>Durchmesser des Ablauflochs:<\/strong> 4,5 cm (europ\u00e4ische Norm).<\/h3>\n<h3><strong>Kompatibler Ablauftyp:<\/strong> Universelles Ventil (nicht enthalten), ohne \u00dcberlauf.<\/h3>\n<h3><strong>Kompatibler Armaturentyp:<\/strong> Aufsatz- oder Wandarmatur (nicht enthalten).<\/h3>\n<h3><strong>Nicht enthalten:<\/strong> Siphon, Ablaufventil, Armatur.<\/h3>\n","protected":false},"excerpt":{"rendered":"<h2>Naturstein Waschbecken Marmor Rot<\/h2>\n<p>Aus Onyx-Marmor geschnitzt und mit einem rechteckigen Design kombiniert dieses Waschbecken Eleganz und Funktionalit\u00e4t in einem einzigen St\u00fcck. Sein markantes Erscheinungsbild macht es zu einem dekorativen Element, das sich an eine Vielzahl von Stilen anpassen kann, von klassisch bis avantgardistisch. Die visuelle Pracht seiner nat\u00fcrlichen Maserung und die Tiefe seiner Farbe verleihen dem Raum W\u00e4rme und Raffinesse. Ideal f\u00fcr diejenigen, die einen Hauch von Exklusivit\u00e4t im Badezimmer suchen, ist dieses Waschbecken ein Synonym f\u00fcr guten Geschmack und anspruchsvollen Stil.<\/p>\n","protected":false},"featured_media":11121,"comment_status":"closed","ping_status":"closed","template":"","meta":{"_acf_changed":false,"_joinchat":[]},"product_brand":[],"product_cat":[332,274],"product_tag":[265],"class_list":{"0":"post-11120","1":"product","2":"type-product","3":"status-publish","4":"has-post-thumbnail","6":"product_cat-onyx-waschbecken","7":"product_cat-waschbecken","8":"product_tag-onyx-de","10":"first","11":"outofstock","12":"sale","13":"featured","14":"shipping-taxable","15":"purchasable","16":"product-type-simple"},"acf":[],"_links":{"self":[{"href":"https:\/\/forzini.com\/de\/wp-json\/wp\/v2\/product\/11120","targetHints":{"allow":["GET"]}}],"collection":[{"href":"https:\/\/forzini.com\/de\/wp-json\/wp\/v2\/product"}],"about":[{"href":"https:\/\/forzini.com\/de\/wp-json\/wp\/v2\/types\/product"}],"replies":[{"embeddable":true,"href":"https:\/\/forzini.com\/de\/wp-json\/wp\/v2\/comments?post=11120"}],"version-history":[{"count":0,"href":"https:\/\/forzini.com\/de\/wp-json\/wp\/v2\/product\/11120\/revisions"}],"wp:featuredmedia":[{"embeddable":true,"href":"https:\/\/forzini.com\/de\/wp-json\/wp\/v2\/media\/11121"}],"wp:attachment":[{"href":"https:\/\/forzini.com\/de\/wp-json\/wp\/v2\/media?parent=11120"}],"wp:term":[{"taxonomy":"product_brand","embeddable":true,"href":"https:\/\/forzini.com\/de\/wp-json\/wp\/v2\/product_brand?post=11120"},{"taxonomy":"product_cat","embeddable":true,"href":"https:\/\/forzini.com\/de\/wp-json\/wp\/v2\/product_cat?post=11120"},{"taxonomy":"product_tag","embeddable":true,"href":"https:\/\/forzini.com\/de\/wp-json\/wp\/v2\/product_tag?post=11120"}],"curies":[{"name":"wp","href":"https:\/\/api.w.org\/{rel}","templated":true}]}}