{"id":11052,"date":"2024-02-13T14:08:19","date_gmt":"2024-02-13T13:08:19","guid":{"rendered":"https:\/\/forzini.com\/cuidado-y-caracteristicas\/"},"modified":"2025-04-14T19:48:08","modified_gmt":"2025-04-14T17:48:08","slug":"produktpflege-und-eigenschaften","status":"publish","type":"page","link":"https:\/\/forzini.com\/de\/produktpflege-und-eigenschaften\/","title":{"rendered":"Produktpflege und Eigenschaften"},"content":{"rendered":"\t\t<div data-elementor-type=\"wp-page\" data-elementor-id=\"11052\" class=\"elementor elementor-11052 elementor-254\">\n\t\t\t\t<div class=\"elementor-element elementor-element-2095ab91 e-flex e-con-boxed e-con e-parent\" data-id=\"2095ab91\" data-element_type=\"container\" data-e-type=\"container\" data-settings=\"{&quot;background_background&quot;:&quot;classic&quot;}\">\n\t\t\t\t\t<div class=\"e-con-inner\">\n\t\t\t\t<div class=\"elementor-element elementor-element-3ff3c801 elementor-align-center elementor-invisible elementor-widget elementor-widget-raven-heading\" data-id=\"3ff3c801\" data-element_type=\"widget\" data-e-type=\"widget\" data-settings=\"{&quot;_animation&quot;:&quot;fadeInUp&quot;}\" data-widget_type=\"raven-heading.default\">\n\t\t\t\t<div class=\"elementor-widget-container\">\n\t\t\t\t\t\t\t<div class=\"raven-widget-wrapper\"><h1 class=\"raven-heading raven-heading-h1\"><span class=\"raven-heading-title \">Produktpflege <\/span><\/h1><\/div>\n\t\t\t\t\t\t<\/div>\n\t\t\t\t<\/div>\n\t\t\t\t<div class=\"elementor-element elementor-element-10e1255f animated-slow elementor-invisible elementor-widget elementor-widget-text-editor\" data-id=\"10e1255f\" data-element_type=\"widget\" data-e-type=\"widget\" data-settings=\"{&quot;_animation&quot;:&quot;fadeIn&quot;}\" data-widget_type=\"text-editor.default\">\n\t\t\t\t<div class=\"elementor-widget-container\">\n\t\t\t\t\t\t\t\t\t<h1 class=\"p1\">Verwenden Sie unsere Tipps, um die Produkte zu pflegen<\/h1>\t\t\t\t\t\t\t\t<\/div>\n\t\t\t\t<\/div>\n\t\t\t\t\t<\/div>\n\t\t\t\t<\/div>\n\t\t<div class=\"elementor-element elementor-element-72678fb e-flex e-con-boxed e-con e-parent\" data-id=\"72678fb\" data-element_type=\"container\" data-e-type=\"container\" data-settings=\"{&quot;background_background&quot;:&quot;classic&quot;}\">\n\t\t\t\t\t<div class=\"e-con-inner\">\n\t\t<div class=\"elementor-element elementor-element-e3522a9 e-con-full e-flex e-con e-child\" data-id=\"e3522a9\" data-element_type=\"container\" data-e-type=\"container\">\n\t\t\t\t<div class=\"elementor-element elementor-element-2f2a346 elementor-align-center animated-slow elementor-invisible elementor-widget elementor-widget-raven-heading\" data-id=\"2f2a346\" data-element_type=\"widget\" data-e-type=\"widget\" data-settings=\"{&quot;_animation&quot;:&quot;fadeInUp&quot;}\" data-widget_type=\"raven-heading.default\">\n\t\t\t\t<div class=\"elementor-widget-container\">\n\t\t\t\t\t\t\t<div class=\"raven-widget-wrapper\"><h1 class=\"raven-heading raven-heading-h1\"><span class=\"raven-heading-title \">Waschbecken<\/span><\/h1><\/div>\n\t\t\t\t\t\t<\/div>\n\t\t\t\t<\/div>\n\t\t\t\t<\/div>\n\t\t<div class=\"elementor-element elementor-element-3686975 e-con-full e-flex e-con e-child\" data-id=\"3686975\" data-element_type=\"container\" data-e-type=\"container\">\n\t\t\t\t<div class=\"elementor-element elementor-element-2b13b12 elementor-widget elementor-widget-text-editor\" data-id=\"2b13b12\" data-element_type=\"widget\" data-e-type=\"widget\" data-widget_type=\"text-editor.default\">\n\t\t\t\t<div class=\"elementor-widget-container\">\n\t\t\t\t\t\t\t\t\t<p>Um die Sch\u00f6nheit Ihres Waschbeckens aus Naturstein zu erhalten, wird empfohlen, die Oberfl\u00e4che mit einem weichen Tuch oder einer Nylonb\u00fcrste zu reinigen, die mit neutralem Sp\u00fclmittel (darauf achten, dass es nicht zitrushaltig ist) oder mit einem speziellen Steinseife angefeuchtet ist.<\/p><p>Nach der Reinigung sollten die Seifenreste gr\u00fcndlich abgesp\u00fclt und das Waschbecken mit einem sauberen, weichen Tuch getrocknet werden. F\u00fcr hartn\u00e4ckige Flecken kann ein nicht-abrasives Reinigungsmittel verwendet werden, das speziell f\u00fcr Naturstein formuliert ist, oder ein professioneller Reiniger, der in Ihrem \u00f6rtlichen Fliesengesch\u00e4ft erh\u00e4ltlich ist. Es ist wichtig, starke Chemikalien wie Bleichmittel, Laugen, Ammoniak, Essig, Alkohol, abrasive S\u00e4uren oder andere korrosive Substanzen zu vermeiden, sowie auf die Verwendung von Schw\u00e4mmen, Drahtwolle, B\u00fcrsten oder abrasiven T\u00fcchern zu verzichten, um Kratzer zu vermeiden. Um die Oberfl\u00e4che zu sch\u00fctzen und das Entstehen von Flecken zu verhindern, wird empfohlen, einmal im Jahr ein spezielles wasserabweisendes Steinbehandlungsmittel aufzutragen, das in Ihrer \u00f6rtlichen Eisenwarenhandlung oder Fliesengesch\u00e4ft erh\u00e4ltlich ist.<\/p><p>Eine regelm\u00e4\u00dfige und sorgf\u00e4ltige Reinigung und Pflege gew\u00e4hrleistet den dauerhaften Charme Ihres Waschbeckens aus Naturstein, das speziell entwickelt wurde, um Ihrem Zuhause einen Hauch von Harmonie zu verleihen<\/p>\t\t\t\t\t\t\t\t<\/div>\n\t\t\t\t<\/div>\n\t\t\t\t<\/div>\n\t\t\t\t\t<\/div>\n\t\t\t\t<\/div>\n\t\t<div class=\"elementor-element elementor-element-537e2f1 e-flex e-con-boxed e-con e-parent\" data-id=\"537e2f1\" data-element_type=\"container\" data-e-type=\"container\" data-settings=\"{&quot;background_background&quot;:&quot;classic&quot;}\">\n\t\t\t\t\t<div class=\"e-con-inner\">\n\t\t<div class=\"elementor-element elementor-element-d958b84 e-con-full e-flex e-con e-child\" data-id=\"d958b84\" data-element_type=\"container\" data-e-type=\"container\">\n\t\t\t\t<div class=\"elementor-element elementor-element-c180a4d elementor-align-center animated-slow elementor-invisible elementor-widget elementor-widget-raven-heading\" data-id=\"c180a4d\" data-element_type=\"widget\" data-e-type=\"widget\" data-settings=\"{&quot;_animation&quot;:&quot;fadeInUp&quot;}\" data-widget_type=\"raven-heading.default\">\n\t\t\t\t<div class=\"elementor-widget-container\">\n\t\t\t\t\t\t\t<div class=\"raven-widget-wrapper\"><h1 class=\"raven-heading raven-heading-h1\"><span class=\"raven-heading-title \">Tische<\/span><\/h1><\/div>\n\t\t\t\t\t\t<\/div>\n\t\t\t\t<\/div>\n\t\t\t\t<\/div>\n\t\t<div class=\"elementor-element elementor-element-0db4d61 e-con-full e-flex e-con e-child\" data-id=\"0db4d61\" data-element_type=\"container\" data-e-type=\"container\" data-settings=\"{&quot;background_background&quot;:&quot;classic&quot;}\">\n\t\t\t\t<div class=\"elementor-element elementor-element-c91e7b5 elementor-widget elementor-widget-text-editor\" data-id=\"c91e7b5\" data-element_type=\"widget\" data-e-type=\"widget\" data-widget_type=\"text-editor.default\">\n\t\t\t\t<div class=\"elementor-widget-container\">\n\t\t\t\t\t\t\t\t\t<p>Naturmarmor ist ein zeitloses Material, und jedes unserer St\u00fccke wird von Hand gefertigt. Jeder Tisch ist einzigartig und erfordert besondere Pflege, um die Sch\u00f6nheit der Umgebung weiterhin zu betonen, ihn zu genie\u00dfen und von Generation zu Generation weiterzugeben. Wir vertrauen Ihnen, die Einzigartigkeit unserer Kreationen zu bewahren.<\/p><p>Alle Natursteine haben ihre eigenen Eigenschaften sowie St\u00e4rken und Schwachstellen. Auch unser Marmor wird mit einem speziellen Versiegelungsmittel behandelt, das die Oberfl\u00e4che bis zu einem gewissen Grad sch\u00fctzt, jedoch alle 8-12 Monate erneuert werden muss. Trotzdem sollte man beachten, dass Marmor von Natur aus empfindlich ist, wenn er mit s\u00e4urehaltigen oder scharfen Substanzen aus Lebensmitteln oder Getr\u00e4nken (Kaffee, Wasser, Alkohol, kohlens\u00e4urehaltige Getr\u00e4nke, So\u00dfen, Chemikalien, Parfums usw.) in Kontakt kommt, die Flecken auf der Oberfl\u00e4che hinterlassen k\u00f6nnen, wenn sie nicht sofort entfernt und gereinigt werden. Sogar Wasser kann durch die Poren des Steins eindringen und verf\u00e4rbte Bereiche hinterlassen.<\/p><p>Wir empfehlen, die Oberfl\u00e4che sofort mit einem trockenen Tuch oder Papiertuch zu reinigen. Reiben oder kratzen Sie nicht auf der Oberfl\u00e4che, da dies unerw\u00fcnschte Spuren hinterlassen k\u00f6nnte. Verwenden Sie Untersetzer, Tischsets und andere Gegenst\u00e4nde, um Kratzer auf der Oberfl\u00e4che zu vermeiden.<\/p><p>F\u00fcr die t\u00e4gliche Pflege reinigen Sie den Stein regelm\u00e4\u00dfig mit einem weichen Mikrofasertuch. Falls n\u00f6tig, k\u00f6nnen Sie auch warmes Wasser mit einer kleinen Menge pH-neutralem Fl\u00fcssigreiniger oder einer professionellen Reinigungsl\u00f6sung f\u00fcr Natursteine verwenden, die in Ihrem \u00f6rtlichen Fliesengesch\u00e4ft erh\u00e4ltlich ist.<\/p><p>Wir empfehlen die Verwendung einer speziellen Seife f\u00fcr Natursteine, um hartn\u00e4ckige Flecken zu behandeln. Verwenden Sie keine Chemikalien oder Produkte, die Bleichmittel, Laugen, Ammoniak, Essig, Alkohol, abrasive S\u00e4uren oder andere korrosive Substanzen enthalten; vermeiden Sie auch das Kratzen der Oberfl\u00e4che mit Schw\u00e4mmen, Drahtwolle, B\u00fcrsten oder abrasiven T\u00fcchern. Regelm\u00e4\u00dfige und sorgf\u00e4ltige Reinigung sowie richtige Pflege gew\u00e4hrleisten den dauerhaften Charme Ihres Natursteintisches, der speziell entwickelt wurde, um Ihrem Zuhause einen Hauch von Eleganz zu verleihen.<\/p>\t\t\t\t\t\t\t\t<\/div>\n\t\t\t\t<\/div>\n\t\t\t\t<\/div>\n\t\t\t\t\t<\/div>\n\t\t\t\t<\/div>\n\t\t<div class=\"elementor-element elementor-element-0119d88 e-flex e-con-boxed e-con e-parent\" data-id=\"0119d88\" data-element_type=\"container\" data-e-type=\"container\" data-settings=\"{&quot;background_background&quot;:&quot;classic&quot;}\">\n\t\t\t\t\t<div class=\"e-con-inner\">\n\t\t<div class=\"elementor-element elementor-element-a7ce453 e-con-full e-flex e-con e-child\" data-id=\"a7ce453\" data-element_type=\"container\" data-e-type=\"container\">\n\t\t\t\t<div class=\"elementor-element elementor-element-67e1c7d elementor-align-center animated-slow elementor-invisible elementor-widget elementor-widget-raven-heading\" data-id=\"67e1c7d\" data-element_type=\"widget\" data-e-type=\"widget\" data-settings=\"{&quot;_animation&quot;:&quot;fadeInUp&quot;}\" data-widget_type=\"raven-heading.default\">\n\t\t\t\t<div class=\"elementor-widget-container\">\n\t\t\t\t\t\t\t<div class=\"raven-widget-wrapper\"><h1 class=\"raven-heading raven-heading-h1\"><span class=\"raven-heading-title \">ACCESSOIRES<\/span><\/h1><\/div>\n\t\t\t\t\t\t<\/div>\n\t\t\t\t<\/div>\n\t\t\t\t<\/div>\n\t\t<div class=\"elementor-element elementor-element-86c2a42 e-con-full e-flex e-con e-child\" data-id=\"86c2a42\" data-element_type=\"container\" data-e-type=\"container\">\n\t\t\t\t<div class=\"elementor-element elementor-element-22d7922 elementor-widget elementor-widget-text-editor\" data-id=\"22d7922\" data-element_type=\"widget\" data-e-type=\"widget\" data-widget_type=\"text-editor.default\">\n\t\t\t\t<div class=\"elementor-widget-container\">\n\t\t\t\t\t\t\t\t\t<p>Um dekorative Objekte aus Naturstein zu reinigen, empfehlen wir, ein weiches Tuch oder eine Nylonb\u00fcrste zu verwenden, die mit Sp\u00fclmittel mit neutralem pH-Wert oder einer professionellen Reinigungsl\u00f6sung f\u00fcr Natursteine eingeseift ist. Sp\u00fclen Sie die Seifenreste gr\u00fcndlich ab und trocknen Sie die Oberfl\u00e4che mit einem weichen, sauberen Tuch.<\/p><p>F\u00fcr hartn\u00e4ckige oder schwierige Flecken empfehlen wir die Verwendung einer speziellen, nicht-abrasiven Seife f\u00fcr Naturstein oder eines professionellen Reinigers, den Sie in Ihrem \u00f6rtlichen Fliesengesch\u00e4ft erwerben k\u00f6nnen. Bitte verwenden Sie keine chemischen Produkte oder solche, die Bleichmittel, Laugen, Ammoniak, Essig, Alkohol, abrasive S\u00e4uren oder korrosive Substanzen enthalten. Vermeiden Sie es, die Oberfl\u00e4chen mit Schw\u00e4mmen, Drahtwolle, B\u00fcrsten oder abrasiven T\u00fcchern zu zerkratzen.<\/p><p>Bitte gehen Sie vorsichtig mit den Objekten um, wenn diese nass sind, da sie rutschig sein k\u00f6nnten und Sch\u00e4den durch Herunterfallen verursachen k\u00f6nnten. Wir empfehlen, das Objekt vollst\u00e4ndig zu trocknen, bevor Sie es anheben. Eine regelm\u00e4\u00dfige und sorgf\u00e4ltige Reinigung sowie Pflege erm\u00f6glichen es Ihnen, die pr\u00e4chtigen Accessoires aus Naturstein \u00fcber lange Zeit hinweg zu genie\u00dfen. Sie wurden speziell entworfen, um den Stil Ihres Zuhauses zu betonen und ihm eine unverwechselbare und exklusive Note zu verleihen.<\/p>\t\t\t\t\t\t\t\t<\/div>\n\t\t\t\t<\/div>\n\t\t\t\t<\/div>\n\t\t\t\t\t<\/div>\n\t\t\t\t<\/div>\n\t\t\t\t<\/div>\n\t\t","protected":false},"excerpt":{"rendered":"<p>Produktpflege Verwenden Sie unsere Tipps, um die Produkte zu pflegen Waschbecken Um die Sch\u00f6nheit Ihres Waschbeckens aus Naturstein zu erhalten, wird empfohlen, die Oberfl\u00e4che mit einem weichen Tuch oder einer Nylonb\u00fcrste zu reinigen, die mit neutralem Sp\u00fclmittel (darauf achten, dass es nicht zitrushaltig ist) oder mit einem speziellen Steinseife angefeuchtet ist. Nach der Reinigung sollten [&hellip;]<\/p>\n","protected":false},"author":4,"featured_media":0,"parent":0,"menu_order":0,"comment_status":"closed","ping_status":"closed","template":"full-width.php","meta":{"_acf_changed":false,"_joinchat":[],"footnotes":""},"class_list":["post-11052","page","type-page","status-publish","hentry"],"acf":[],"_links":{"self":[{"href":"https:\/\/forzini.com\/de\/wp-json\/wp\/v2\/pages\/11052","targetHints":{"allow":["GET"]}}],"collection":[{"href":"https:\/\/forzini.com\/de\/wp-json\/wp\/v2\/pages"}],"about":[{"href":"https:\/\/forzini.com\/de\/wp-json\/wp\/v2\/types\/page"}],"author":[{"embeddable":true,"href":"https:\/\/forzini.com\/de\/wp-json\/wp\/v2\/users\/4"}],"replies":[{"embeddable":true,"href":"https:\/\/forzini.com\/de\/wp-json\/wp\/v2\/comments?post=11052"}],"version-history":[{"count":0,"href":"https:\/\/forzini.com\/de\/wp-json\/wp\/v2\/pages\/11052\/revisions"}],"wp:attachment":[{"href":"https:\/\/forzini.com\/de\/wp-json\/wp\/v2\/media?parent=11052"}],"curies":[{"name":"wp","href":"https:\/\/api.w.org\/{rel}","templated":true}]}}