{"id":11029,"date":"2024-02-12T12:18:25","date_gmt":"2024-02-12T11:18:25","guid":{"rendered":"https:\/\/forzini.com\/nosotros\/"},"modified":"2025-12-08T18:13:27","modified_gmt":"2025-12-08T17:13:27","slug":"ueber-uns","status":"publish","type":"page","link":"https:\/\/forzini.com\/de\/ueber-uns\/","title":{"rendered":"\u00dcBER UNS"},"content":{"rendered":"\t\t<div data-elementor-type=\"wp-page\" data-elementor-id=\"11029\" class=\"elementor elementor-11029 elementor-61\">\n\t\t\t\t<div class=\"elementor-element elementor-element-8829486 e-con-full e-flex e-con e-parent\" data-id=\"8829486\" data-element_type=\"container\" data-e-type=\"container\" data-settings=\"{&quot;background_background&quot;:&quot;classic&quot;}\">\n\t\t<div class=\"elementor-element elementor-element-19926f9 e-grid e-con-boxed e-con e-child\" data-id=\"19926f9\" data-element_type=\"container\" data-e-type=\"container\">\n\t\t\t\t\t<div class=\"e-con-inner\">\n\t\t\t\t<div class=\"elementor-element elementor-element-b835628 animated-slow elementor-invisible elementor-widget elementor-widget-text-editor\" data-id=\"b835628\" data-element_type=\"widget\" data-e-type=\"widget\" data-settings=\"{&quot;_animation&quot;:&quot;fadeInUp&quot;}\" data-widget_type=\"text-editor.default\">\n\t\t\t\t<div class=\"elementor-widget-container\">\n\t\t\t\t\t\t\t\t\t<h2 style=\"text-align: center;\"><strong>\u00dcBER UNS<\/strong><\/h2><p style=\"text-align: center;\">Unsere Geschichte beginnt in der Erde \u2014 nicht in Trends. Die Natur gibt den Rhythmus vor; wir formen das Meisterwerk. Wir w\u00e4hlen Steine mit Charakter von Hand aus und gestalten daraus St\u00fccke, die jene R\u00e4ume erheben, die den Menschen am meisten am Herzen liegen: ihre H\u00e4user.<\/p>\t\t\t\t\t\t\t\t<\/div>\n\t\t\t\t<\/div>\n\t\t\t\t<div class=\"elementor-element elementor-element-39e675e elementor-widget elementor-widget-raven-image\" data-id=\"39e675e\" data-element_type=\"widget\" data-e-type=\"widget\" data-widget_type=\"raven-image.default\">\n\t\t\t\t<div class=\"elementor-widget-container\">\n\t\t\t\t\t\t\t<div class=\"raven-image\">\n\t\t\n\t\t\n\t\t<img loading=\"lazy\" decoding=\"async\" width=\"1024\" height=\"1024\" src=\"https:\/\/forzini.com\/wp-content\/uploads\/2025\/12\/pink-onyx-raw-block-Forzini-1024x1024.jpg\" class=\"attachment-large size-large wp-image-22000\" alt=\"\" srcset=\"https:\/\/forzini.com\/wp-content\/uploads\/2025\/12\/pink-onyx-raw-block-Forzini-1024x1024.jpg 1024w, https:\/\/forzini.com\/wp-content\/uploads\/2025\/12\/pink-onyx-raw-block-Forzini-300x300.jpg 300w, https:\/\/forzini.com\/wp-content\/uploads\/2025\/12\/pink-onyx-raw-block-Forzini-150x150.jpg 150w, https:\/\/forzini.com\/wp-content\/uploads\/2025\/12\/pink-onyx-raw-block-Forzini-768x768.jpg 768w, https:\/\/forzini.com\/wp-content\/uploads\/2025\/12\/pink-onyx-raw-block-Forzini-500x500.jpg 500w, https:\/\/forzini.com\/wp-content\/uploads\/2025\/12\/pink-onyx-raw-block-Forzini-600x600.jpg 600w, https:\/\/forzini.com\/wp-content\/uploads\/2025\/12\/pink-onyx-raw-block-Forzini-100x100.jpg 100w, https:\/\/forzini.com\/wp-content\/uploads\/2025\/12\/pink-onyx-raw-block-Forzini.jpg 1080w\" sizes=\"auto, (max-width: 1024px) 100vw, 1024px\" \/>\t\t<\/div>\n\t\t\t\t\t\t<\/div>\n\t\t\t\t<\/div>\n\t\t\t\t\t<\/div>\n\t\t\t\t<\/div>\n\t\t\t\t<\/div>\n\t\t<div class=\"elementor-element elementor-element-fd91bbf e-con-full e-flex e-con e-parent\" data-id=\"fd91bbf\" data-element_type=\"container\" data-e-type=\"container\" data-settings=\"{&quot;background_background&quot;:&quot;classic&quot;}\">\n\t\t<div class=\"elementor-element elementor-element-143c747 e-grid e-con-boxed e-con e-child\" data-id=\"143c747\" data-element_type=\"container\" data-e-type=\"container\">\n\t\t\t\t\t<div class=\"e-con-inner\">\n\t\t\t\t<div class=\"elementor-element elementor-element-30e0f77 elementor-widget elementor-widget-image\" data-id=\"30e0f77\" data-element_type=\"widget\" data-e-type=\"widget\" data-widget_type=\"image.default\">\n\t\t\t\t<div class=\"elementor-widget-container\">\n\t\t\t\t\t\t\t\t\t\t\t\t\t\t\t<img loading=\"lazy\" decoding=\"async\" width=\"1024\" height=\"1024\" src=\"https:\/\/forzini.com\/wp-content\/uploads\/2025\/12\/selection-of-blocks-onyx-stone-Forzini-1024x1024.jpg\" class=\"attachment-large size-large wp-image-22008\" alt=\"\" srcset=\"https:\/\/forzini.com\/wp-content\/uploads\/2025\/12\/selection-of-blocks-onyx-stone-Forzini-1024x1024.jpg 1024w, https:\/\/forzini.com\/wp-content\/uploads\/2025\/12\/selection-of-blocks-onyx-stone-Forzini-300x300.jpg 300w, https:\/\/forzini.com\/wp-content\/uploads\/2025\/12\/selection-of-blocks-onyx-stone-Forzini-150x150.jpg 150w, https:\/\/forzini.com\/wp-content\/uploads\/2025\/12\/selection-of-blocks-onyx-stone-Forzini-768x768.jpg 768w, https:\/\/forzini.com\/wp-content\/uploads\/2025\/12\/selection-of-blocks-onyx-stone-Forzini-500x500.jpg 500w, https:\/\/forzini.com\/wp-content\/uploads\/2025\/12\/selection-of-blocks-onyx-stone-Forzini-600x600.jpg 600w, https:\/\/forzini.com\/wp-content\/uploads\/2025\/12\/selection-of-blocks-onyx-stone-Forzini-100x100.jpg 100w, https:\/\/forzini.com\/wp-content\/uploads\/2025\/12\/selection-of-blocks-onyx-stone-Forzini.jpg 1080w\" sizes=\"auto, (max-width: 1024px) 100vw, 1024px\" \/>\t\t\t\t\t\t\t\t\t\t\t\t\t\t\t<\/div>\n\t\t\t\t<\/div>\n\t\t\t\t<div class=\"elementor-element elementor-element-c93abed animated-slow elementor-invisible elementor-widget elementor-widget-text-editor\" data-id=\"c93abed\" data-element_type=\"widget\" data-e-type=\"widget\" data-settings=\"{&quot;_animation&quot;:&quot;fadeInUp&quot;}\" data-widget_type=\"text-editor.default\">\n\t\t\t\t<div class=\"elementor-widget-container\">\n\t\t\t\t\t\t\t\t\t<h2 style=\"text-align: center;\"><span style=\"color: #ffffff;\"><strong>WIR SIND&#8230;.<\/strong><\/span><\/h2><p style=\"text-align: center;\">Mit Wurzeln in Generationen von Geologen wissen wir, wie sich echte Qualit\u00e4t anf\u00fchlt. Wir reisen, wir w\u00e4hlen aus, wir gestalten \u2014 und verbinden handwerkliches K\u00f6nnen mit einem Design, das sich weigert, im Hintergrund zu verschwinden. Jedes St\u00fcck ist funktional, langlebig, luxuri\u00f6s und unverkennbar.<\/p><p style=\"text-align: center;\">Wir glauben an die St\u00e4rke des Steins und an die Individualit\u00e4t jedes Zuhauses. An Materialien, die Bestand haben, an ein Handwerk, das Bedeutung tr\u00e4gt, und an Kreationen, die sofort eine Verbindung schaffen, sobald sie Teil eines Raumes werden.<\/p><p>\u00a0<\/p>\t\t\t\t\t\t\t\t<\/div>\n\t\t\t\t<\/div>\n\t\t\t\t\t<\/div>\n\t\t\t\t<\/div>\n\t\t\t\t<\/div>\n\t\t<div class=\"elementor-element elementor-element-4b31f50 e-con-full e-flex e-con e-parent\" data-id=\"4b31f50\" data-element_type=\"container\" data-e-type=\"container\" data-settings=\"{&quot;background_background&quot;:&quot;classic&quot;}\">\n\t\t<div class=\"elementor-element elementor-element-419a8b0 e-grid e-con-boxed e-con e-child\" data-id=\"419a8b0\" data-element_type=\"container\" data-e-type=\"container\">\n\t\t\t\t\t<div class=\"e-con-inner\">\n\t\t\t\t<div class=\"elementor-element elementor-element-b31adf7 animated-slow elementor-invisible elementor-widget elementor-widget-text-editor\" data-id=\"b31adf7\" data-element_type=\"widget\" data-e-type=\"widget\" data-settings=\"{&quot;_animation&quot;:&quot;fadeInUp&quot;}\" data-widget_type=\"text-editor.default\">\n\t\t\t\t<div class=\"elementor-widget-container\">\n\t\t\t\t\t\t\t\t\t<h2 style=\"text-align: center;\"><strong>UNSER WESEN&#8230;<\/strong><\/h2><p>\u00a0<\/p><p style=\"text-align: center;\">Wir gestalten mit Leidenschaft, damit Ihre Innenr\u00e4ume Selbstvertrauen, Charakter und reine Eleganz ausstrahlen. Jeder Stein wird mit Bedacht ausgew\u00e4hlt, jedes Design geschaffen, um sich abzuheben. Denn Ihr Zuhause verdient etwas so Einzigartiges wie Sie selbst.<\/p>\t\t\t\t\t\t\t\t<\/div>\n\t\t\t\t<\/div>\n\t\t\t\t<div class=\"elementor-element elementor-element-aca7914 elementor-widget elementor-widget-image\" data-id=\"aca7914\" data-element_type=\"widget\" data-e-type=\"widget\" data-widget_type=\"image.default\">\n\t\t\t\t<div class=\"elementor-widget-container\">\n\t\t\t\t\t\t\t\t\t\t\t\t\t\t\t<img loading=\"lazy\" decoding=\"async\" width=\"1024\" height=\"1024\" src=\"https:\/\/forzini.com\/wp-content\/uploads\/2025\/12\/Forzini-company-1024x1024.jpg\" class=\"attachment-large size-large wp-image-22039\" alt=\"\" srcset=\"https:\/\/forzini.com\/wp-content\/uploads\/2025\/12\/Forzini-company-1024x1024.jpg 1024w, https:\/\/forzini.com\/wp-content\/uploads\/2025\/12\/Forzini-company-300x300.jpg 300w, https:\/\/forzini.com\/wp-content\/uploads\/2025\/12\/Forzini-company-150x150.jpg 150w, https:\/\/forzini.com\/wp-content\/uploads\/2025\/12\/Forzini-company-768x768.jpg 768w, https:\/\/forzini.com\/wp-content\/uploads\/2025\/12\/Forzini-company-500x500.jpg 500w, https:\/\/forzini.com\/wp-content\/uploads\/2025\/12\/Forzini-company-600x600.jpg 600w, https:\/\/forzini.com\/wp-content\/uploads\/2025\/12\/Forzini-company-100x100.jpg 100w, https:\/\/forzini.com\/wp-content\/uploads\/2025\/12\/Forzini-company.jpg 1080w\" sizes=\"auto, (max-width: 1024px) 100vw, 1024px\" \/>\t\t\t\t\t\t\t\t\t\t\t\t\t\t\t<\/div>\n\t\t\t\t<\/div>\n\t\t\t\t\t<\/div>\n\t\t\t\t<\/div>\n\t\t\t\t<\/div>\n\t\t\t\t<\/div>\n\t\t","protected":false},"excerpt":{"rendered":"<p>\u00dcBER UNS Unsere Geschichte beginnt in der Erde \u2014 nicht in Trends. Die Natur gibt den Rhythmus vor; wir formen das Meisterwerk. Wir w\u00e4hlen Steine mit Charakter von Hand aus und gestalten daraus St\u00fccke, die jene R\u00e4ume erheben, die den Menschen am meisten am Herzen liegen: ihre H\u00e4user. WIR SIND&#8230;. Mit Wurzeln in Generationen von [&hellip;]<\/p>\n","protected":false},"author":4,"featured_media":0,"parent":0,"menu_order":0,"comment_status":"closed","ping_status":"closed","template":"elementor_header_footer","meta":{"_acf_changed":false,"_joinchat":[],"footnotes":""},"class_list":["post-11029","page","type-page","status-publish","hentry"],"acf":[],"_links":{"self":[{"href":"https:\/\/forzini.com\/de\/wp-json\/wp\/v2\/pages\/11029","targetHints":{"allow":["GET"]}}],"collection":[{"href":"https:\/\/forzini.com\/de\/wp-json\/wp\/v2\/pages"}],"about":[{"href":"https:\/\/forzini.com\/de\/wp-json\/wp\/v2\/types\/page"}],"author":[{"embeddable":true,"href":"https:\/\/forzini.com\/de\/wp-json\/wp\/v2\/users\/4"}],"replies":[{"embeddable":true,"href":"https:\/\/forzini.com\/de\/wp-json\/wp\/v2\/comments?post=11029"}],"version-history":[{"count":0,"href":"https:\/\/forzini.com\/de\/wp-json\/wp\/v2\/pages\/11029\/revisions"}],"wp:attachment":[{"href":"https:\/\/forzini.com\/de\/wp-json\/wp\/v2\/media?parent=11029"}],"curies":[{"name":"wp","href":"https:\/\/api.w.org\/{rel}","templated":true}]}}