{"id":10982,"date":"2024-03-14T11:26:26","date_gmt":"2024-03-14T10:26:26","guid":{"rendered":"https:\/\/forzini.com\/politica-de-cookies\/"},"modified":"2025-04-13T20:24:30","modified_gmt":"2025-04-13T18:24:30","slug":"cookie-richtlinie","status":"publish","type":"page","link":"https:\/\/forzini.com\/de\/cookie-richtlinie\/","title":{"rendered":"Cookie-Richtlinie"},"content":{"rendered":"<p class=\"\" data-start=\"139\" data-end=\"160\"><strong data-start=\"139\" data-end=\"160\">Cookie-Richtlinie<\/strong><\/p>\n<p class=\"\" data-start=\"162\" data-end=\"562\">In diesem Dokument werden den Nutzerinnen und Nutzern der Website <a class=\"\" href=\"https:\/\/forzini.com\" target=\"_new\" rel=\"noopener\" data-start=\"228\" data-end=\"251\">https:\/\/forzini.com<\/a> (im Folgenden \u201edie Website\u201c) Informationen \u00fcber die verwendeten Cookies zur Verf\u00fcgung gestellt, gem\u00e4\u00df der Richtlinie 2009\/136\/EG, umgesetzt im nationalen Recht durch Artikel 22 Absatz 2 des Gesetzes \u00fcber Dienste der Informationsgesellschaft und im Einklang mit den Leitlinien der spanischen Datenschutzbeh\u00f6rde.<\/p>\n<p class=\"\" data-start=\"564\" data-end=\"585\"><strong data-start=\"564\" data-end=\"585\">Was sind Cookies?<\/strong><\/p>\n<p class=\"\" data-start=\"587\" data-end=\"1105\">Cookies sind kleine Textdateien, die eine vom Nutzer besuchte Website an dessen Endger\u00e4t (in der Regel an den Webbrowser) sendet, wo sie gespeichert werden, um bei einem sp\u00e4teren Besuch erneut an dieselbe Website \u00fcbermittelt zu werden. W\u00e4hrend der Nutzung k\u00f6nnen auch Cookies von anderen Websites oder Webservern (\u201eDrittanbieter\u201c) auf das Endger\u00e4t gesendet werden, auf denen sich Elemente (z.\u202fB. Bilder, Karten, T\u00f6ne, spezifische Links zu Seiten anderer Domains) befinden, die in die besuchte Website eingebunden sind.<\/p>\n<p class=\"\" data-start=\"1107\" data-end=\"1371\">In der Regel sind viele Cookies in den Browsern der Nutzer gespeichert. Sie k\u00f6nnen unterschiedlich lange bestehen bleiben und dienen verschiedenen Zwecken: Anmeldung, Sitzungsverfolgung, Speicherung benutzerspezifischer Einstellungen beim Zugriff auf einen Server.<\/p>\n<p class=\"\" data-start=\"1373\" data-end=\"1534\">Cookies unterscheiden sich je nach Verwendungszweck. Auf dieser Grundlage werden sie in zwei Kategorien eingeteilt: technische Cookies und Profilierungs-Cookies.<\/p>\n<p class=\"\" data-start=\"1536\" data-end=\"1558\"><strong data-start=\"1536\" data-end=\"1558\">Technische Cookies<\/strong><\/p>\n<p class=\"\" data-start=\"1560\" data-end=\"1840\">Technische Cookies dienen ausschlie\u00dflich dem Zweck, eine Kommunikation \u00fcber ein elektronisches Kommunikationsnetz zu erm\u00f6glichen, oder sind unbedingt erforderlich, um einen vom Nutzer angeforderten Dienst bereitzustellen. Sie werden in der Regel vom Betreiber der Website gesetzt.<\/p>\n<p class=\"\" data-start=\"1842\" data-end=\"1867\"><strong data-start=\"1842\" data-end=\"1867\">Profilierungs-Cookies<\/strong><\/p>\n<p class=\"\" data-start=\"1869\" data-end=\"2047\">Profilierungs-Cookies sollen Nutzerprofile erstellen und werden verwendet, um dem Nutzer Werbung entsprechend seiner w\u00e4hrend der Internetnutzung gezeigten Pr\u00e4ferenzen anzuzeigen.<\/p>\n<p class=\"\" data-start=\"2049\" data-end=\"2079\"><strong data-start=\"2049\" data-end=\"2079\">Cookies von Drittanbietern<\/strong><\/p>\n<p class=\"\" data-start=\"2081\" data-end=\"2307\">Cookies k\u00f6nnen nicht nur vom Betreiber der besuchten Website auf dem Endger\u00e4t installiert werden, sondern auch von Betreibern anderer Websites, die \u00fcber die besuchte Website Cookies setzen (sogenannte \u201eDrittanbieter-Cookies\u201c).<\/p>\n<p class=\"\" data-start=\"2309\" data-end=\"2355\"><strong data-start=\"2309\" data-end=\"2355\">Verwendete Cookie-Arten auf dieser Website<\/strong><\/p>\n<p class=\"\" data-start=\"2357\" data-end=\"2379\"><strong data-start=\"2357\" data-end=\"2379\">Technische Cookies<\/strong><\/p>\n<p class=\"\" data-start=\"2381\" data-end=\"2564\">Diese Website verwendet technische Cookies, die es erm\u00f6glichen, wiederkehrende Nutzer zu erkennen und deren Daten zu speichern, damit sie nicht jedes Mal neu eingegeben werden m\u00fcssen.<\/p>\n<p class=\"\" data-start=\"2566\" data-end=\"2670\">F\u00fcr die Installation und Nutzung dieser Cookies ist keine vorherige Zustimmung des Nutzers erforderlich.<\/p>\n<p class=\"\" data-start=\"2672\" data-end=\"2733\">Folgende technische Cookies werden auf der Website verwendet:<\/p>\n<p class=\"\" data-start=\"2735\" data-end=\"2772\"><strong data-start=\"2735\" data-end=\"2772\">Navigations- oder Sitzungscookies<\/strong><\/p>\n<p class=\"\" data-start=\"2774\" data-end=\"3021\">Diese erm\u00f6glichen die normale Navigation und Nutzung der Website. Zum Beispiel erm\u00f6glichen sie es dem Nutzer, einen Kauf zu t\u00e4tigen oder sich in gesch\u00fctzte Bereiche einzuloggen. Diese Cookies sind f\u00fcr die optimale Nutzung der Website erforderlich.<\/p>\n<p class=\"\" data-start=\"3023\" data-end=\"3309\">Obwohl technische Cookies keiner vorherigen Zustimmung bed\u00fcrfen, k\u00f6nnen sie vom Nutzer \u00fcber die Browsereinstellungen verwaltet werden (siehe Abschnitt \u201eVerwaltung der Cookie-Einstellungen\u201c). Das L\u00f6schen dieser Cookies kann jedoch die ordnungsgem\u00e4\u00dfe Funktion der Website beeintr\u00e4chtigen.<\/p>\n<p class=\"\" data-start=\"3311\" data-end=\"3330\"><strong data-start=\"3311\" data-end=\"3330\">Analyse-Cookies<\/strong><\/p>\n<p class=\"\" data-start=\"3332\" data-end=\"3514\">Diese Cookies sammeln statistische Informationen \u00fcber die Anzahl der Nutzer und deren Nutzungsverhalten auf der Website. Diese Informationen werden aggregiert und anonym verarbeitet.<\/p>\n<div class=\"pointer-events-none relative left-[50%]! flex w-[100cqw] translate-x-[-50%] justify-center *:pointer-events-auto\">\n<div class=\"tableContainer horzScrollShadows\">\n<table class=\"min-w-full\" data-start=\"3516\" data-end=\"4221\">\n<thead data-start=\"3516\" data-end=\"3592\">\n<tr data-start=\"3516\" data-end=\"3592\">\n<th data-start=\"3516\" data-end=\"3541\"><strong data-start=\"3518\" data-end=\"3540\">Verwendete Cookies<\/strong><\/th>\n<th data-start=\"3541\" data-end=\"3571\"><strong data-start=\"3543\" data-end=\"3570\">Eigenschaften und Zweck<\/strong><\/th>\n<th data-start=\"3571\" data-end=\"3592\"><strong data-start=\"3573\" data-end=\"3590\">Speicherdauer<\/strong><\/th>\n<\/tr>\n<\/thead>\n<tbody data-start=\"3671\" data-end=\"4221\">\n<tr data-start=\"3671\" data-end=\"3740\">\n<td class=\"max-w-[calc(var(--thread-content-max-width)*2\/3)]\" data-start=\"3671\" data-end=\"3696\">cookie_consent<\/td>\n<td class=\"max-w-[calc(var(--thread-content-max-width)*2\/3)]\" data-start=\"3696\" data-end=\"3729\">Cookie-Banner zur Einwilligung<\/td>\n<td class=\"max-w-[calc(var(--thread-content-max-width)*2\/3)]\" data-start=\"3729\" data-end=\"3740\">2 Jahre<\/td>\n<\/tr>\n<tr data-start=\"3741\" data-end=\"3877\">\n<td class=\"max-w-[calc(var(--thread-content-max-width)*2\/3)] min-w-[calc(var(--thread-content-max-width)\/3)]\" data-start=\"3741\" data-end=\"3799\">Forzini_session, guest_token, _signup_pvs, _signup_type<\/td>\n<td class=\"max-w-[calc(var(--thread-content-max-width)*2\/3)] min-w-[calc(var(--thread-content-max-width)\/3)]\" data-start=\"3799\" data-end=\"3843\">Technische Cookies zur Sitzungsverfolgung<\/td>\n<td class=\"max-w-[calc(var(--thread-content-max-width)*2\/3)]\" data-start=\"3843\" data-end=\"3877\">Bis zum Schlie\u00dfen des Browsers<\/td>\n<\/tr>\n<tr data-start=\"3878\" data-end=\"3956\">\n<td class=\"max-w-[calc(var(--thread-content-max-width)*2\/3)]\" data-start=\"3878\" data-end=\"3903\">_ga<\/td>\n<td class=\"max-w-[calc(var(--thread-content-max-width)*2\/3)]\" data-start=\"3903\" data-end=\"3945\">Google Analytics \u2013 Leistungs\u00fcberwachung<\/td>\n<td class=\"max-w-[calc(var(--thread-content-max-width)*2\/3)]\" data-start=\"3945\" data-end=\"3956\">2 Jahre<\/td>\n<\/tr>\n<tr data-start=\"3957\" data-end=\"4033\">\n<td class=\"max-w-[calc(var(--thread-content-max-width)*2\/3)]\" data-start=\"3957\" data-end=\"3982\">_gid<\/td>\n<td class=\"max-w-[calc(var(--thread-content-max-width)*2\/3)]\" data-start=\"3982\" data-end=\"4024\">Google Analytics \u2013 Leistungs\u00fcberwachung<\/td>\n<td class=\"max-w-[calc(var(--thread-content-max-width)*2\/3)]\" data-start=\"4024\" data-end=\"4033\">1 Tag<\/td>\n<\/tr>\n<tr data-start=\"4034\" data-end=\"4135\">\n<td class=\"max-w-[calc(var(--thread-content-max-width)*2\/3)]\" data-start=\"4034\" data-end=\"4059\">_gat<\/td>\n<td class=\"max-w-[calc(var(--thread-content-max-width)*2\/3)]\" data-start=\"4059\" data-end=\"4101\">Google Analytics \u2013 Leistungs\u00fcberwachung<\/td>\n<td class=\"max-w-[calc(var(--thread-content-max-width)*2\/3)]\" data-start=\"4101\" data-end=\"4135\">Bis zum Schlie\u00dfen des Browsers<\/td>\n<\/tr>\n<tr data-start=\"4136\" data-end=\"4221\">\n<td class=\"max-w-[calc(var(--thread-content-max-width)*2\/3)] min-w-[calc(var(--thread-content-max-width)\/3)]\" data-start=\"4136\" data-end=\"4181\">zaius_js_version, z_idsyncs, z_customer_id<\/td>\n<td class=\"max-w-[calc(var(--thread-content-max-width)*2\/3)]\" data-start=\"4181\" data-end=\"4210\">E-Mail-Marketing-Plattform<\/td>\n<td class=\"max-w-[calc(var(--thread-content-max-width)*2\/3)]\" data-start=\"4210\" data-end=\"4221\">2 Jahre<\/td>\n<\/tr>\n<\/tbody>\n<\/table>\n<\/div>\n<\/div>\n<p class=\"\" data-start=\"4223\" data-end=\"4349\">Diese Website verwendet Analyse-Cookies von Drittanbietern. Details dazu finden Sie im Abschnitt \u201eCookies von Drittanbietern\u201c.<\/p>\n<p class=\"\" data-start=\"4351\" data-end=\"4386\"><strong data-start=\"4351\" data-end=\"4386\">Werbe-Cookies auf Partnerseiten<\/strong><\/p>\n<p class=\"\" data-start=\"4388\" data-end=\"4704\">Diese Website wird auf mehreren Drittanbieter-Webseiten beworben. Um zu verhindern, dass dem Nutzer dieselbe Werbung zu h\u00e4ufig angezeigt wird, werden Cookies eingesetzt. Diese Cookies erfassen keine personenbezogenen Daten. Um diese Cookies zu deaktivieren, siehe den Abschnitt \u201eVerwaltung der Cookie-Einstellungen\u201c.<\/p>\n<p class=\"\" data-start=\"4706\" data-end=\"4736\"><strong data-start=\"4706\" data-end=\"4736\">Cookies von Drittanbietern<\/strong><\/p>\n<p class=\"\" data-start=\"4738\" data-end=\"4789\">Diese Website verwendet Cookies von Drittanbietern.<\/p>\n<p class=\"\" data-start=\"4791\" data-end=\"5062\">Die Website hat keinen direkten Einfluss auf Cookies von Drittanbietern (sie kann diese weder setzen noch l\u00f6schen). Nutzer k\u00f6nnen diese Cookies jedoch \u00fcber ihre Browsereinstellungen oder \u00fcber die in der folgenden Tabelle angegebenen Links und Opt-out-Formulare verwalten.<\/p>\n<div class=\"pointer-events-none relative left-[50%]! flex w-[100cqw] translate-x-[-50%] justify-center *:pointer-events-auto\">\n<div class=\"tableContainer horzScrollShadows\">\n<table class=\"min-w-full\" data-start=\"5064\" data-end=\"6030\">\n<thead data-start=\"5064\" data-end=\"5141\">\n<tr data-start=\"5064\" data-end=\"5141\">\n<th data-start=\"5064\" data-end=\"5092\"><strong data-start=\"5066\" data-end=\"5091\">Drittanbieter-Cookies<\/strong><\/th>\n<th data-start=\"5092\" data-end=\"5102\"><strong data-start=\"5094\" data-end=\"5101\">Typ<\/strong><\/th>\n<th data-start=\"5102\" data-end=\"5141\"><strong data-start=\"5104\" data-end=\"5139\">Weitere Informationen \/ Opt-Out<\/strong><\/th>\n<\/tr>\n<\/thead>\n<tbody data-start=\"5220\" data-end=\"6030\">\n<tr data-start=\"5220\" data-end=\"5321\">\n<td class=\"max-w-[calc(var(--thread-content-max-width)*2\/3)]\" data-start=\"5220\" data-end=\"5250\">Meta (Facebook &#8211; Instagram)<\/td>\n<td class=\"max-w-[calc(var(--thread-content-max-width)*2\/3)]\" data-start=\"5250\" data-end=\"5279\">Interessenbasierte Werbung<\/td>\n<td class=\"max-w-[calc(var(--thread-content-max-width)*2\/3)]\" data-start=\"5279\" data-end=\"5321\"><a class=\"\" href=\"http:\/\/www.facebook.com\/about\/privacy\/\" target=\"_new\" rel=\"noopener\" data-start=\"5281\" data-end=\"5319\">http:\/\/www.facebook.com\/about\/privacy\/<\/a><\/td>\n<\/tr>\n<tr data-start=\"5322\" data-end=\"5445\">\n<td class=\"max-w-[calc(var(--thread-content-max-width)*2\/3)]\" data-start=\"5322\" data-end=\"5353\">Google (AdWords Remarketing)<\/td>\n<td class=\"max-w-[calc(var(--thread-content-max-width)*2\/3)]\" data-start=\"5353\" data-end=\"5382\">Interessenbasierte Werbung<\/td>\n<td class=\"max-w-[calc(var(--thread-content-max-width)*2\/3)] min-w-[calc(var(--thread-content-max-width)\/3)]\" data-start=\"5382\" data-end=\"5445\"><a target=\"_new\" rel=\"noopener\" data-start=\"5384\" data-end=\"5443\">https:\/\/www.google.com\/settings\/u\/0\/ads\/authenticated?hl=de<\/a><\/td>\n<\/tr>\n<tr data-start=\"5446\" data-end=\"5528\">\n<td class=\"max-w-[calc(var(--thread-content-max-width)*2\/3)]\" data-start=\"5446\" data-end=\"5474\">Google (Google Analytics)<\/td>\n<td class=\"max-w-[calc(var(--thread-content-max-width)*2\/3)]\" data-start=\"5474\" data-end=\"5484\">Analyse<\/td>\n<td class=\"max-w-[calc(var(--thread-content-max-width)*2\/3)]\" data-start=\"5484\" data-end=\"5528\"><a class=\"\" href=\"https:\/\/tools.google.com\/dlpage\/gaoptout\" target=\"_new\" rel=\"noopener\" data-start=\"5486\" data-end=\"5526\">https:\/\/tools.google.com\/dlpage\/gaoptout<\/a><\/td>\n<\/tr>\n<tr data-start=\"5529\" data-end=\"5667\">\n<td class=\"max-w-[calc(var(--thread-content-max-width)*2\/3)] min-w-[calc(var(--thread-content-max-width)\/3)]\" data-start=\"5529\" data-end=\"5575\">Google \/ DoubleClick (Channel Intelligence)<\/td>\n<td class=\"max-w-[calc(var(--thread-content-max-width)*2\/3)]\" data-start=\"5575\" data-end=\"5604\">Interessenbasierte Werbung<\/td>\n<td class=\"max-w-[calc(var(--thread-content-max-width)*2\/3)] min-w-[calc(var(--thread-content-max-width)\/3)]\" data-start=\"5604\" data-end=\"5667\"><a target=\"_new\" rel=\"noopener\" data-start=\"5606\" data-end=\"5665\">https:\/\/www.google.com\/settings\/u\/0\/ads\/authenticated?hl=de<\/a><\/td>\n<\/tr>\n<tr data-start=\"5668\" data-end=\"5801\">\n<td class=\"max-w-[calc(var(--thread-content-max-width)*2\/3)]\" data-start=\"5668\" data-end=\"5709\">Google \/ DoubleClick (DoubleClick DPA)<\/td>\n<td class=\"max-w-[calc(var(--thread-content-max-width)*2\/3)]\" data-start=\"5709\" data-end=\"5738\">Interessenbasierte Werbung<\/td>\n<td class=\"max-w-[calc(var(--thread-content-max-width)*2\/3)] min-w-[calc(var(--thread-content-max-width)\/3)]\" data-start=\"5738\" data-end=\"5801\"><a target=\"_new\" rel=\"noopener\" data-start=\"5740\" data-end=\"5799\">https:\/\/www.google.com\/settings\/u\/0\/ads\/authenticated?hl=de<\/a><\/td>\n<\/tr>\n<tr data-start=\"5802\" data-end=\"5930\">\n<td class=\"max-w-[calc(var(--thread-content-max-width)*2\/3)]\" data-start=\"5802\" data-end=\"5838\">Google \/ DoubleClick (Floodlight)<\/td>\n<td class=\"max-w-[calc(var(--thread-content-max-width)*2\/3)]\" data-start=\"5838\" data-end=\"5867\">Interessenbasierte Werbung<\/td>\n<td class=\"max-w-[calc(var(--thread-content-max-width)*2\/3)] min-w-[calc(var(--thread-content-max-width)\/3)]\" data-start=\"5867\" data-end=\"5930\"><a target=\"_new\" rel=\"noopener\" data-start=\"5869\" data-end=\"5928\">https:\/\/www.google.com\/settings\/u\/0\/ads\/authenticated?hl=de<\/a><\/td>\n<\/tr>\n<tr data-start=\"5931\" data-end=\"6030\">\n<td class=\"max-w-[calc(var(--thread-content-max-width)*2\/3)]\" data-start=\"5931\" data-end=\"5942\">LinkedIn<\/td>\n<td class=\"max-w-[calc(var(--thread-content-max-width)*2\/3)]\" data-start=\"5942\" data-end=\"5952\">Analyse<\/td>\n<td class=\"max-w-[calc(var(--thread-content-max-width)*2\/3)] min-w-[calc(var(--thread-content-max-width)\/3)]\" data-start=\"5952\" data-end=\"6030\"><a class=\"\" href=\"https:\/\/www.linkedin.com\/psettings\/guest-controls\/retargeting-opt-out?trk=\" target=\"_new\" rel=\"noopener\" data-start=\"5954\" data-end=\"6028\">https:\/\/www.linkedin.com\/psettings\/guest-controls\/retargeting-opt-out?trk=<\/a><\/td>\n<\/tr>\n<\/tbody>\n<\/table>\n<\/div>\n<\/div>\n<p class=\"\" data-start=\"6032\" data-end=\"6071\"><strong data-start=\"6032\" data-end=\"6071\">Verwaltung der Cookie-Einstellungen<\/strong><\/p>\n<p class=\"\" data-start=\"6073\" data-end=\"6341\">Nutzer k\u00f6nnen einige oder alle von dieser Website verwendeten Cookies \u00fcber die Einstellungen ihres Browsers l\u00f6schen. Die Deaktivierung technischer Cookies kann jedoch die Funktionalit\u00e4t der Website einschr\u00e4nken oder zu einer eingeschr\u00e4nkten Dienstverf\u00fcgbarkeit f\u00fchren.<\/p>\n<p class=\"\" data-start=\"6343\" data-end=\"6420\">Nachfolgend finden Sie Anleitungen zur Cookie-Verwaltung f\u00fcr g\u00e4ngige Browser:<\/p>\n<ul data-start=\"6422\" data-end=\"6742\">\n<li class=\"\" data-start=\"6422\" data-end=\"6522\">\n<p class=\"\" data-start=\"6424\" data-end=\"6522\"><strong data-start=\"6424\" data-end=\"6445\">Internet Explorer<\/strong>: <a class=\"\" href=\"http:\/\/windows.microsoft.com\/en-us\/windows7\/block-enable-or-allow-cookies\" target=\"_new\" rel=\"noopener\" data-start=\"6447\" data-end=\"6520\">http:\/\/windows.microsoft.com\/en-us\/windows7\/block-enable-or-allow-cookies<\/a><\/p>\n<\/li>\n<li class=\"\" data-start=\"6523\" data-end=\"6592\">\n<p class=\"\" data-start=\"6525\" data-end=\"6592\"><strong data-start=\"6525\" data-end=\"6535\">Safari<\/strong>: <a class=\"\" href=\"https:\/\/support.apple.com\/kb\/PH19255?viewlocale=de_DE\" target=\"_new\" rel=\"noopener\" data-start=\"6537\" data-end=\"6590\">https:\/\/support.apple.com\/kb\/PH19255?viewlocale=de_DE<\/a><\/p>\n<\/li>\n<li class=\"\" data-start=\"6593\" data-end=\"6661\">\n<p class=\"\" data-start=\"6595\" data-end=\"6661\"><strong data-start=\"6595\" data-end=\"6605\">Chrome<\/strong>: <a target=\"_new\" rel=\"noopener\" data-start=\"6607\" data-end=\"6659\">https:\/\/support.google.com\/chrome\/answer\/95647?hl=de<\/a><\/p>\n<\/li>\n<li class=\"\" data-start=\"6662\" data-end=\"6742\">\n<p class=\"\" data-start=\"6664\" data-end=\"6742\"><strong data-start=\"6664\" data-end=\"6675\">Firefox<\/strong>: <a class=\"\" href=\"https:\/\/support.mozilla.org\/de\/kb\/cookies-erlauben-und-ablehnen\" target=\"_new\" rel=\"noopener\" data-start=\"6677\" data-end=\"6740\">https:\/\/support.mozilla.org\/de\/kb\/cookies-erlauben-und-ablehnen<\/a><\/p>\n<\/li>\n<\/ul>\n<p class=\"\" data-start=\"6744\" data-end=\"6921\">Auch Drittanbieter-Cookies k\u00f6nnen \u00fcber die jeweiligen Browsereinstellungen oder \u00fcber die im Abschnitt \u201eCookies von Drittanbietern\u201c genannten Opt-out-Methoden deaktiviert werden.<\/p>\n<p class=\"\" data-start=\"6923\" data-end=\"7249\">Sie k\u00f6nnen Ihre Pr\u00e4ferenzen jederzeit unter <a class=\"\" href=\"http:\/\/www.youronlinechoices.com\/\" target=\"_new\" rel=\"noopener\" data-start=\"6967\" data-end=\"7000\">http:\/\/www.youronlinechoices.com\/<\/a> festlegen, indem Sie einzelne Kategorien von Cookies aktivieren oder deaktivieren. Weitere Informationen zur Funktionsweise von Cookies und zur Verwaltung Ihrer Pr\u00e4ferenzen bez\u00fcglich Drittanbieter-Tracking erhalten Sie ebenfalls auf dieser Website.<\/p>\n","protected":false},"excerpt":{"rendered":"<p>Cookie-Richtlinie In diesem Dokument werden den Nutzerinnen und Nutzern der Website https:\/\/forzini.com (im Folgenden \u201edie Website\u201c) Informationen \u00fcber die verwendeten Cookies zur Verf\u00fcgung gestellt, gem\u00e4\u00df der Richtlinie 2009\/136\/EG, umgesetzt im nationalen Recht durch Artikel 22 Absatz 2 des Gesetzes \u00fcber Dienste der Informationsgesellschaft und im Einklang mit den Leitlinien der spanischen Datenschutzbeh\u00f6rde. Was sind Cookies? [&hellip;]<\/p>\n","protected":false},"author":4,"featured_media":0,"parent":0,"menu_order":0,"comment_status":"closed","ping_status":"closed","template":"","meta":{"_acf_changed":false,"_joinchat":[],"footnotes":""},"class_list":["post-10982","page","type-page","status-publish","hentry"],"acf":[],"_links":{"self":[{"href":"https:\/\/forzini.com\/de\/wp-json\/wp\/v2\/pages\/10982","targetHints":{"allow":["GET"]}}],"collection":[{"href":"https:\/\/forzini.com\/de\/wp-json\/wp\/v2\/pages"}],"about":[{"href":"https:\/\/forzini.com\/de\/wp-json\/wp\/v2\/types\/page"}],"author":[{"embeddable":true,"href":"https:\/\/forzini.com\/de\/wp-json\/wp\/v2\/users\/4"}],"replies":[{"embeddable":true,"href":"https:\/\/forzini.com\/de\/wp-json\/wp\/v2\/comments?post=10982"}],"version-history":[{"count":0,"href":"https:\/\/forzini.com\/de\/wp-json\/wp\/v2\/pages\/10982\/revisions"}],"wp:attachment":[{"href":"https:\/\/forzini.com\/de\/wp-json\/wp\/v2\/media?parent=10982"}],"curies":[{"name":"wp","href":"https:\/\/api.w.org\/{rel}","templated":true}]}}