{"id":18513,"date":"2024-07-05T12:56:28","date_gmt":"2024-07-05T10:56:28","guid":{"rendered":"https:\/\/forzini.com\/producto\/kettlebell-premium-virtus-m\/"},"modified":"2025-12-23T17:55:12","modified_gmt":"2025-12-23T16:55:12","slug":"kettlebell-8-kg","status":"publish","type":"product","link":"https:\/\/forzini.com\/da\/producto\/kettlebell-8-kg\/","title":{"rendered":"Kettlebell 8 kg i marmor \u2013 tr\u00e6ning med stil og \u00e6stetik"},"content":{"rendered":"<h2>Eksklusiv kettlebell &#8220;Virtus&#8221; 8 kg.<\/h2>\n<p>Denne dekorative premium kettlebell 8 kg skiller sig ud med sin originalitet og eksklusivitet. Hver enkelt produceres i h\u00e5nden i et begr\u00e6nset antal om \u00e5ret og er omhyggeligt fremstillet af dygtige h\u00e5ndv\u00e6rkere. Resultatet er en harmonisk fusion af styrke og elegance \u2013 en \u00e6gte marmorskulptur, der forsk\u00f8nner ethvert tr\u00e6ningsrum med sin tilstedev\u00e6relse.<\/p>\n<p>Det us\u00e6dvanlige ovale design og de bl\u00f8de, kurvede linjer udstr\u00e5ler luksus og enkelhed, hvilket skaber en aura af raffinement. Den flydende form og den rige tekstur i naturmarmoren forenes i en perfekt balance mellem funktion og visuel sk\u00f8nhed.<\/p>\n<p>Til fremstillingen har vi n\u00f8je udvalgt de mest karakteristiske marmortyper i sort og hvid, som afspejler naturens dualitet og yin-yang-balancen. Denne visuelle metafor understreger, hvordan vores design forener praktisk anvendelighed med \u00e6stetisk finesse. Vores kettlebell 8 kg er et statement i god smag, et symbol p\u00e5 dedikation og en ideel gave til dem, der elsker fitness og s\u00f8ger noget virkelig s\u00e6rligt og luksuri\u00f8st til deres tr\u00e6ningsmilj\u00f8.<\/p>\n<p><strong>Vores anbefaling:<\/strong> Kombin\u00e9r denne premium kettlebell med vores marmorh\u00e5ndv\u00e6gte &#8220;Apolo L&#8221; for et komplet og stilfuldt setup.<\/p>\n<p>&nbsp;<\/p>\n<p>Snow Leopard Marmor &#8211; Hvid med subtile gr\u00e5 toner og ensartet \u00e5retegning. Denne sj\u00e6ldne og raffinerede marmor udvindes i sm\u00e5 m\u00e6ngder fra en specifik region og er h\u00f8jt v\u00e6rdsat for sine dyreagtige m\u00f8nstre.<\/p>\n<p>Jet Black Marmor &#8211; Kendetegnet ved sin dybe sorte farve med blanke, hvide \u00e5rer, der skaber en dramatisk kontrast og klassisk elegance.<\/p>\n<p>Vi har valgt Snow Leopardo-marmor til vores kettlebell 8 kg, ikke kun for dens naturlige sk\u00f8nhed, der minder om den majest\u00e6tiske leopard, men ogs\u00e5 for dens unikke geologiske oprindelse. Denne uds\u00f8gte sten er dannet gennem millioner af \u00e5r, hvor mineralrige grundvande har filtreret gennem klippeformationer og aflejret stoffer som calcit og aragonit. Under de rette forhold af temperatur og tryk krystalliserer disse mineraler og danner marmoren.<\/p>\n<p>De karakteristiske m\u00f8rke \u00e5rer og rosetter skyldes naturlige urenheder som jernoxid og grafit, der var til stede under dannelsen. Kombinationen af sj\u00e6ldne milj\u00f8faktorer og mineralindhold g\u00f8r denne marmor til et eftertragtet materiale i luksusdesign og eksklusiv indretning.<\/p>\n<p>&nbsp;<\/p>\n<p><a href=\"https:\/\/forzini.com\/da\/materialer\/\" target=\"_blank\" rel=\"noopener\">L\u00e6r mere om vores kollektion af marmor og onyx via dette link: <\/a><a href=\"https:\/\/forzini.com\/da\/materialer\/\" target=\"_blank\" rel=\"noopener\"><strong>Materialer<\/strong><\/a><\/p>\n","protected":false},"excerpt":{"rendered":"<h1><strong>Kettlebell 8 kg i marmor \u2013 funktionelt til tr\u00e6ning og dekoration<\/strong><\/h1>\n<p>Designet til at skabe en eksklusiv atmosf\u00e6re i dit tr\u00e6ningsrum, er denne kettlebell h\u00e5ndsk\u00e5ret i marmor af h\u00f8jeste kvalitet. Med sin dekorative fremtoning bliver den et perfekt supplement, der ikke blot forsk\u00f8nner omgivelserne, men ogs\u00e5 tilf\u00f8rer et strejf af sofistikation og klasse.<\/p>\n<p>Chic og karakteristisk \u2013 denne smukke marmorkettlebell har en s\u00e6rlig oval form, som udg\u00f8r den perfekte balance mellem funktionalitet, stil og innovativt design.<\/p>\n<p><strong>For at gennemf\u00f8re k\u00f8bet, v\u00e6lg venligst f\u00f8rst materialet nedenfor.<\/strong><\/p>\n<p>&nbsp;<\/p>\n","protected":false},"featured_media":18487,"comment_status":"closed","ping_status":"closed","template":"","meta":{"_acf_changed":false,"_joinchat":[]},"product_brand":[],"product_cat":[308,363],"product_tag":[322],"class_list":{"0":"post-18513","1":"product","2":"type-product","3":"status-publish","4":"has-post-thumbnail","6":"product_cat-tilbehor","7":"product_cat-traeningsudstyr","8":"product_tag-marmor-da","10":"first","11":"instock","12":"sale","13":"featured","14":"shipping-taxable","15":"purchasable","16":"product-type-variable"},"acf":[],"_links":{"self":[{"href":"https:\/\/forzini.com\/da\/wp-json\/wp\/v2\/product\/18513","targetHints":{"allow":["GET"]}}],"collection":[{"href":"https:\/\/forzini.com\/da\/wp-json\/wp\/v2\/product"}],"about":[{"href":"https:\/\/forzini.com\/da\/wp-json\/wp\/v2\/types\/product"}],"replies":[{"embeddable":true,"href":"https:\/\/forzini.com\/da\/wp-json\/wp\/v2\/comments?post=18513"}],"version-history":[{"count":1,"href":"https:\/\/forzini.com\/da\/wp-json\/wp\/v2\/product\/18513\/revisions"}],"predecessor-version":[{"id":22977,"href":"https:\/\/forzini.com\/da\/wp-json\/wp\/v2\/product\/18513\/revisions\/22977"}],"wp:featuredmedia":[{"embeddable":true,"href":"https:\/\/forzini.com\/da\/wp-json\/wp\/v2\/media\/18487"}],"wp:attachment":[{"href":"https:\/\/forzini.com\/da\/wp-json\/wp\/v2\/media?parent=18513"}],"wp:term":[{"taxonomy":"product_brand","embeddable":true,"href":"https:\/\/forzini.com\/da\/wp-json\/wp\/v2\/product_brand?post=18513"},{"taxonomy":"product_cat","embeddable":true,"href":"https:\/\/forzini.com\/da\/wp-json\/wp\/v2\/product_cat?post=18513"},{"taxonomy":"product_tag","embeddable":true,"href":"https:\/\/forzini.com\/da\/wp-json\/wp\/v2\/product_tag?post=18513"}],"curies":[{"name":"wp","href":"https:\/\/api.w.org\/{rel}","templated":true}]}}