{"id":18357,"date":"2025-03-23T17:34:30","date_gmt":"2025-03-23T16:34:30","guid":{"rendered":"https:\/\/forzini.com\/producto\/pesas-decorativas-s\/"},"modified":"2025-10-15T22:40:05","modified_gmt":"2025-10-15T20:40:05","slug":"smaa-haandvaegte-1kg","status":"publish","type":"product","link":"https:\/\/forzini.com\/da\/producto\/smaa-haandvaegte-1kg\/","title":{"rendered":"Sm\u00e5 h\u00e5ndv\u00e6gte 1 kg \u2013 elegant design i sort marmor"},"content":{"rendered":"<h2>Sm\u00e5 h\u00e5ndv\u00e6gte 1 kg &#8220;Apolo&#8221;<\/h2>\n<p>Disse dekorative sm\u00e5 h\u00e5ndv\u00e6gte i marmor er skabt med et originalt og innovativt design, som g\u00f8r dem til det perfekte supplement til hjemmegym eller fitnessrum. Hvert \u00e5r produceres kun et begr\u00e6nset antal enheder, alle h\u00e5ndlavet med stor omhu \u2013 hvilket g\u00f8r hver h\u00e5ndv\u00e6gt til et unikt kunstv\u00e6rk.<\/p>\n<p>Med deres bl\u00f8de former og ergonomiske linjer tilf\u00f8rer de b\u00e5de komfort og et strejf af raffineret elegance til enhver indretning. Det \u00e6stetiske udtryk og den s\u00e6rlige form f\u00e5r dem til at skille sig ud, mens de glatte kurver og fine konturer giver en behagelig taktil oplevelse.<\/p>\n<p>Hver h\u00e5ndv\u00e6gt vejer 1 kg og er fremstillet af marmor med en exceptionel sk\u00f8nhed. Dette s\u00e6t er en ideel gave til dem, der elsker tr\u00e6ning og samtidig s\u00f8ger noget eksklusivt og anderledes til deres personlige tr\u00e6ningszone. Det elegante design og det \u00e6dle materiale g\u00f8r dem til et samtaleemne og en dekorativ detalje, der forsk\u00f8nner ethvert milj\u00f8.<\/p>\n<p>Hver eneste detalje er udformet i h\u00e5nden for at forene funktionalitet med \u00e6stetik \u2013 og resultatet er en marmorh\u00e5ndv\u00e6gt i s\u00e6rklasse.<\/p>\n<p><strong>Vores anbefaling:<\/strong> Kombin\u00e9r dem med vores marmorkettlebell &#8220;Virtus S&#8221; for et komplet og stilfuldt tr\u00e6ningss\u00e6t.<\/p>\n<p>Den dybe sorte farve med blanke, lyse \u00e5rer skaber en klassisk kontrast, som udstr\u00e5ler elegance og fanger blikket. Inspireret af forbindelsen mellem krop, sind og omgivelser har vi skabt en kollektion, hvor funktion og form smelter sammen.<\/p>\n<p>Hver h\u00e5ndv\u00e6gt er omhyggeligt h\u00e5ndsk\u00e5ret med fokus p\u00e5 perfektion i hver linje og kurve. Den h\u00e5ndv\u00e6rksm\u00e6ssige proces begr\u00e6nser produktionen til f\u00e5 s\u00e6t om \u00e5ret, hvilket sikrer enest\u00e5ende eksklusivitet \u2013 ingen to s\u00e6t er ens.<\/p>\n<p>&nbsp;<\/p>\n<p><a href=\"https:\/\/forzini.com\/da\/materialer\/\" target=\"_blank\" rel=\"noopener\">L\u00e6r mere om vores kollektion af marmor og onyx via dette link: <\/a><a href=\"https:\/\/forzini.com\/da\/materialer\/\" target=\"_blank\" rel=\"noopener\"><strong>Materialer<\/strong><\/a><\/p>\n","protected":false},"excerpt":{"rendered":"<h1><strong>Designer sm\u00e5 h\u00e5ndv\u00e6gte 1 kg i sort marmor<\/strong><\/h1>\n<p>De er den ultimative kombination af eksklusivitet og h\u00e5ndv\u00e6rk. Hvert \u00e5r fremstilles kun f\u00e5 enheder i h\u00e5nden, hvilket g\u00f8r dem til \u00e6gte unika. Med deres bl\u00f8de og ergonomiske former er disse h\u00e5ndv\u00e6gte behagelige at bruge og tilf\u00f8rer samtidig et strejf af elegance til enhver tr\u00e6ningszone. Hver eneste detalje er n\u00f8je udformet for at forene \u00e6stetik med funktionalitet \u2013 og resultatet er en marmorh\u00e5ndv\u00e6gt, der fremst\u00e5r som et kunstv\u00e6rk.<\/p>\n","protected":false},"featured_media":18342,"comment_status":"closed","ping_status":"closed","template":"","meta":{"_acf_changed":false,"_joinchat":[]},"product_brand":[],"product_cat":[308,363],"product_tag":[322],"class_list":{"0":"post-18357","1":"product","2":"type-product","3":"status-publish","4":"has-post-thumbnail","6":"product_cat-tilbehor","7":"product_cat-traeningsudstyr","8":"product_tag-marmor-da","10":"first","11":"instock","12":"sale","13":"featured","14":"shipping-taxable","15":"purchasable","16":"product-type-simple"},"acf":[],"_links":{"self":[{"href":"https:\/\/forzini.com\/da\/wp-json\/wp\/v2\/product\/18357","targetHints":{"allow":["GET"]}}],"collection":[{"href":"https:\/\/forzini.com\/da\/wp-json\/wp\/v2\/product"}],"about":[{"href":"https:\/\/forzini.com\/da\/wp-json\/wp\/v2\/types\/product"}],"replies":[{"embeddable":true,"href":"https:\/\/forzini.com\/da\/wp-json\/wp\/v2\/comments?post=18357"}],"version-history":[{"count":0,"href":"https:\/\/forzini.com\/da\/wp-json\/wp\/v2\/product\/18357\/revisions"}],"wp:featuredmedia":[{"embeddable":true,"href":"https:\/\/forzini.com\/da\/wp-json\/wp\/v2\/media\/18342"}],"wp:attachment":[{"href":"https:\/\/forzini.com\/da\/wp-json\/wp\/v2\/media?parent=18357"}],"wp:term":[{"taxonomy":"product_brand","embeddable":true,"href":"https:\/\/forzini.com\/da\/wp-json\/wp\/v2\/product_brand?post=18357"},{"taxonomy":"product_cat","embeddable":true,"href":"https:\/\/forzini.com\/da\/wp-json\/wp\/v2\/product_cat?post=18357"},{"taxonomy":"product_tag","embeddable":true,"href":"https:\/\/forzini.com\/da\/wp-json\/wp\/v2\/product_tag?post=18357"}],"curies":[{"name":"wp","href":"https:\/\/api.w.org\/{rel}","templated":true}]}}