{"id":18323,"date":"2024-07-05T13:06:57","date_gmt":"2024-07-05T11:06:57","guid":{"rendered":"https:\/\/forzini.com\/producto\/mancuernas-de-diseno\/"},"modified":"2025-10-15T19:40:16","modified_gmt":"2025-10-15T17:40:16","slug":"haandvaegte-kvinder","status":"publish","type":"product","link":"https:\/\/forzini.com\/da\/producto\/haandvaegte-kvinder\/","title":{"rendered":"H\u00e5ndv\u00e6gte til kvinder 1 kg \u2013 hvid marmor"},"content":{"rendered":"<h2>H\u00e5ndv\u00e6gte til kvinder &#8220;Apolo S&#8221;<\/h2>\n<p>Disse h\u00e5ndv\u00e6gte til kvinder er skabt med et originalt og innovativt design, som g\u00f8r dem til det perfekte supplement til hjemmetr\u00e6ning eller en stilfuld tr\u00e6ningszone. Hver \u00e5r produceres kun et begr\u00e6nset antal enheder i h\u00e5nden, hvilket g\u00f8r dem til \u00e6gte unika. Med deres bl\u00f8de former og ergonomiske konturer tilf\u00f8rer de b\u00e5de komfort og elegance til ethvert rum.<\/p>\n<p>De \u00e6stetiske linjer og det s\u00e6rlige design f\u00e5r disse h\u00e5ndv\u00e6gte til at skille sig ud. De raffinerede kurver og den glatte overflade giver ikke kun en visuel nydelse, men ogs\u00e5 en behagelig taktil oplevelse. Hver h\u00e5ndv\u00e6gt vejer 1 kg og er en ideel gave til dem, der elsker tr\u00e6ning og s\u00f8ger noget eksklusivt, luksuri\u00f8st og anderledes til deres hjemmebaserede fitnessomr\u00e5de.<\/p>\n<p>Det elegante udtryk og det smukke h\u00e5ndv\u00e6rk g\u00f8r dem til samtaleemner og dekorative elementer, der forsk\u00f8nner enhver indretning. Hver detalje er omhyggeligt udformet i h\u00e5nden for at forene \u00e6stetik med funktionalitet \u2013 og resultatet er en h\u00e5ndv\u00e6gt, der er lige s\u00e5 praktisk som den er kunstnerisk.<\/p>\n<p><strong>Vores anbefaling:<\/strong> Disse h\u00e5ndv\u00e6gte til kvinder passer perfekt sammen med vores marmorkettlebell &#8220;Virtus S&#8221;.<\/p>\n<p>Inspireret af forbindelsen mellem krop, sind og omgivelser har vi l\u00f8ftet opfattelsen af sk\u00f8nhed i hver eneste detalje. I vores str\u00e6ben efter at forene funktionalitet med \u00e6stetik har vi skabt et unikt design, der kombinerer bl\u00f8de linjer, enest\u00e5ende ergonomi og tidl\u00f8s elegance. Hver h\u00e5ndv\u00e6gt er h\u00e5ndsk\u00e5ret med stor pr\u00e6cision, hvilket sikrer en unik perfektion i hver kurve og form.<\/p>\n<p>Den h\u00e5ndv\u00e6rksm\u00e6ssige proces begr\u00e6nser produktionen til f\u00e5 s\u00e6t om \u00e5ret, hvilket garanterer eksklusivitet for hver enkelt kunde. Ingen to s\u00e6t er ens \u2013 og det g\u00f8r disse h\u00e5ndv\u00e6gte til kvinder til noget helt s\u00e6rligt.<\/p>\n<p>&nbsp;<\/p>\n<p><a href=\"https:\/\/forzini.com\/da\/materialer\/\" target=\"_blank\" rel=\"noopener\">L\u00e6r mere om vores kollektion af marmor og onyx via dette link: <\/a><a href=\"https:\/\/forzini.com\/da\/materialer\/\" target=\"_blank\" rel=\"noopener\"><strong>Materialer<\/strong><\/a><\/p>\n","protected":false},"excerpt":{"rendered":"<h1>H\u00e5ndv\u00e6gte til kvinder 1 kg<\/h1>\n<p>Disse h\u00e5ndv\u00e6gte i marmor er den ultimative kombination af eksklusivitet og h\u00e5ndv\u00e6rk. Hvert \u00e5r fremstilles kun et begr\u00e6nset antal enheder i h\u00e5nden, hvilket g\u00f8r dem til \u00e6gte unika. Med deres bl\u00f8de og ergonomiske former er de behagelige at bruge og tilf\u00f8rer samtidig et strejf af elegance til ethvert tr\u00e6ningsrum. Hver eneste detalje er omhyggeligt udformet for at forene \u00e6stetik med funktionalitet \u2013 og resultatet er en sand mesterlig h\u00e5ndv\u00e6gt i marmor.<\/p>\n","protected":false},"featured_media":18301,"comment_status":"closed","ping_status":"closed","template":"","meta":{"_acf_changed":false,"_joinchat":[]},"product_brand":[],"product_cat":[308,363],"product_tag":[322],"class_list":{"0":"post-18323","1":"product","2":"type-product","3":"status-publish","4":"has-post-thumbnail","6":"product_cat-tilbehor","7":"product_cat-traeningsudstyr","8":"product_tag-marmor-da","10":"first","11":"instock","12":"sale","13":"featured","14":"shipping-taxable","15":"purchasable","16":"product-type-simple"},"acf":[],"_links":{"self":[{"href":"https:\/\/forzini.com\/da\/wp-json\/wp\/v2\/product\/18323","targetHints":{"allow":["GET"]}}],"collection":[{"href":"https:\/\/forzini.com\/da\/wp-json\/wp\/v2\/product"}],"about":[{"href":"https:\/\/forzini.com\/da\/wp-json\/wp\/v2\/types\/product"}],"replies":[{"embeddable":true,"href":"https:\/\/forzini.com\/da\/wp-json\/wp\/v2\/comments?post=18323"}],"version-history":[{"count":0,"href":"https:\/\/forzini.com\/da\/wp-json\/wp\/v2\/product\/18323\/revisions"}],"wp:featuredmedia":[{"embeddable":true,"href":"https:\/\/forzini.com\/da\/wp-json\/wp\/v2\/media\/18301"}],"wp:attachment":[{"href":"https:\/\/forzini.com\/da\/wp-json\/wp\/v2\/media?parent=18323"}],"wp:term":[{"taxonomy":"product_brand","embeddable":true,"href":"https:\/\/forzini.com\/da\/wp-json\/wp\/v2\/product_brand?post=18323"},{"taxonomy":"product_cat","embeddable":true,"href":"https:\/\/forzini.com\/da\/wp-json\/wp\/v2\/product_cat?post=18323"},{"taxonomy":"product_tag","embeddable":true,"href":"https:\/\/forzini.com\/da\/wp-json\/wp\/v2\/product_tag?post=18323"}],"curies":[{"name":"wp","href":"https:\/\/api.w.org\/{rel}","templated":true}]}}