{"id":18278,"date":"2024-07-05T11:46:18","date_gmt":"2024-07-05T09:46:18","guid":{"rendered":"https:\/\/forzini.com\/producto\/cadena-marmol-rhea\/"},"modified":"2025-10-12T21:48:03","modified_gmt":"2025-10-12T19:48:03","slug":"marmorskulptur-dekorativ-knude","status":"publish","type":"product","link":"https:\/\/forzini.com\/da\/producto\/marmorskulptur-dekorativ-knude\/","title":{"rendered":"Marmorskulptur som borddekoration \u2013 knude i natursten"},"content":{"rendered":"<h2><strong>Dekorativ marmorskulptur \u2013 knude til borddekoration <\/strong>&#8220;Rhea&#8221;<\/h2>\n<p>Denne uds\u00f8gte marmorskulptur er en dekorativ knude, h\u00e5ndsk\u00e5ret i gr\u00f8n onyx, med en elegant og organisk form. Den fungerer som en raffineret borddekoration, der tilf\u00f8rer rummet karakter og et strejf af eksklusivitet, som straks fanger blikket.<\/p>\n<p>Den gr\u00f8nne Amazonian onyx er kendetegnet ved sine unikke \u00e5rer i r\u00f8de, gyldne og hvide nuancer, hvilket giver skulpturen et naturligt og levende udtryk. Marmorskulpturen er ideel til at fremh\u00e6ve visuelle fokuspunkter i hjemmet og tilf\u00f8rer varme og personlighed \u2013 et lille, men markant element, der g\u00f8r ethvert rum mere indbydende.<\/p>\n<p>Denne knudeformede marmorskulptur er ogs\u00e5 en perfekt gaveid\u00e9 til dem, der s\u00f8ger noget s\u00e6rligt. Uanset om det er til f\u00f8dselsdag, jubil\u00e6um, mors dag, en ny bolig eller som en stilfuld gave til en kollega, er den et oplagt valg. Den kan desuden anvendes som bogst\u00f8tte eller papirv\u00e6gt, hvilket kombinerer funktionalitet med \u00e6stetik.<\/p>\n<div><\/div>\n<p><strong>Amazonian Green Onyx<\/strong>: En flerfarvet gr\u00f8n sten med en rig palet, der sp\u00e6nder fra livlige gr\u00f8nne toner til bl\u00f8de nuancer, suppleret af \u00e5rer i brun, chokolade, gylden og r\u00f8d \u2013 et \u00e6gte udtryk for naturens kunst.<\/p>\n<p>Inspirationen bag denne marmorskulptur som borddekoration knude udspringer af id\u00e9en om samh\u00f8righed og hjemmets betydning. Hjemmet er det sted, der forbinder os \u2013 vores udgangspunkt og det sted, vi altid vender tilbage til. De tre sammenflettede led symboliserer livets faser: f\u00f8dsel, voksenliv og alderdom \u2013 alle forbundet til et f\u00e6lles centrum: hjemmet.<\/p>\n<p>Skulpturen er udformet i onyx, en sten kendt for sin styrke og sk\u00f8nhed, og fremstillingen har kr\u00e6vet stor pr\u00e6cision og h\u00e5ndv\u00e6rksm\u00e6ssig kunnen. Vores dygtige kunsth\u00e5ndv\u00e6rkere har med omhu og passion skabt denne knude, som nu fremst\u00e5r som en \u00e6stetisk og symbolsk mesterlig borddekoration.<\/p>\n<p>Denne unikke marmorskulptur er en hyldest til hjemmet \u2013 det mest v\u00e6rdifulde sted i vores liv. Den er b\u00e5de visuelt imponerende og meningsfuld, og vil g\u00f8re dit hjem endnu mere personligt og smukt.<\/p>\n<p>&nbsp;<\/p>\n<p><a href=\"https:\/\/forzini.com\/da\/materialer\/\" target=\"_blank\" rel=\"noopener\">L\u00e6r mere om vores kollektion af marmor og onyx via dette link: <\/a><a href=\"https:\/\/forzini.com\/da\/materialer\/\" target=\"_blank\" rel=\"noopener\"><strong>Materialer<\/strong><\/a><\/p>\n","protected":false},"excerpt":{"rendered":"<h1>Marmorskulptur som borddekoration knude<\/h1>\n<p>Denne onyx knude er det perfekte supplement til ethvert bord eller reol. Ideel som gave \u2013 den kan bruges som bogst\u00f8tte, papirv\u00e6gt eller som et dekorativt objekt, der forsk\u00f8nner omgivelserne og tilf\u00f8rer et sofistikeret udtryk.<\/p>\n<p>Skulpturen er en fremragende tilf\u00f8jelse til hjemmet, hvor den fremh\u00e6ver visuelle fokuspunkter og tilf\u00f8rer varme. Den forvandler ethvert rum til et \u00e6gte hjem med sin lille, men effektfulde tilstedev\u00e6relse.<\/p>\n","protected":false},"featured_media":18260,"comment_status":"closed","ping_status":"closed","template":"","meta":{"_acf_changed":false,"_joinchat":[]},"product_brand":[],"product_cat":[391,308],"product_tag":[323],"class_list":{"0":"post-18278","1":"product","2":"type-product","3":"status-publish","4":"has-post-thumbnail","6":"product_cat-boligdekoration","7":"product_cat-tilbehor","8":"product_tag-onyx-da","10":"first","11":"instock","12":"featured","13":"shipping-taxable","14":"purchasable","15":"product-type-simple"},"acf":[],"_links":{"self":[{"href":"https:\/\/forzini.com\/da\/wp-json\/wp\/v2\/product\/18278","targetHints":{"allow":["GET"]}}],"collection":[{"href":"https:\/\/forzini.com\/da\/wp-json\/wp\/v2\/product"}],"about":[{"href":"https:\/\/forzini.com\/da\/wp-json\/wp\/v2\/types\/product"}],"replies":[{"embeddable":true,"href":"https:\/\/forzini.com\/da\/wp-json\/wp\/v2\/comments?post=18278"}],"version-history":[{"count":0,"href":"https:\/\/forzini.com\/da\/wp-json\/wp\/v2\/product\/18278\/revisions"}],"wp:featuredmedia":[{"embeddable":true,"href":"https:\/\/forzini.com\/da\/wp-json\/wp\/v2\/media\/18260"}],"wp:attachment":[{"href":"https:\/\/forzini.com\/da\/wp-json\/wp\/v2\/media?parent=18278"}],"wp:term":[{"taxonomy":"product_brand","embeddable":true,"href":"https:\/\/forzini.com\/da\/wp-json\/wp\/v2\/product_brand?post=18278"},{"taxonomy":"product_cat","embeddable":true,"href":"https:\/\/forzini.com\/da\/wp-json\/wp\/v2\/product_cat?post=18278"},{"taxonomy":"product_tag","embeddable":true,"href":"https:\/\/forzini.com\/da\/wp-json\/wp\/v2\/product_tag?post=18278"}],"curies":[{"name":"wp","href":"https:\/\/api.w.org\/{rel}","templated":true}]}}