{"id":18178,"date":"2024-04-05T10:53:04","date_gmt":"2024-04-05T08:53:04","guid":{"rendered":"https:\/\/forzini.com\/producto\/candelabro-marmol-selene\/"},"modified":"2025-10-12T12:13:30","modified_gmt":"2025-10-12T10:13:30","slug":"lysestager-hoeje","status":"publish","type":"product","link":"https:\/\/forzini.com\/da\/producto\/lysestager-hoeje\/","title":{"rendered":"H\u00f8j dekorativ lysestage i natursten"},"content":{"rendered":"<h2>H\u00f8j dekorativ lysestage i natursten &#8220;Selene&#8221;<\/h2>\n<p>Este <strong>candelabro de m\u00e1rmol<\/strong>, es una aut\u00e9ntica obra de arte. Cada pieza ha sido meticulosamente tallada y pulida a mano por nuestros artesanos expertos, garantizando una calidad y detalle incomparables. El m\u00e1rmol, con sus vetas \u00fanicas y suave textura, aporta un toque de lujo y elegancia a cualquier ambiente. El dise\u00f1o sofisticado y atemporal de este candelabro lo convierte en una pieza decorativa que destaca por s\u00ed sola. Su innovador dise\u00f1o de tres niveles, uno sobre otro, es una idea fresca que resalta en cualquier entorno, creando una atm\u00f3sfera especial que hace que un hogar sea verdaderamente \u00fanico. Imagine las cenas con la suave luz de las velas resaltando toda la belleza de este magn\u00edfico candelabro de dise\u00f1o, creando un entorno relajante y placentero. Este candelabro no solo cumple su funci\u00f3n pr\u00e1ctica de sostener velas, sino que tambi\u00e9n aporta una sensaci\u00f3n de sofisticaci\u00f3n y calidez al entorno. Es perfecto para crear un ambiente \u00edntimo y agradable en cenas, reuniones o cualquier ocasi\u00f3n especial. Adem\u00e1s, su dise\u00f1o elegante y su material de alta calidad aseguran que ser\u00e1 una pieza duradera y apreciada durante muchos a\u00f1os. Este candelabro es ideal para quienes buscan una combinaci\u00f3n de funcionalidad y estilo, y es un regalo perfecto para ocasiones especiales, transmitiendo un mensaje de buen gusto y aprecio por la belleza natural.<\/p>\n<p><em>Nuestro consejo<\/em>: Este candelabro es ideal para combinar con nuestro bowl de m\u00e1rmol &#8220;<a href=\"https:\/\/forzini.com\/da\/producto\/marmor-skaal-sort-17cm\/\" target=\"_blank\" rel=\"noopener\">Bacchus&#8221;<\/a>.<\/p>\n<p>Snow Leopard M\u00e1rmol: color blanco con sutiles tonos grises y veteado. Este m\u00e1rmol inusual y distinguido se extrae en peque\u00f1as cantidades de una regi\u00f3n espec\u00edfica. Es muy apreciado por sus vetas especiales y uniformes que crean un patr\u00f3n animal.<\/p>\n<p><a href=\"https:\/\/forzini.com\/da\/materialer\/\" target=\"_blank\" rel=\"noopener\">L\u00e6r mere om vores kollektion af marmor og onyx via dette link: <\/a><a href=\"https:\/\/forzini.com\/da\/materialer\/\" target=\"_blank\" rel=\"noopener\"><strong>Materialer<\/strong><\/a><\/p>\n","protected":false},"excerpt":{"rendered":"<h1>H\u00f8j dekorativ lysestage i natursten<\/h1>\n<p>Med sit karakteristiske udtryk bliver denne h\u00f8je dekorative lysestage et imponerende blikfang i enhver indretning. Den f\u00e5s i smuk hvid natursten og tilbyder en alsidig \u00e6stetik, der passer til b\u00e5de minimalistiske og mere luksuri\u00f8se stilarter. Et perfekt valg til at fremh\u00e6ve din boligs unikke atmosf\u00e6re.<\/p>\n<h2><strong>Dimensioner:<\/strong> H\u00f8jde 20 cm<\/h2>\n<p>&nbsp;<\/p>\n","protected":false},"featured_media":18110,"comment_status":"closed","ping_status":"closed","template":"","meta":{"_acf_changed":false,"_joinchat":[]},"product_brand":[],"product_cat":[391,308],"product_tag":[322],"class_list":{"0":"post-18178","1":"product","2":"type-product","3":"status-publish","4":"has-post-thumbnail","6":"product_cat-boligdekoration","7":"product_cat-tilbehor","8":"product_tag-marmor-da","10":"first","11":"instock","12":"sale","13":"featured","14":"shipping-taxable","15":"purchasable","16":"product-type-simple"},"acf":[],"_links":{"self":[{"href":"https:\/\/forzini.com\/da\/wp-json\/wp\/v2\/product\/18178","targetHints":{"allow":["GET"]}}],"collection":[{"href":"https:\/\/forzini.com\/da\/wp-json\/wp\/v2\/product"}],"about":[{"href":"https:\/\/forzini.com\/da\/wp-json\/wp\/v2\/types\/product"}],"replies":[{"embeddable":true,"href":"https:\/\/forzini.com\/da\/wp-json\/wp\/v2\/comments?post=18178"}],"version-history":[{"count":0,"href":"https:\/\/forzini.com\/da\/wp-json\/wp\/v2\/product\/18178\/revisions"}],"wp:featuredmedia":[{"embeddable":true,"href":"https:\/\/forzini.com\/da\/wp-json\/wp\/v2\/media\/18110"}],"wp:attachment":[{"href":"https:\/\/forzini.com\/da\/wp-json\/wp\/v2\/media?parent=18178"}],"wp:term":[{"taxonomy":"product_brand","embeddable":true,"href":"https:\/\/forzini.com\/da\/wp-json\/wp\/v2\/product_brand?post=18178"},{"taxonomy":"product_cat","embeddable":true,"href":"https:\/\/forzini.com\/da\/wp-json\/wp\/v2\/product_cat?post=18178"},{"taxonomy":"product_tag","embeddable":true,"href":"https:\/\/forzini.com\/da\/wp-json\/wp\/v2\/product_tag?post=18178"}],"curies":[{"name":"wp","href":"https:\/\/api.w.org\/{rel}","templated":true}]}}