{"id":17903,"date":"2024-07-04T16:13:21","date_gmt":"2024-07-04T14:13:21","guid":{"rendered":"https:\/\/forzini.com\/producto\/bol-de-piedra-oh-bacchus-mediano\/"},"modified":"2025-10-11T14:04:26","modified_gmt":"2025-10-11T12:04:26","slug":"rund-marmorskaal-dekorativ","status":"publish","type":"product","link":"https:\/\/forzini.com\/da\/producto\/rund-marmorskaal-dekorativ\/","title":{"rendered":"Rund marmorska\u030al \u2013 dekorativ sk\u00e5l i natursten"},"content":{"rendered":"<h2>Rund marmorska\u030al \u2013 dekorativ sk\u00e5l i natursten &#8220;Oh Bacchus&#8221;<\/h2>\n<p>Denne mellemstore marmorsk\u00e5l i onyx med et raffineret design er et charmerende og alsidigt supplement, der forsk\u00f8nner dit hjem. Den fine finish kommer til udtryk i den polerede overflade, som reflekterer lyset bl\u00f8dt og j\u00e6vnt, og skaber et subtilt og elegant sk\u00e6r. Denne egenskab g\u00f8r hver sk\u00e5l til en ikke blot dekorativ, men ogs\u00e5 funktionel genstand, der kan forvandle stemningen i ethvert rum.<\/p>\n<p>Perfekt som midtpunkt p\u00e5 spisebordet, som lysbakke der skaber en hyggelig atmosf\u00e6re, eller som beholder til sm\u00e5ting \u2013 denne sk\u00e5l i onyx tilf\u00f8jer et strejf af luksus og ro til enhver indretning. Den silkebl\u00f8de overflade vidner om det fine h\u00e5ndv\u00e6rk, som ligger bag hver eneste detalje. Eksklusiviteten i hver sk\u00e5l fremh\u00e6ves af de naturlige \u00e5retegninger og farvenuancer i onyxen, som varierer fra stykke til stykke og g\u00f8r hver sk\u00e5l til en unik juvel.<\/p>\n<p>Onyx, en halv\u00e6delsten med rig tekstur og varierede farver, er kendt for sin holdbarhed og sk\u00f8nhed, og anvendes ofte af prestigefyldte smykkebrands i deres eksklusive kollektioner. Uanset om det er som gave til f\u00f8dselsdag, bryllup eller en s\u00e6rlig anledning, g\u00f8r dens sofistikerede udtryk og \u00e6stetik den til et exceptionelt valg, der vil blive v\u00e6rdsat i mange \u00e5r.<\/p>\n<p>Galaxy Green Onyx har en lys gr\u00f8n baggrund smukt fremh\u00e6vet af hvide b\u00f8lger og indflettede \u00e5rer i jordtoner af gyldenbrun, bronze og r\u00f8dlig nuance. Denne variant udvindes i meget begr\u00e6nsede m\u00e6ngder og er kendt for sin h\u00f8je transparens og eksklusivitet.<\/p>\n<p>Vidste du, at vores Galaxy Verde Onyx ikke kun er betagende p\u00e5 grund af sin sj\u00e6ldenhed og \u00e6stetiske appel, men ogs\u00e5 p\u00e5 grund af sin unikke geologiske oprindelse? Denne onyx er resultatet af tusindvis af \u00e5rs mineralaflejring, komprimeret under enormt tryk i det barske terr\u00e6n i en specifik region i Sydasien. Den karakteristiske lysegr\u00f8nne tone er et naturf\u00e6nomen, som ikke findes andre steder i verden \u2013 og g\u00f8r stenen til et enest\u00e5ende valg til luksuri\u00f8se interi\u00f8rer.<\/p>\n<p>Stenens eksklusivitet forst\u00e6rkes af dens geografiske sj\u00e6ldenhed, hvilket sikrer, at hver sk\u00e5l er et sj\u00e6ldent kunstv\u00e6rk skabt af jordens egne kr\u00e6fter. De hvide og gyldne \u00e5rer, der l\u00f8ber gennem Galaxy Verde Onyx, tilf\u00f8jer en ekstra dimension af sk\u00f8nhed og skaber visuelle kontraster, der fremh\u00e6ver dens naturlige elegance. Disse \u00e5rer synes at flyde gennem stenen og fremkalder billeder af snoede floder og miniaturelandskaber.<\/p>\n<p>Ud over sit imponerende udseende er Galaxy Verde Onyx kendt for sin h\u00f8je lysgennemtr\u00e6ngelighed, som lader lyset passere og skaber en eterisk og lysende effekt. Dette f\u00e6nomen forst\u00e6rker ikke kun stenens sk\u00f8nhed, men tilf\u00f8rer ogs\u00e5 et strejf af magi og raffinement til ethvert rum, hvor den anvendes. Uanset om den bruges som midtpunkt p\u00e5 spisebordet, som v\u00e6gbekl\u00e6dning i en luksuri\u00f8s stue eller som dekorativ detalje \u2013 Galaxy Verde Onyx fanger altid opm\u00e6rksomheden og beundringen fra alle.<\/p>\n<p>&nbsp;<\/p>\n<p><a href=\"https:\/\/forzini.com\/da\/materialer\/\" target=\"_blank\" rel=\"noopener\">L\u00e6r mere om vores kollektion af marmor og onyx via dette link: <\/a><a href=\"https:\/\/forzini.com\/da\/materialer\/\" target=\"_blank\" rel=\"noopener\"><strong>Materialer<\/strong><\/a><\/p>\n","protected":false},"excerpt":{"rendered":"<h1>Rund marmorska\u030al \u2013 dekorativ sk\u00e5l i natursten<\/h1>\n<p>Denne runde marmorsk\u00e5l er et vidunderligt og alsidigt supplement til din boligindretning. Den bl\u00f8de finish og harmoniske form g\u00f8r sk\u00e5len til et sofistikeret blikfang, der tiltr\u00e6kker opm\u00e6rksomhed i ethvert rum. Den er en perfekt gave til s\u00e6rlige lejligheder \u2013 hvad enten det er en housewarming, et jubil\u00e6um eller en f\u00f8dselsdag. Denne dekorative sk\u00e5l i onyxsten vil uden tvivl imponere alle med sin naturlige sk\u00f8nhed og eksklusive udstr\u00e5ling.<\/p>\n","protected":false},"featured_media":17891,"comment_status":"closed","ping_status":"closed","template":"","meta":{"_acf_changed":false,"_joinchat":[]},"product_brand":[],"product_cat":[384,308],"product_tag":[323],"class_list":{"0":"post-17903","1":"product","2":"type-product","3":"status-publish","4":"has-post-thumbnail","6":"product_cat-boligtilbehoer","7":"product_cat-tilbehor","8":"product_tag-onyx-da","10":"first","11":"instock","12":"sale","13":"featured","14":"shipping-taxable","15":"purchasable","16":"product-type-simple"},"acf":[],"_links":{"self":[{"href":"https:\/\/forzini.com\/da\/wp-json\/wp\/v2\/product\/17903","targetHints":{"allow":["GET"]}}],"collection":[{"href":"https:\/\/forzini.com\/da\/wp-json\/wp\/v2\/product"}],"about":[{"href":"https:\/\/forzini.com\/da\/wp-json\/wp\/v2\/types\/product"}],"replies":[{"embeddable":true,"href":"https:\/\/forzini.com\/da\/wp-json\/wp\/v2\/comments?post=17903"}],"version-history":[{"count":0,"href":"https:\/\/forzini.com\/da\/wp-json\/wp\/v2\/product\/17903\/revisions"}],"wp:featuredmedia":[{"embeddable":true,"href":"https:\/\/forzini.com\/da\/wp-json\/wp\/v2\/media\/17891"}],"wp:attachment":[{"href":"https:\/\/forzini.com\/da\/wp-json\/wp\/v2\/media?parent=17903"}],"wp:term":[{"taxonomy":"product_brand","embeddable":true,"href":"https:\/\/forzini.com\/da\/wp-json\/wp\/v2\/product_brand?post=17903"},{"taxonomy":"product_cat","embeddable":true,"href":"https:\/\/forzini.com\/da\/wp-json\/wp\/v2\/product_cat?post=17903"},{"taxonomy":"product_tag","embeddable":true,"href":"https:\/\/forzini.com\/da\/wp-json\/wp\/v2\/product_tag?post=17903"}],"curies":[{"name":"wp","href":"https:\/\/api.w.org\/{rel}","templated":true}]}}