{"id":17875,"date":"2024-07-04T16:18:14","date_gmt":"2024-07-04T14:18:14","guid":{"rendered":"https:\/\/forzini.com\/producto\/cuenco-de-marmol-fontus-pequeno\/"},"modified":"2025-10-10T23:03:32","modified_gmt":"2025-10-10T21:03:32","slug":"lille-marmor-skaal","status":"publish","type":"product","link":"https:\/\/forzini.com\/da\/producto\/lille-marmor-skaal\/","title":{"rendered":"Lille marmor sk\u00e5l \u2013 minimalistisk og eksklusiv"},"content":{"rendered":"<h2>Lille marmor sk\u00e5l &#8220;Fontus&#8221;<\/h2>\n<p>Denne lille marmor sk\u00e5l er en enest\u00e5ende dekorationsgenstand, der forener \u00e6stetik og funktionalitet. Det raffinerede design og den polerede overflade g\u00f8r den b\u00e5de smuk og behagelig at bruge. Sk\u00e5lens alsidighed g\u00f8r den ideel til mange form\u00e5l i hjemmet. Den kan fungere som et elegant midtpunkt p\u00e5 spisebordet og tiltr\u00e6kke opm\u00e6rksomhed med sin naturlige sk\u00f8nhed.<\/p>\n<p>Den er ogs\u00e5 perfekt som opbevaringssk\u00e5l, hvor dine ejendele holdes organiseret med stil. Som en chic konfektsk\u00e5l til festlige lejligheder tilf\u00f8jer den et strejf af sofistikation og pr\u00e6senterer s\u00f8de sager p\u00e5 en uds\u00f8gt m\u00e5de. Derudover kan den bruges som lysbakke og skabe en hyggelig og afslappende stemning med sit subtile og elegante sk\u00e6r.<\/p>\n<p>Hver lille marmor sk\u00e5l er unik, med naturlige \u00e5rer og nuancer, der sikrer, at ingen to sk\u00e5le er ens. Den fine h\u00e5ndv\u00e6rksm\u00e6ssige udf\u00f8relse ses i hver detalje og g\u00f8r sk\u00e5len til en dekorativ juvel, der tilf\u00f8rer luksus og karakter til enhver indretning.<\/p>\n<p>Denne sk\u00e5l er fremstillet af uds\u00f8gt natursten, formet under s\u00e6rlige geologiske forhold, hvilket giver den en t\u00e6t og holdbar struktur. De naturlige m\u00f8nstre og farvespil p\u00e5 overfladen skaber en visuel dybde og dynamik, som fanger b\u00e5de \u00f8jet og fantasien. Den udstr\u00e5ler ro og elegance og er et eftertragtet valg til eksklusiv boligindretning.<\/p>\n<p><a href=\"https:\/\/forzini.com\/da\/materialer\/\" target=\"_blank\" rel=\"noopener\">L\u00e6r mere om vores kollektion af marmor og onyx via dette link: <\/a><a href=\"https:\/\/forzini.com\/da\/materialer\/\" target=\"_blank\" rel=\"noopener\"><strong>Materialer<\/strong><\/a><\/p>\n","protected":false},"excerpt":{"rendered":"<h2>Lille hvid marmor sk\u00e5l<\/h2>\n<p>En lille dekorativ genstand, der tilf\u00f8rer rummet et strejf af klasse og raffinement. H\u00e5ndlavet af den fineste marmor, er denne sk\u00e5l b\u00e5de \u00e6stetisk og funktionel \u2014 perfekt til mange form\u00e5l i hjemmet. Det tidl\u00f8se og minimalistiske design sikrer, at den skiller sig ud i enhver indretning. Hver sk\u00e5l er unik, med naturlige \u00e5rer og nuancer, der afspejler den iboende sk\u00f8nhed i vores eksklusive marmor.<\/p>\n<p>&nbsp;<\/p>\n","protected":false},"featured_media":17861,"comment_status":"closed","ping_status":"closed","template":"","meta":{"_acf_changed":false,"_joinchat":[]},"product_brand":[],"product_cat":[384,308],"product_tag":[322],"class_list":{"0":"post-17875","1":"product","2":"type-product","3":"status-publish","4":"has-post-thumbnail","6":"product_cat-boligtilbehoer","7":"product_cat-tilbehor","8":"product_tag-marmor-da","10":"first","11":"instock","12":"sale","13":"featured","14":"shipping-taxable","15":"purchasable","16":"product-type-simple"},"acf":[],"_links":{"self":[{"href":"https:\/\/forzini.com\/da\/wp-json\/wp\/v2\/product\/17875","targetHints":{"allow":["GET"]}}],"collection":[{"href":"https:\/\/forzini.com\/da\/wp-json\/wp\/v2\/product"}],"about":[{"href":"https:\/\/forzini.com\/da\/wp-json\/wp\/v2\/types\/product"}],"replies":[{"embeddable":true,"href":"https:\/\/forzini.com\/da\/wp-json\/wp\/v2\/comments?post=17875"}],"version-history":[{"count":0,"href":"https:\/\/forzini.com\/da\/wp-json\/wp\/v2\/product\/17875\/revisions"}],"wp:featuredmedia":[{"embeddable":true,"href":"https:\/\/forzini.com\/da\/wp-json\/wp\/v2\/media\/17861"}],"wp:attachment":[{"href":"https:\/\/forzini.com\/da\/wp-json\/wp\/v2\/media?parent=17875"}],"wp:term":[{"taxonomy":"product_brand","embeddable":true,"href":"https:\/\/forzini.com\/da\/wp-json\/wp\/v2\/product_brand?post=17875"},{"taxonomy":"product_cat","embeddable":true,"href":"https:\/\/forzini.com\/da\/wp-json\/wp\/v2\/product_cat?post=17875"},{"taxonomy":"product_tag","embeddable":true,"href":"https:\/\/forzini.com\/da\/wp-json\/wp\/v2\/product_tag?post=17875"}],"curies":[{"name":"wp","href":"https:\/\/api.w.org\/{rel}","templated":true}]}}