{"id":17644,"date":"2024-10-29T23:20:25","date_gmt":"2024-10-29T22:20:25","guid":{"rendered":"https:\/\/forzini.com\/producto\/bowl-de-marmol-redondo\/"},"modified":"2025-10-05T15:54:54","modified_gmt":"2025-10-05T13:54:54","slug":"hvid-marmorskaal-dekorativ","status":"publish","type":"product","link":"https:\/\/forzini.com\/da\/producto\/hvid-marmorskaal-dekorativ\/","title":{"rendered":"Hvid marmorsk\u00e5l \u2013 luksuri\u00f8s detalje til moderne hjem"},"content":{"rendered":"<h2>Hvid marmorsk\u00e5l dekorativ &#8211; luksuri\u00f8s detalje til moderne hjem &#8220;Bacchus W&#8221;<\/h2>\n<p>Den hvide marmorsk\u00e5l er en unik og alsidig genstand, der tilf\u00f8rer elegance og funktionalitet til ethvert rum. Denne mellemstore sk\u00e5l, h\u00e5ndsk\u00e5ret i hvid marmor af h\u00f8j kvalitet, udm\u00e6rker sig ved sit delikate design og bl\u00f8de, naturlige \u00e5rer, som giver den et eksklusivt og sofistikeret udtryk. Takket v\u00e6re sin alsidighed kan den hvide marmorsk\u00e5l bruges til mange form\u00e5l \u2013 som et elegant midtpunkt p\u00e5 bordet, en dekorativ lysestage eller som beholder til sm\u00e5 genstande, frugt eller t\u00f8rrede blomster.<\/p>\n<p>Den hvide marmor tilf\u00f8rer ikke blot et strejf af luksus, men sikrer ogs\u00e5 holdbarhed og styrke, hvilket g\u00f8r sk\u00e5len til en ideel dekorationsgenstand til b\u00e5de daglig brug og s\u00e6rlige lejligheder. Den glatte, polerede overflade og det h\u00e5ndv\u00e6rksm\u00e6ssige finish giver en behagelig tekstur og et raffineret udseende, der passer til forskellige indretningsstile \u2013 fra moderne minimalisme til klassisk elegance.<\/p>\n<p>Denne hvide marmorsk\u00e5l er ogs\u00e5 en fremragende gaveid\u00e9, da det tidl\u00f8se design og den h\u00f8je kvalitet g\u00f8r den til et uundv\u00e6rligt dekorativt element i ethvert hjem. Som et h\u00e5ndlavet produkt er hver sk\u00e5l unik og afspejler marmorets naturlige sk\u00f8nhed og det kunstneriske h\u00e5ndv\u00e6rk bag.<\/p>\n<p>Perfekt til at forsk\u00f8nne borde, hylder eller k\u00f8kkenborde \u2013 denne runde marmorsk\u00e5l passer smukt ind i ethvert rum og bliver hurtigt et blikfang, der fremh\u00e6ver indretningens stil.<\/p>\n<p>&nbsp;<\/p>\n<p><a href=\"https:\/\/forzini.com\/da\/materialer\/\" target=\"_blank\" rel=\"noopener\">L\u00e6r mere om vores kollektion af marmor og onyx via dette link: <\/a><a href=\"https:\/\/forzini.com\/da\/materialer\/\" target=\"_blank\" rel=\"noopener\"><strong>Materialer<\/strong><\/a><\/p>\n","protected":false},"excerpt":{"rendered":"<h1>Hvid marmorsk\u00e5l<\/h1>\n<p>En alsidig og raffineret dekorationsgenstand, ideel til hjemmet. H\u00e5ndlavet i hvid marmor med fine naturlige \u00e5rer, har den et elegant design, der g\u00f8r den perfekt som midtpunkt p\u00e5 bordet, som lysestage eller til opbevaring af sm\u00e5 genstande. Denne sk\u00e5l i mellemst\u00f8rrelse udm\u00e6rker sig ikke kun ved sin sk\u00f8nhed, men ogs\u00e5 ved sin holdbarhed, hvilket g\u00f8r den til et praktisk valg til daglig brug eller som en s\u00e6rlig gave. Dens tidl\u00f8se stil passer ind i enhver indretning og tilf\u00f8rer rummet et strejf af sofistikation og eksklusivitet.<\/p>\n","protected":false},"featured_media":17634,"comment_status":"closed","ping_status":"closed","template":"","meta":{"_acf_changed":false,"_joinchat":[]},"product_brand":[],"product_cat":[384,308],"product_tag":[322],"class_list":{"0":"post-17644","1":"product","2":"type-product","3":"status-publish","4":"has-post-thumbnail","6":"product_cat-boligtilbehoer","7":"product_cat-tilbehor","8":"product_tag-marmor-da","10":"first","11":"instock","12":"sale","13":"featured","14":"shipping-taxable","15":"purchasable","16":"product-type-simple"},"acf":[],"_links":{"self":[{"href":"https:\/\/forzini.com\/da\/wp-json\/wp\/v2\/product\/17644","targetHints":{"allow":["GET"]}}],"collection":[{"href":"https:\/\/forzini.com\/da\/wp-json\/wp\/v2\/product"}],"about":[{"href":"https:\/\/forzini.com\/da\/wp-json\/wp\/v2\/types\/product"}],"replies":[{"embeddable":true,"href":"https:\/\/forzini.com\/da\/wp-json\/wp\/v2\/comments?post=17644"}],"version-history":[{"count":0,"href":"https:\/\/forzini.com\/da\/wp-json\/wp\/v2\/product\/17644\/revisions"}],"wp:featuredmedia":[{"embeddable":true,"href":"https:\/\/forzini.com\/da\/wp-json\/wp\/v2\/media\/17634"}],"wp:attachment":[{"href":"https:\/\/forzini.com\/da\/wp-json\/wp\/v2\/media?parent=17644"}],"wp:term":[{"taxonomy":"product_brand","embeddable":true,"href":"https:\/\/forzini.com\/da\/wp-json\/wp\/v2\/product_brand?post=17644"},{"taxonomy":"product_cat","embeddable":true,"href":"https:\/\/forzini.com\/da\/wp-json\/wp\/v2\/product_cat?post=17644"},{"taxonomy":"product_tag","embeddable":true,"href":"https:\/\/forzini.com\/da\/wp-json\/wp\/v2\/product_tag?post=17644"}],"curies":[{"name":"wp","href":"https:\/\/api.w.org\/{rel}","templated":true}]}}