{"id":17499,"date":"2025-03-30T15:26:20","date_gmt":"2025-03-30T13:26:20","guid":{"rendered":"https:\/\/forzini.com\/producto\/plato-decorativo-de-ceramica-marroqui\/"},"modified":"2025-10-03T23:19:30","modified_gmt":"2025-10-03T21:19:30","slug":"marokkanske-tallerkener-keramik","status":"publish","type":"product","link":"https:\/\/forzini.com\/da\/producto\/marokkanske-tallerkener-keramik\/","title":{"rendered":"Marokkanske tallerkener i keramik"},"content":{"rendered":"<h2><strong>Marokkanske tallerkener i keramik \u2013 h\u00e5ndlavet dekoration<\/strong><\/h2>\n<p>Denne <strong>marokkanske tallerken i keramik<\/strong>, h\u00e5ndlavet af dygtige h\u00e5ndv\u00e6rkere fra Safi, er et \u00e6gte mesterv\u00e6rk. Med respekt for \u00e5rhundredgamle traditioner er hver tallerken omhyggeligt formet og malet i h\u00e5nden, og den repr\u00e6senterer det fineste inden for marokkansk kunsth\u00e5ndv\u00e6rk. De levende farver og de indviklede m\u00f8nstre g\u00f8r hver enkelt tallerken til et unikt kunstv\u00e6rk.<\/p>\n<p>Denne store <strong>marokkanske dekorative tallerken<\/strong>, b\u00e5de smuk og funktionel, passer perfekt ind i mange forskellige milj\u00f8er. H\u00e6ng den p\u00e5 v\u00e6ggen som et kunstnerisk element, brug den som en elegant frugtsk\u00e5l eller som et i\u00f8jnefaldende midtpunkt p\u00e5 spisebordet \u2013 det tidl\u00f8se design og de uds\u00f8gte detaljer tilf\u00f8rer charme til ethvert hjem.<\/p>\n<p>Tallerkenen afspejler Marokkos rige kulturarv og h\u00e5ndv\u00e6rkernes dedikation til deres fag, hvilket g\u00f8r den til et s\u00e6rligt supplement til enhver samling eller boligindretning.<\/p>\n<h3><strong>Fremh\u00e6vede egenskaber:<\/strong><\/h3>\n<h3>Diameter: 35 cm<\/h3>\n<h3>H\u00f8jde: 6\u20137 cm<\/h3>\n<h3><\/h3>\n","protected":false},"excerpt":{"rendered":"<h1>Marokkanske tallerkener i keramik<\/h1>\n<p>Denne h\u00e5ndlavede marokkanske keramiksk\u00e5l er et unikt stykke, omhyggeligt fremstillet af dygtige h\u00e5ndv\u00e6rkere fra Safi. Med levende farver og indviklede m\u00f8nstre er hver tallerken enest\u00e5ende og en perfekt kombination af kunst og funktionalitet til dekoration i ethvert hjem.<\/p>\n","protected":false},"featured_media":17412,"comment_status":"closed","ping_status":"closed","template":"","meta":{"_acf_changed":false,"_joinchat":[]},"product_brand":[],"product_cat":[384,308],"product_tag":[317],"class_list":{"0":"post-17499","1":"product","2":"type-product","3":"status-publish","4":"has-post-thumbnail","6":"product_cat-boligtilbehoer","7":"product_cat-tilbehor","8":"product_tag-keramik-da","10":"first","11":"instock","12":"sale","13":"featured","14":"shipping-taxable","15":"purchasable","16":"product-type-simple"},"acf":[],"_links":{"self":[{"href":"https:\/\/forzini.com\/da\/wp-json\/wp\/v2\/product\/17499","targetHints":{"allow":["GET"]}}],"collection":[{"href":"https:\/\/forzini.com\/da\/wp-json\/wp\/v2\/product"}],"about":[{"href":"https:\/\/forzini.com\/da\/wp-json\/wp\/v2\/types\/product"}],"replies":[{"embeddable":true,"href":"https:\/\/forzini.com\/da\/wp-json\/wp\/v2\/comments?post=17499"}],"version-history":[{"count":0,"href":"https:\/\/forzini.com\/da\/wp-json\/wp\/v2\/product\/17499\/revisions"}],"wp:featuredmedia":[{"embeddable":true,"href":"https:\/\/forzini.com\/da\/wp-json\/wp\/v2\/media\/17412"}],"wp:attachment":[{"href":"https:\/\/forzini.com\/da\/wp-json\/wp\/v2\/media?parent=17499"}],"wp:term":[{"taxonomy":"product_brand","embeddable":true,"href":"https:\/\/forzini.com\/da\/wp-json\/wp\/v2\/product_brand?post=17499"},{"taxonomy":"product_cat","embeddable":true,"href":"https:\/\/forzini.com\/da\/wp-json\/wp\/v2\/product_cat?post=17499"},{"taxonomy":"product_tag","embeddable":true,"href":"https:\/\/forzini.com\/da\/wp-json\/wp\/v2\/product_tag?post=17499"}],"curies":[{"name":"wp","href":"https:\/\/api.w.org\/{rel}","templated":true}]}}