{"id":17346,"date":"2024-10-30T21:47:51","date_gmt":"2024-10-30T20:47:51","guid":{"rendered":"https:\/\/forzini.com\/producto\/bowl-oval-grande-de-marmol\/"},"modified":"2026-01-05T23:03:47","modified_gmt":"2026-01-05T22:03:47","slug":"dekorative-serveringsbakker","status":"publish","type":"product","link":"https:\/\/forzini.com\/da\/producto\/dekorative-serveringsbakker\/","title":{"rendered":"Dekorative serveringsbakker i marmor"},"content":{"rendered":"<h2>Dekorative serveringsbakker i marmor \u2013 elegant design &#8220;Oh Helios L&#8221;<\/h2>\n<p>Denne dekorative serveringsbakke i marmor, fremstillet af lysegr\u00f8n, gennemsigtig onyx, er et symbol p\u00e5 elegance og h\u00e5ndv\u00e6rksm\u00e6ssig dygtighed. Den b\u00f8lgede form fanger straks opm\u00e6rksomheden og fremh\u00e6ver det uds\u00f8gte kunsth\u00e5ndv\u00e6rk fra erfarne mestre, som former hver kurve med perfektion. Denne dekorative serveringsbakke er ikke blot en funktionel genstand \u2013 den er et kunstv\u00e6rk, der tilf\u00f8rer sofistikation til ethvert rum. Den fine onyx tillader lyset at passere gennem dens v\u00e6gge og skaber en n\u00e6sten \u00e6terisk effekt, som var den sk\u00e5ret i en silkebl\u00f8d sky-lignende sten.<\/p>\n<p>Meget alsidig, denne dekorative serveringsbakke i marmor er en exceptionel dekorationstallerken, perfekt til at fremvise friske frugter, s\u00e6sonbetonet pynt eller som et elegant midtpunkt p\u00e5 bordet. Uanset om det er til en intim sammenkomst eller en stor fest, tilf\u00f8rer den et strejf af raffineret luksus og imponerer g\u00e6sterne med sit delikate design og eksklusive stenh\u00e5ndv\u00e6rk.<\/p>\n<p>For dem, der s\u00f8ger en mindev\u00e6rdig gave, er denne dekorative serveringsbakke det ideelle valg til f\u00f8dselsdage, housewarmings og s\u00e6rlige lejligheder. Dens tidl\u00f8se stil og alsidighed g\u00f8r den til en v\u00e6rdifuld genstand i ethvert hjem, hvor den forener sk\u00f8nhed og funktionalitet i en hyldest til stenhuggerkunsten.<\/p>\n<p><strong>Vores anbefaling:<\/strong> Denne dekorative bakke passer perfekt sammen med vores champagnek\u00f8ler &#8220;Oh Lares&#8221;.<\/p>\n<p><strong>Verde Green Onyx:<\/strong> En lysegr\u00f8n baggrund smukt fremh\u00e6vet af hvide b\u00f8lger, krydret med bronzefarvede, gyldenbrune og r\u00f8dbrune \u00e5rer. Udvundet i meget begr\u00e6nsede m\u00e6ngder, er denne variant en s\u00e6rligt gennemsigtig type onyx.<\/p>\n<p>&nbsp;<\/p>\n<p><a href=\"https:\/\/forzini.com\/da\/materialer\/\" target=\"_blank\" rel=\"noopener\">L\u00e6r mere om vores kollektion af marmor og onyx via dette link: <\/a><a href=\"https:\/\/forzini.com\/da\/materialer\/\" target=\"_blank\" rel=\"noopener\"><strong>Materialer<\/strong><\/a><\/p>\n","protected":false},"excerpt":{"rendered":"<h1>Dekorative serveringsbakker<\/h1>\n<p>H\u00e5ndsk\u00e5ret i lysegr\u00f8n, gennemsigtig onyx med en unik b\u00f8lget form. Det elegante og lette design fanger lyset p\u00e5 smukkeste vis og skaber en bl\u00f8d, sky-lignende effekt. Perfekt som midtpunkt p\u00e5 bordet \u2013 fungerer b\u00e5de som frugtfad og dekorativ bakke. Ideel til s\u00e6rlige lejligheder, denne uds\u00f8gte sk\u00e5l er en imponerende gave til f\u00f8dselsdage, housewarmings eller festlige begivenheder, da den forener kunst og funktionalitet og efterlader et varigt indtryk.<\/p>\n<h2>Dimensjoner: L\u00e6ngde 35 cm, Bredde 15 cm, H\u00f8jde 10 cm.<\/h2>\n","protected":false},"featured_media":17347,"comment_status":"closed","ping_status":"closed","template":"","meta":{"_acf_changed":false,"_joinchat":[]},"product_brand":[],"product_cat":[384,308],"product_tag":[323],"class_list":{"0":"post-17346","1":"product","2":"type-product","3":"status-publish","4":"has-post-thumbnail","6":"product_cat-boligtilbehoer","7":"product_cat-tilbehor","8":"product_tag-onyx-da","10":"first","11":"instock","12":"sale","13":"featured","14":"shipping-taxable","15":"purchasable","16":"product-type-simple"},"acf":[],"_links":{"self":[{"href":"https:\/\/forzini.com\/da\/wp-json\/wp\/v2\/product\/17346","targetHints":{"allow":["GET"]}}],"collection":[{"href":"https:\/\/forzini.com\/da\/wp-json\/wp\/v2\/product"}],"about":[{"href":"https:\/\/forzini.com\/da\/wp-json\/wp\/v2\/types\/product"}],"replies":[{"embeddable":true,"href":"https:\/\/forzini.com\/da\/wp-json\/wp\/v2\/comments?post=17346"}],"version-history":[{"count":2,"href":"https:\/\/forzini.com\/da\/wp-json\/wp\/v2\/product\/17346\/revisions"}],"predecessor-version":[{"id":23460,"href":"https:\/\/forzini.com\/da\/wp-json\/wp\/v2\/product\/17346\/revisions\/23460"}],"wp:featuredmedia":[{"embeddable":true,"href":"https:\/\/forzini.com\/da\/wp-json\/wp\/v2\/media\/17347"}],"wp:attachment":[{"href":"https:\/\/forzini.com\/da\/wp-json\/wp\/v2\/media?parent=17346"}],"wp:term":[{"taxonomy":"product_brand","embeddable":true,"href":"https:\/\/forzini.com\/da\/wp-json\/wp\/v2\/product_brand?post=17346"},{"taxonomy":"product_cat","embeddable":true,"href":"https:\/\/forzini.com\/da\/wp-json\/wp\/v2\/product_cat?post=17346"},{"taxonomy":"product_tag","embeddable":true,"href":"https:\/\/forzini.com\/da\/wp-json\/wp\/v2\/product_tag?post=17346"}],"curies":[{"name":"wp","href":"https:\/\/api.w.org\/{rel}","templated":true}]}}