{"id":17296,"date":"2024-11-02T09:13:51","date_gmt":"2024-11-02T08:13:51","guid":{"rendered":"https:\/\/forzini.com\/producto\/bol-decorativo-de-marmol-de-pie\/"},"modified":"2025-10-02T22:26:42","modified_gmt":"2025-10-02T20:26:42","slug":"groen-skaal-paa-fod","status":"publish","type":"product","link":"https:\/\/forzini.com\/da\/producto\/groen-skaal-paa-fod\/","title":{"rendered":"Gr\u00f8n sk\u00e5l p\u00e5 fod \u2013 elegant boligdekoration"},"content":{"rendered":"<h2>Gr\u00f8n sk\u00e5l p\u00e5 fod \u2013 elegant og funktionel boligdekoration &#8220;Ceres L&#8221;<\/h2>\n<p>er et sandt mesterv\u00e6rk. H\u00e5ndlavet af den mest luksuri\u00f8se lysegr\u00f8nne onyx, udstr\u00e5ler den elegance med et strejf af overd\u00e5dighed. Den m\u00e5de, lyset danser gennem de fine, gennemsigtige v\u00e6gge, g\u00f8r den til et n\u00e6sten magisk objekt, der fanger blikket og fascinerer enhver, der ser den. Den fungerer som et imponerende midtpunkt p\u00e5 bordet, en samtalestarter og et kunstv\u00e6rk, der forvandler ethvert rum, den placeres i.<\/p>\n<p>Forestil dig denne storsl\u00e5ede sk\u00e5l p\u00e5 fod som pynt p\u00e5 dit sofabord, i entr\u00e9en eller i spisestuen. Dens alsidighed kender ingen gr\u00e6nser \u2013 den kan bruges som elegant smykkesk\u00e5l, raffineret n\u00f8gleholder eller som en glamour\u00f8s lysestage, der fylder rummet med et bl\u00f8dt og varmt sk\u00e6r. Det er ikke blot endnu en dekorationsgenstand, men en samlerobjekt skabt af dygtige h\u00e5ndv\u00e6rkere til at modst\u00e5 tidens tand og tilf\u00f8re hverdagen et uds\u00f8gt touch.<\/p>\n<p>For dem, der elsker elegance, er denne marmorsk\u00e5l mere end et k\u00f8b \u2013 det er en oplevelse, der l\u00f8fter hjemmet og begejstrer alle g\u00e6ster.<\/p>\n<p><strong>Galaxy Verde Onyx<\/strong> \u2013 En lysegr\u00f8n baggrund smukt fremh\u00e6vet af hvide b\u00f8lger og gennemsk\u00e5ret af bronzefarvede \u00e5rer i jordtoner og r\u00f8dgyldne nuancer. Udvindes kun i meget sm\u00e5 m\u00e6ngder og er en eksklusiv og s\u00e6rdeles gennemsigtig onyxvariant.<\/p>\n<p><a href=\"https:\/\/forzini.com\/da\/materialer\/\" target=\"_blank\" rel=\"noopener\">L\u00e6r mere om vores kollektion af marmor og onyx via dette link: <\/a><a href=\"https:\/\/forzini.com\/da\/materialer\/\" target=\"_blank\" rel=\"noopener\"><strong>Materialer<\/strong><\/a><\/p>\n","protected":false},"excerpt":{"rendered":"<h1>Gr\u00f8n sk\u00e5l p\u00e5 fod<\/h1>\n<p>er den perfekte gave til dem, der v\u00e6rds\u00e6tter sk\u00f8nheden i h\u00e5ndv\u00e6rk og har passion for elegant boligindretning. Den luksuri\u00f8se lysegr\u00f8nne onyx, h\u00e5ndsk\u00e5ret af dygtige kunsth\u00e5ndv\u00e6rkere, tilf\u00f8rer et strejf af raffinement til ethvert rum og g\u00f8r sk\u00e5len til en uforglemmelig gave til en person med sofistikeret smag.<\/p>\n<p>Hver sk\u00e5l er et unikt kunstv\u00e6rk, der skiller sig ud som et stilfuldt element i enhver indretning og udstr\u00e5ler b\u00e5de elegance og personlighed. Uanset om den pryder et sofabord, fungerer som en raffineret n\u00f8glebakke eller spreder et varmt sk\u00e6r som lysestage, fanger den opm\u00e6rksomheden og forsk\u00f8nner omgivelserne. For dem, der elsker charmen ved h\u00e5ndlavede genstande og v\u00e6rds\u00e6tter tidl\u00f8s sk\u00f8nhed i hjemmet, er denne marmorsk\u00e5l en gave, der vil blive v\u00e6rdsat og beundret i mange \u00e5r.<\/p>\n","protected":false},"featured_media":17280,"comment_status":"closed","ping_status":"closed","template":"","meta":{"_acf_changed":false,"_joinchat":[]},"product_brand":[],"product_cat":[384,308],"product_tag":[323],"class_list":{"0":"post-17296","1":"product","2":"type-product","3":"status-publish","4":"has-post-thumbnail","6":"product_cat-boligtilbehoer","7":"product_cat-tilbehor","8":"product_tag-onyx-da","10":"first","11":"instock","12":"sale","13":"featured","14":"shipping-taxable","15":"purchasable","16":"product-type-simple"},"acf":[],"_links":{"self":[{"href":"https:\/\/forzini.com\/da\/wp-json\/wp\/v2\/product\/17296","targetHints":{"allow":["GET"]}}],"collection":[{"href":"https:\/\/forzini.com\/da\/wp-json\/wp\/v2\/product"}],"about":[{"href":"https:\/\/forzini.com\/da\/wp-json\/wp\/v2\/types\/product"}],"replies":[{"embeddable":true,"href":"https:\/\/forzini.com\/da\/wp-json\/wp\/v2\/comments?post=17296"}],"version-history":[{"count":0,"href":"https:\/\/forzini.com\/da\/wp-json\/wp\/v2\/product\/17296\/revisions"}],"wp:featuredmedia":[{"embeddable":true,"href":"https:\/\/forzini.com\/da\/wp-json\/wp\/v2\/media\/17280"}],"wp:attachment":[{"href":"https:\/\/forzini.com\/da\/wp-json\/wp\/v2\/media?parent=17296"}],"wp:term":[{"taxonomy":"product_brand","embeddable":true,"href":"https:\/\/forzini.com\/da\/wp-json\/wp\/v2\/product_brand?post=17296"},{"taxonomy":"product_cat","embeddable":true,"href":"https:\/\/forzini.com\/da\/wp-json\/wp\/v2\/product_cat?post=17296"},{"taxonomy":"product_tag","embeddable":true,"href":"https:\/\/forzini.com\/da\/wp-json\/wp\/v2\/product_tag?post=17296"}],"curies":[{"name":"wp","href":"https:\/\/api.w.org\/{rel}","templated":true}]}}