{"id":17261,"date":"2024-11-02T17:36:36","date_gmt":"2024-11-02T16:36:36","guid":{"rendered":"https:\/\/forzini.com\/producto\/cuenco-de-marmol-decorativo\/"},"modified":"2025-10-02T19:53:26","modified_gmt":"2025-10-02T17:53:26","slug":"hvid-skaal-paa-fod-marmor","status":"publish","type":"product","link":"https:\/\/forzini.com\/da\/producto\/hvid-skaal-paa-fod-marmor\/","title":{"rendered":"Lille hvid marmorsk\u00e5l p\u00e5 fod"},"content":{"rendered":"<h2>Lille hvid marmorsk\u00e5l p\u00e5 fod &#8220;Ceres W&#8221;<\/h2>\n<p>Denne <strong>lille hvide marmorsk\u00e5l p\u00e5 fod<\/strong> er et imponerende kunstv\u00e6rk, der udstr\u00e5ler elegance og sofistikation. H\u00e5ndlavet af f\u00f8rsteklasses naturlig onyx af dygtige h\u00e5ndv\u00e6rkere, indfanger denne sk\u00e5l essensen af luksus og uds\u00f8gt h\u00e5ndv\u00e6rk. Hver marmorsk\u00e5l p\u00e5 fod begynder som en r\u00e5 natursten, som vores mestre forvandler til et kunstnerisk, dekorativt og funktionelt objekt.<\/p>\n<p>De bl\u00f8dt afrundede v\u00e6gge fanger og spreder lyset, hvilket skaber et dragende spil af skygger og fremh\u00e6ver onyxens fine \u00e5rer. Effekten er n\u00e6sten \u00e6terisk, med en gennemsigtighed der minder om en sky. Sk\u00e5len egner sig til mange form\u00e5l \u2013 som elegant lysestage, smykkefad, n\u00f8gleholder, bakke til sm\u00e5ting, serveringsfad eller som et i\u00f8jnefaldende dekorativt element.<\/p>\n<p>Perfekt til at fremh\u00e6ve borddekorationen ved begivenheder, fester eller intime familiesammenkomster \u2013 denne marmorsk\u00e5l tilf\u00f8rer ethvert rum tidl\u00f8s charme og alsidig funktionalitet. Den unikke onyxsk\u00e5l er mere end blot dekoration; den er et udtryk for raffineret smag og et uundv\u00e6rligt element for dem, der v\u00e6rds\u00e6tter uds\u00f8gt h\u00e5ndv\u00e6rk i boligindretningen.<\/p>\n<p><strong>Sugar White Onyx<\/strong> \u2013 En ren hvid farve fremh\u00e6vet af fine, bl\u00f8de og cremede gyldne linjer, der yndefuldt l\u00f8ber hen over overfladen. Denne h\u00f8jkvalitets hvide onyx er et sj\u00e6ldent fund, kun tilg\u00e6ngelig i begr\u00e6nsede m\u00e6ngder, da den udvindes fra et specifikt sted.<\/p>\n<p>&nbsp;<\/p>\n<p><a href=\"https:\/\/forzini.com\/da\/materialer\/\" target=\"_blank\" rel=\"noopener\">L\u00e6r mere om vores kollektion af marmor og onyx via dette link: <\/a><a href=\"https:\/\/forzini.com\/da\/materialer\/\" target=\"_blank\" rel=\"noopener\"><strong>Materialer<\/strong><\/a><\/p>\n","protected":false},"excerpt":{"rendered":"<h1>Lille hvid marmorsk\u00e5l p\u00e5 fod<\/h1>\n<p>er et betagende stykke h\u00e5ndv\u00e6rk, omhyggeligt udsk\u00e5ret i h\u00e5nden af naturlig onyx. Dens bl\u00f8de og kurvede design lader lyset lege gennem de fine \u00e5rer og skaber en blid gl\u00f8d med et udtryk, der minder om en sky. Dekorativ og funktionel p\u00e5 samme tid \u2013 denne sk\u00e5l kan bruges som lysestage, smykkesk\u00e5l, n\u00f8glebakke eller som et dekorativt element i enhver indretning. Den marmorsk\u00e5l p\u00e5 fod er et imponerende supplement til borddekoration ved sammenkomster eller som et i\u00f8jnefaldende indslag i hverdagen i stilfulde hjem, da den udstr\u00e5ler kunstnerisk finesse og tidl\u00f8s elegance.<\/p>\n","protected":false},"featured_media":17240,"comment_status":"closed","ping_status":"closed","template":"","meta":{"_acf_changed":false,"_joinchat":[]},"product_brand":[],"product_cat":[384,308],"product_tag":[323],"class_list":{"0":"post-17261","1":"product","2":"type-product","3":"status-publish","4":"has-post-thumbnail","6":"product_cat-boligtilbehoer","7":"product_cat-tilbehor","8":"product_tag-onyx-da","10":"first","11":"instock","12":"sale","13":"featured","14":"shipping-taxable","15":"purchasable","16":"product-type-simple"},"acf":[],"_links":{"self":[{"href":"https:\/\/forzini.com\/da\/wp-json\/wp\/v2\/product\/17261","targetHints":{"allow":["GET"]}}],"collection":[{"href":"https:\/\/forzini.com\/da\/wp-json\/wp\/v2\/product"}],"about":[{"href":"https:\/\/forzini.com\/da\/wp-json\/wp\/v2\/types\/product"}],"replies":[{"embeddable":true,"href":"https:\/\/forzini.com\/da\/wp-json\/wp\/v2\/comments?post=17261"}],"version-history":[{"count":0,"href":"https:\/\/forzini.com\/da\/wp-json\/wp\/v2\/product\/17261\/revisions"}],"wp:featuredmedia":[{"embeddable":true,"href":"https:\/\/forzini.com\/da\/wp-json\/wp\/v2\/media\/17240"}],"wp:attachment":[{"href":"https:\/\/forzini.com\/da\/wp-json\/wp\/v2\/media?parent=17261"}],"wp:term":[{"taxonomy":"product_brand","embeddable":true,"href":"https:\/\/forzini.com\/da\/wp-json\/wp\/v2\/product_brand?post=17261"},{"taxonomy":"product_cat","embeddable":true,"href":"https:\/\/forzini.com\/da\/wp-json\/wp\/v2\/product_cat?post=17261"},{"taxonomy":"product_tag","embeddable":true,"href":"https:\/\/forzini.com\/da\/wp-json\/wp\/v2\/product_tag?post=17261"}],"curies":[{"name":"wp","href":"https:\/\/api.w.org\/{rel}","templated":true}]}}