{"id":17220,"date":"2024-11-08T09:19:08","date_gmt":"2024-11-08T08:19:08","guid":{"rendered":"https:\/\/forzini.com\/producto\/cuenco-vaciabolsillos-de-marmol\/"},"modified":"2025-10-02T18:37:09","modified_gmt":"2025-10-02T16:37:09","slug":"lille-sort-marmorskaal-dekorativ","status":"publish","type":"product","link":"https:\/\/forzini.com\/da\/producto\/lille-sort-marmorskaal-dekorativ\/","title":{"rendered":"Lille dekorativ marmorsk\u00e5l i sort \u2013 stilfuldt design"},"content":{"rendered":"<h2>Lille dekorativ marmorsk\u00e5l i sort \u2013 stilfuldt design &#8220;Fontus B&#8221;<\/h2>\n<p><strong>Denne lille dekorative marmorsk\u00e5l<\/strong> er en \u00e6gte h\u00e5ndlavet juvel, omhyggeligt udsk\u00e5ret i h\u00e5nden med stor pr\u00e6cision. Dens sofistikerede og eksklusive design l\u00f8fter ethvert rum og tilf\u00f8rer et strejf af elegance, god smag og raffineret personlighed. Sk\u00e5len fremst\u00e5r med en smuk kontrast af m\u00f8rk chokoladefarve, gyldne karameltoner og fine hvide \u00e5rer, hvilket giver et naturligt og uforligneligt udtryk \u2013 en dekorativ genstand med st\u00e6rk visuel effekt.<\/p>\n<p><strong>Sk\u00e5lens alsidighed<\/strong> g\u00f8r den ideel til mange form\u00e5l i hjemmet: som lysestage, dekorativ sk\u00e5l til chokolade, eller som bakke til sm\u00e5 badev\u00e6relsesartikler. Den skiller sig altid ud p\u00e5 borde til arrangementer og sammenkomster, og dens uds\u00f8gte design tiltr\u00e6kker opm\u00e6rksomhed. Dens tilstedev\u00e6relse tilf\u00f8rer b\u00e5de funktionalitet og luksus, og g\u00f8r den uundv\u00e6rlig for dem, der \u00f8nsker at fuldende deres indretning med et eksklusivt touch.<\/p>\n<p><strong>Golden Cascad-marmor<\/strong> er en symfoni af kontraster, hvor den dybe og mystiske sorte farve oplyses af et ballet af \u00e5rer i hvid, karamel, r\u00f8dlig, gylden og brun. Hver enkelt skive fort\u00e6ller en geologisk kunsthistorie \u2013 et l\u00e6rred, hvor naturen har malet sit mest overd\u00e5dige design.<\/p>\n<p>&nbsp;<\/p>\n<p><a href=\"https:\/\/forzini.com\/da\/materialer\/\" target=\"_blank\" rel=\"noopener\">L\u00e6r mere om vores kollektion af marmor og onyx via dette link: <\/a><a href=\"https:\/\/forzini.com\/da\/materialer\/\" target=\"_blank\" rel=\"noopener\"><strong>Materialer<\/strong><\/a><\/p>\n","protected":false},"excerpt":{"rendered":"<h1>Lille dekorativ marmorsk\u00e5l<\/h1>\n<p>H\u00e5ndsk\u00e5ret og elegant \u2013 en dekorativ sk\u00e5l, der l\u00f8fter enhver indretning. Den unikke blanding af m\u00f8rke nuancer, gyldne refleksioner og fine hvide \u00e5rer giver et sofistikeret og eksklusivt udtryk.<\/p>\n<p>Sk\u00e5len er alsidig og kan bruges som lysestage, bakke til sm\u00e5 accessories, frugtsk\u00e5l eller som et i\u00f8jnefaldende midtpunkt p\u00e5 bordet ved s\u00e6rlige lejligheder. Med sit raffinerede design er den et uundv\u00e6rligt dekorativt element for dem, der \u00f8nsker at tilf\u00f8je stil og karakter til hjemmet.<\/p>\n<p>&nbsp;<\/p>\n","protected":false},"featured_media":17204,"comment_status":"closed","ping_status":"closed","template":"","meta":{"_acf_changed":false,"_joinchat":[]},"product_brand":[],"product_cat":[391,308],"product_tag":[322],"class_list":{"0":"post-17220","1":"product","2":"type-product","3":"status-publish","4":"has-post-thumbnail","6":"product_cat-boligdekoration","7":"product_cat-tilbehor","8":"product_tag-marmor-da","10":"first","11":"instock","12":"sale","13":"featured","14":"shipping-taxable","15":"purchasable","16":"product-type-simple"},"acf":[],"_links":{"self":[{"href":"https:\/\/forzini.com\/da\/wp-json\/wp\/v2\/product\/17220","targetHints":{"allow":["GET"]}}],"collection":[{"href":"https:\/\/forzini.com\/da\/wp-json\/wp\/v2\/product"}],"about":[{"href":"https:\/\/forzini.com\/da\/wp-json\/wp\/v2\/types\/product"}],"replies":[{"embeddable":true,"href":"https:\/\/forzini.com\/da\/wp-json\/wp\/v2\/comments?post=17220"}],"version-history":[{"count":0,"href":"https:\/\/forzini.com\/da\/wp-json\/wp\/v2\/product\/17220\/revisions"}],"wp:featuredmedia":[{"embeddable":true,"href":"https:\/\/forzini.com\/da\/wp-json\/wp\/v2\/media\/17204"}],"wp:attachment":[{"href":"https:\/\/forzini.com\/da\/wp-json\/wp\/v2\/media?parent=17220"}],"wp:term":[{"taxonomy":"product_brand","embeddable":true,"href":"https:\/\/forzini.com\/da\/wp-json\/wp\/v2\/product_brand?post=17220"},{"taxonomy":"product_cat","embeddable":true,"href":"https:\/\/forzini.com\/da\/wp-json\/wp\/v2\/product_cat?post=17220"},{"taxonomy":"product_tag","embeddable":true,"href":"https:\/\/forzini.com\/da\/wp-json\/wp\/v2\/product_tag?post=17220"}],"curies":[{"name":"wp","href":"https:\/\/api.w.org\/{rel}","templated":true}]}}