{"id":17057,"date":"2025-05-25T15:07:32","date_gmt":"2025-05-25T13:07:32","guid":{"rendered":"https:\/\/forzini.com\/producto\/tazon-decorativo-de-marmol\/"},"modified":"2025-10-01T18:50:15","modified_gmt":"2025-10-01T16:50:15","slug":"dekorativ-bakke-beige-stor","status":"publish","type":"product","link":"https:\/\/forzini.com\/da\/producto\/dekorativ-bakke-beige-stor\/","title":{"rendered":"Stor dekorativ bakke i beige marmor"},"content":{"rendered":"<h2 data-start=\"276\" data-end=\"660\">Stor dekorativ bakke i beige marmor<\/h2>\n<p><strong>Stor dekorativ bakke i beige marmor<\/strong> er meget mere end blot et tilbeh\u00f8r \u2013 det er et designobjekt, der forvandler ethvert rum. Den perfekt polerede, runde form med bl\u00f8de, glatte kanter fremh\u00e6ver den naturlige sk\u00f8nhed i onyks, en halv\u00e6delsten med en unik farvepalet fra cremet beige til karamel og intens toffee.<\/p>\n<p>Takket v\u00e6re sin sofistikerede udstr\u00e5ling og tidl\u00f8se design passer denne bakke nemt ind i moderne, nordiske, japandi, rustikke og samtidsorienterede indretningsstile. Den gener\u00f8se st\u00f8rrelse g\u00f8r den til et i\u00f8jnefaldende midtpunkt \u2013 ideel til festlige lejligheder, som frugtsk\u00e5l, elegant opbevaring af sm\u00e5ting eller som raffineret dekoration p\u00e5 spisebordet, i k\u00f8kkenet, entr\u00e9en eller p\u00e5 en konsol.<\/p>\n<p>Hver <strong>stor dekorativ bakke i beige marmor<\/strong> er unik og uerstattelig, h\u00e5ndsk\u00e5ret i naturlig sten med egne \u00e5rer og nuancer, hvilket giver karakter og s\u00e6rpr\u00e6g. Udover at forsk\u00f8nne rummet er den ogs\u00e5 praktisk og funktionel til daglig brug.<\/p>\n<p>Hvis du leder efter en original og stilfuld gave, er denne marmorbakke i onyks et perfekt valg \u2013 eksklusiv, anvendelig og fuld af personlighed.<\/p>\n<p>Cream Cachemir Onyks er en exceptionel sten med en varm cremefarvet bund, gennemsk\u00e5ret af unikke \u00e5rer i hvid, gylden, karamel og intens toffee. Disse naturlige m\u00f8nstre l\u00f8ber harmonisk over overfladen og skaber en sofistikeret og eksklusiv \u00e6stetik.<\/p>\n<p data-start=\"1336\" data-end=\"1483\"><a href=\"https:\/\/forzini.com\/da\/materialer\/\" target=\"_blank\" rel=\"noopener\">L\u00e6r mere om vores kollektion af marmor og onyx via dette link: <\/a><a href=\"https:\/\/forzini.com\/da\/materialer\/\" target=\"_blank\" rel=\"noopener\"><strong>Materialer<\/strong><\/a><\/p>\n","protected":false},"excerpt":{"rendered":"<h1>Stor dekorativ bakke i beige marmor<\/h1>\n<p>Denne store bakke i onyx er et sofistikeret dekorativt element, der tilf\u00f8rer luksus og eksklusivitet til ethvert rum. Den runde form fremh\u00e6ver de unikke \u00e5rer i den naturlige onyx, som varierer fra creme og beige nuancer til intens toffee. Perfekt som frugtsk\u00e5l, opbevaring til sm\u00e5ting eller som et elegant midtpunkt p\u00e5 bordet \u2013 den passer smukt ind i moderne, nordiske, Japandi- eller rustikke indretningsstile. Hver bakke er unik og uerstattelig, hvilket g\u00f8r den til en enest\u00e5ende gave for dem, der v\u00e6rds\u00e6tter naturlig sk\u00f8nhed og eksklusivt design.<\/p>\n<h2><strong>M\u00e5l:<\/strong> Diameter 30 cm, H\u00f8jde 6 cm<\/h2>\n<p>&nbsp;<\/p>\n","protected":false},"featured_media":17058,"comment_status":"closed","ping_status":"closed","template":"","meta":{"_acf_changed":false,"_joinchat":[]},"product_brand":[],"product_cat":[384,308],"product_tag":[323],"class_list":{"0":"post-17057","1":"product","2":"type-product","3":"status-publish","4":"has-post-thumbnail","6":"product_cat-boligtilbehoer","7":"product_cat-tilbehor","8":"product_tag-onyx-da","10":"first","11":"instock","12":"sale","13":"shipping-taxable","14":"purchasable","15":"product-type-simple"},"acf":[],"_links":{"self":[{"href":"https:\/\/forzini.com\/da\/wp-json\/wp\/v2\/product\/17057","targetHints":{"allow":["GET"]}}],"collection":[{"href":"https:\/\/forzini.com\/da\/wp-json\/wp\/v2\/product"}],"about":[{"href":"https:\/\/forzini.com\/da\/wp-json\/wp\/v2\/types\/product"}],"replies":[{"embeddable":true,"href":"https:\/\/forzini.com\/da\/wp-json\/wp\/v2\/comments?post=17057"}],"version-history":[{"count":0,"href":"https:\/\/forzini.com\/da\/wp-json\/wp\/v2\/product\/17057\/revisions"}],"wp:featuredmedia":[{"embeddable":true,"href":"https:\/\/forzini.com\/da\/wp-json\/wp\/v2\/media\/17058"}],"wp:attachment":[{"href":"https:\/\/forzini.com\/da\/wp-json\/wp\/v2\/media?parent=17057"}],"wp:term":[{"taxonomy":"product_brand","embeddable":true,"href":"https:\/\/forzini.com\/da\/wp-json\/wp\/v2\/product_brand?post=17057"},{"taxonomy":"product_cat","embeddable":true,"href":"https:\/\/forzini.com\/da\/wp-json\/wp\/v2\/product_cat?post=17057"},{"taxonomy":"product_tag","embeddable":true,"href":"https:\/\/forzini.com\/da\/wp-json\/wp\/v2\/product_tag?post=17057"}],"curies":[{"name":"wp","href":"https:\/\/api.w.org\/{rel}","templated":true}]}}