{"id":16962,"date":"2024-11-10T13:42:34","date_gmt":"2024-11-10T12:42:34","guid":{"rendered":"https:\/\/forzini.com\/producto\/reloj-de-pared-moderno-para-salon\/"},"modified":"2025-09-29T22:22:02","modified_gmt":"2025-09-29T20:22:02","slug":"design-vaegur-rund","status":"publish","type":"product","link":"https:\/\/forzini.com\/da\/producto\/design-vaegur-rund\/","title":{"rendered":"Design v\u00e6gur i natursten \u2013 stilfuldt til moderne hjem"},"content":{"rendered":"<h2>Design v\u00e6gur i natursten \u2013 stilfuldt valg til moderne hjem &#8220;Hera B&#8221;<\/h2>\n<p>Dette imponerende <strong>design v\u00e6gur i natursten<\/strong> er den perfekte kombination af naturlig sk\u00f8nhed og moderne design \u2013 ideelt til at tilf\u00f8je elegance og karakter til nutidens boligindretning. Hvert ur er unikt med naturlige \u00e5rem\u00f8nstre og farvevariationer, hvilket g\u00f8r det til et i\u00f8jnefaldende dekorativt element. Den runde form passer perfekt ind i minimalistiske og moderne rum og skaber et markant fokuspunkt p\u00e5 enhver v\u00e6g.<\/p>\n<p>Den glatte overflade og det raffinerede finish af onyks tilf\u00f8rer et strejf af luksus, mens de varme og jordn\u00e6re toner skaber en f\u00f8lelse af ro og naturlig sk\u00f8nhed i hjemmet. Dette <strong>design v\u00e6gur i natursten<\/strong> er ikke kun et funktionelt ur, men ogs\u00e5 et kunstv\u00e6rk, der l\u00f8fter atmosf\u00e6ren i stuer, kontorer eller sovev\u00e6relser. Det lydl\u00f8se kvartsurv\u00e6rk af h\u00f8j kvalitet sikrer pr\u00e6cis tidsm\u00e5ling uden forstyrrende tikken, s\u00e5 du kan tilf\u00f8je stil uden at forstyrre rummets ro.<\/p>\n<p>Perfekt til dem, der v\u00e6rds\u00e6tter unik og naturlig indretning \u2013 dette design v\u00e6gur i natursten er en fremragende gaveid\u00e9 til indflytningsfest eller s\u00e6rlige lejligheder. Det tidl\u00f8se design og den naturlige elegance g\u00f8r det til et uundv\u00e6rligt tilbeh\u00f8r for enhver, der \u00f8nsker at l\u00f8fte hjemmet med et strejf af sofistikation.<\/p>\n<p>Vores tip: Dette moderne v\u00e6gur passer perfekt sammen med vores dekorative marmork\u00e6de &#8220;Rhea&#8221;.<\/p>\n<p>Brun Toffee Onyks: Denne uds\u00f8gte sten byder p\u00e5 en fantastisk variation af nuancer \u2013 fra m\u00f8rk til lys brun, moccafarvet, m\u00f8rk chokolade og hvid, blandet med gr\u00f8nne og gyldne gule toner, som tilsammen danner mystiske \u00e5rem\u00f8nstre p\u00e5 overfladen. Selvom den kan v\u00e6re mindre gennemsigtig p\u00e5 grund af sine levende farver, har denne variant en unik, udtryksfuld og i\u00f8jnefaldende farve, der forst\u00e6rker interi\u00f8ret med den pragt, som kun \u00e6gte onyks kan tilbyde.<\/p>\n<p><a href=\"https:\/\/forzini.com\/da\/materialer\/\" target=\"_blank\" rel=\"noopener\">L\u00e6r mere om vores kollektion af marmor og onyx via dette link: <\/a><a href=\"https:\/\/forzini.com\/da\/materialer\/\" target=\"_blank\" rel=\"noopener\"><strong>Materialer<\/strong><\/a><\/p>\n","protected":false},"excerpt":{"rendered":"<h1>Design v\u00e6gur i natursten<\/h1>\n<p>Fremstillet i luksuri\u00f8s brun onyx, kombinerer dette runde v\u00e6gur den naturlige sk\u00f8nhed med et elegant og moderne design. Dets unikke \u00e5rem\u00f8nster og jordn\u00e6re nuancer g\u00f8r det til en perfekt accent i moderne interi\u00f8rer, hvor det tilf\u00f8rer b\u00e5de funktionalitet og stil til ethvert rum.<\/p>\n<h2><strong>M\u00e5l: Diameter 35 cm<\/strong><\/h2>\n","protected":false},"featured_media":16963,"comment_status":"closed","ping_status":"closed","template":"","meta":{"_acf_changed":false,"_joinchat":[]},"product_brand":[],"product_cat":[391,308],"product_tag":[323],"class_list":{"0":"post-16962","1":"product","2":"type-product","3":"status-publish","4":"has-post-thumbnail","6":"product_cat-boligdekoration","7":"product_cat-tilbehor","8":"product_tag-onyx-da","10":"first","11":"instock","12":"sale","13":"featured","14":"shipping-taxable","15":"purchasable","16":"product-type-simple"},"acf":[],"_links":{"self":[{"href":"https:\/\/forzini.com\/da\/wp-json\/wp\/v2\/product\/16962","targetHints":{"allow":["GET"]}}],"collection":[{"href":"https:\/\/forzini.com\/da\/wp-json\/wp\/v2\/product"}],"about":[{"href":"https:\/\/forzini.com\/da\/wp-json\/wp\/v2\/types\/product"}],"replies":[{"embeddable":true,"href":"https:\/\/forzini.com\/da\/wp-json\/wp\/v2\/comments?post=16962"}],"version-history":[{"count":0,"href":"https:\/\/forzini.com\/da\/wp-json\/wp\/v2\/product\/16962\/revisions"}],"wp:featuredmedia":[{"embeddable":true,"href":"https:\/\/forzini.com\/da\/wp-json\/wp\/v2\/media\/16963"}],"wp:attachment":[{"href":"https:\/\/forzini.com\/da\/wp-json\/wp\/v2\/media?parent=16962"}],"wp:term":[{"taxonomy":"product_brand","embeddable":true,"href":"https:\/\/forzini.com\/da\/wp-json\/wp\/v2\/product_brand?post=16962"},{"taxonomy":"product_cat","embeddable":true,"href":"https:\/\/forzini.com\/da\/wp-json\/wp\/v2\/product_cat?post=16962"},{"taxonomy":"product_tag","embeddable":true,"href":"https:\/\/forzini.com\/da\/wp-json\/wp\/v2\/product_tag?post=16962"}],"curies":[{"name":"wp","href":"https:\/\/api.w.org\/{rel}","templated":true}]}}