{"id":16893,"date":"2024-11-11T09:25:13","date_gmt":"2024-11-11T08:25:13","guid":{"rendered":"https:\/\/forzini.com\/producto\/reloj-de-pared-grande\/"},"modified":"2025-09-24T09:07:07","modified_gmt":"2025-09-24T07:07:07","slug":"vaegur-stort-moderne","status":"publish","type":"product","link":"https:\/\/forzini.com\/da\/producto\/vaegur-stort-moderne\/","title":{"rendered":"Stort v\u00e6gur i moderne design"},"content":{"rendered":"<h2>Stort v\u00e6gur i moderne design &#8220;Cronus L&#8221;<\/h2>\n<p>Dette uds\u00f8gte v\u00e6gur i moderne design (50&#215;50 cm) er en unik kreation til dem, der elsker minimalistisk og luksuri\u00f8s boligindretning. Uret er h\u00e5ndlavet af eksklusiv lysegr\u00f8n onyksmarmor med fine og subtile variationer \u2013 hver enkelt model har naturlige \u00e5rer og bl\u00f8de nuancer, som tilf\u00f8rer elegance til ethvert rum.<\/p>\n<p>Den kvadratiske form og de rene linjer g\u00f8r uret ideelt til moderne omgivelser, hvor det tilf\u00f8jer sofistikation uden at dominere indretningen. Den lysegr\u00f8nne onykssten med sine blide m\u00f8nstre og farvetoner skaber en beroligende effekt, hvilket g\u00f8r uret perfekt til stue, sovev\u00e6relse, kontor eller entr\u00e9.<\/p>\n<p>Det minimalistiske design fremh\u00e6ver stenens naturlige sk\u00f8nhed og g\u00f8r uret til b\u00e5de funktionelt tidsinstrument og dekorativt kunstv\u00e6rk. Med et lydl\u00f8st og pr\u00e6cist kvartsurv\u00e6rk sikrer det ro og n\u00f8jagtighed i dit hjem.<\/p>\n<p>Kombinationen af kvadratisk form, diskret stil og den eksklusive gr\u00f8nne onyksfinish g\u00f8r &#8220;Cronus L&#8221; til en ideel gave til dem, der v\u00e6rds\u00e6tter elegant og moderne indretning. Et tidl\u00f8st supplement, der tilf\u00f8rer subtil luksus, som kun natursten kan levere.<\/p>\n<p>Vores anbefaling: Dette originale v\u00e6gur passer perfekt sammen med vores marmorcandelaber &#8220;Selene&#8221;.<\/p>\n<p>Galaxy Green Onyks: En lysegr\u00f8n baggrund smukt fremh\u00e6vet af hvide b\u00f8lger og \u00e5rer i jordtoner som gyldenbrun og r\u00f8dlig. Udvundet i meget begr\u00e6nsede m\u00e6ngder \u2013 en eksklusiv og s\u00e6rdeles gennemsigtig variant af onyks.<\/p>\n<p>&nbsp;<\/p>\n<p><a href=\"https:\/\/forzini.com\/da\/materialer\/\" target=\"_blank\" rel=\"noopener\">L\u00e6r mere om vores kollektion af marmor og onyx via dette link: <\/a><a href=\"https:\/\/forzini.com\/da\/materialer\/\" target=\"_blank\" rel=\"noopener\"><strong>Materialer<\/strong><\/a><\/p>\n","protected":false},"excerpt":{"rendered":"<h1><strong>Stort v\u00e6gur i moderne design<\/strong><\/h1>\n<p>Dette eksklusive dekorative v\u00e6gur i gr\u00f8n onyksmarmor byder p\u00e5 et raffineret, minimalistisk design. Dets naturlige \u00e5rem\u00f8nster og lyse nuancer g\u00f8r det til det perfekte accentstykke i moderne rum, hvor funktionalitet m\u00f8der diskret elegance.<\/p>\n<h2><strong>M\u00e5l: 50&#215;50 cm<\/strong><\/h2>\n","protected":false},"featured_media":16894,"comment_status":"closed","ping_status":"closed","template":"","meta":{"_acf_changed":false,"_joinchat":[]},"product_brand":[],"product_cat":[391,308],"product_tag":[323],"class_list":{"0":"post-16893","1":"product","2":"type-product","3":"status-publish","4":"has-post-thumbnail","6":"product_cat-boligdekoration","7":"product_cat-tilbehor","8":"product_tag-onyx-da","10":"first","11":"instock","12":"sale","13":"featured","14":"shipping-taxable","15":"purchasable","16":"product-type-simple"},"acf":[],"_links":{"self":[{"href":"https:\/\/forzini.com\/da\/wp-json\/wp\/v2\/product\/16893","targetHints":{"allow":["GET"]}}],"collection":[{"href":"https:\/\/forzini.com\/da\/wp-json\/wp\/v2\/product"}],"about":[{"href":"https:\/\/forzini.com\/da\/wp-json\/wp\/v2\/types\/product"}],"replies":[{"embeddable":true,"href":"https:\/\/forzini.com\/da\/wp-json\/wp\/v2\/comments?post=16893"}],"version-history":[{"count":0,"href":"https:\/\/forzini.com\/da\/wp-json\/wp\/v2\/product\/16893\/revisions"}],"wp:featuredmedia":[{"embeddable":true,"href":"https:\/\/forzini.com\/da\/wp-json\/wp\/v2\/media\/16894"}],"wp:attachment":[{"href":"https:\/\/forzini.com\/da\/wp-json\/wp\/v2\/media?parent=16893"}],"wp:term":[{"taxonomy":"product_brand","embeddable":true,"href":"https:\/\/forzini.com\/da\/wp-json\/wp\/v2\/product_brand?post=16893"},{"taxonomy":"product_cat","embeddable":true,"href":"https:\/\/forzini.com\/da\/wp-json\/wp\/v2\/product_cat?post=16893"},{"taxonomy":"product_tag","embeddable":true,"href":"https:\/\/forzini.com\/da\/wp-json\/wp\/v2\/product_tag?post=16893"}],"curies":[{"name":"wp","href":"https:\/\/api.w.org\/{rel}","templated":true}]}}