{"id":16697,"date":"2024-10-26T19:49:00","date_gmt":"2024-10-26T17:49:00","guid":{"rendered":"https:\/\/forzini.com\/producto\/mesa-decorativa-de-marmol-onix\/"},"modified":"2025-09-21T19:54:08","modified_gmt":"2025-09-21T17:54:08","slug":"aegte-marmor-sofabord","status":"publish","type":"product","link":"https:\/\/forzini.com\/da\/producto\/aegte-marmor-sofabord\/","title":{"rendered":"\u00c6gte marmor sofabord \u2013 luksuri\u00f8st og tidl\u00f8st design"},"content":{"rendered":"<h2>\u00c6gte marmor sofabord \u2013 luksuri\u00f8st og tidl\u00f8st design\u00a0&#8220;Tellus G&#8221;<\/h2>\n<p>Dette \u00e6gte marmor sofabord er en sand juvel inden for moderne h\u00e5ndv\u00e6rk. Dets unikke design i form af et timeglas afspejler dualiteten og tidens str\u00f8m. Bordet er ikke kun visuelt betagende \u2013 det er ogs\u00e5 yderst funktionelt og alsidigt. Den harmoniske sammens\u00e6tning af uds\u00f8gt marmor og naturlig onyx skaber et mesterv\u00e6rk, der udstr\u00e5ler luksus og elegance. Hver enkelt bord er eksklusivt takket v\u00e6re de sj\u00e6ldne og exceptionelle materialer, hvilket g\u00f8r det helt unikt. Dette dekorative bord i marmor og onyx forsk\u00f8nner ikke blot dit hjem, men bliver ogs\u00e5 et varigt arvestykke \u2013 skabt til at blive beundret og givet videre fra generation til generation. Kombinationen af innovation og tradition g\u00f8r det til et symbol p\u00e5 stil og sofistikation.<\/p>\n<p>Vidste du, at vores Onyx Green Amazonian \u2013 p\u00e5 grund af sin sj\u00e6ldenhed og unikke karakter \u2013 er en \u00e6delsten, der udstr\u00e5ler mystik og luksus? Dens enest\u00e5ende sk\u00f8nhed og eksklusivitet kommer s\u00e6rligt til udtryk, n\u00e5r den anvendes i borde. Den gennemskinnelige kvalitet i Onyx Green Amazonian tillader lyset at passere igennem, hvilket giver et fascinerende sk\u00e6r, der kan forvandle ethvert interi\u00f8r. Sk\u00f8nheden i gr\u00f8nne onyxborde ligger i deres naturlige m\u00f8nstre, som ligner penselstr\u00f8g i et naturens mesterv\u00e6rk. Hver r\u00e5 sten, vi udv\u00e6lger, har unikke \u00e5rer i dyb brun, chokoladeguld, r\u00f8dlig nuance p\u00e5 en skovgr\u00f8n baggrund, blandet med hvide skyer eller forskellige gr\u00f8nne toner, der skaber et dragende landskab. Fremstillingen af gr\u00f8nne onyxborde er en delikat proces, der kr\u00e6ver dygtige h\u00e5ndv\u00e6rkere. Materialets sj\u00e6ldenhed g\u00f8r det til en udfordring at finde store, fejlfrie stykker, der egner sig til bordplader \u2013 hvilket g\u00f8r hver f\u00e6rdig bord til en sj\u00e6lden skat. I den eksklusive boligindretning er et bord i gr\u00f8n onyx et symbol p\u00e5 status og god smag. Det er et materiale, der er lige s\u00e5 holdbart som det er smukt \u2013 og sikrer, at det kan beundres i generationer.<\/p>\n<p>&nbsp;<\/p>\n<p><a href=\"https:\/\/forzini.com\/da\/materialer\/\" target=\"_blank\" rel=\"noopener\">L\u00e6r mere om vores kollektion af marmor og onyx via dette link: <\/a><a href=\"https:\/\/forzini.com\/da\/materialer\/\" target=\"_blank\" rel=\"noopener\"><strong>Materialer<\/strong><\/a><\/p>\n<h3 data-start=\"39\" data-end=\"67\"><strong data-start=\"39\" data-end=\"65\">Fremh\u00e6vede egenskaber:<\/strong><\/h3>\n<ul data-start=\"69\" data-end=\"145\" data-is-last-node=\"\" data-is-only-node=\"\">\n<li data-start=\"69\" data-end=\"105\">\n<h3 data-start=\"71\" data-end=\"105\">Montering: Kr\u00e6ver ikke montering<\/h3>\n<\/li>\n<li data-start=\"106\" data-end=\"129\">\n<h3 data-start=\"108\" data-end=\"129\">Stenfinish: Poleret<\/h3>\n<\/li>\n<li data-start=\"130\" data-end=\"145\" data-is-last-node=\"\">\n<h3 data-start=\"132\" data-end=\"145\">V\u00e6gt: 35 kg<\/h3>\n<\/li>\n<\/ul>\n","protected":false},"excerpt":{"rendered":"<h1>\u00c6gte marmor sofabord<\/h1>\n<p>Med sit eksklusive og dristige design er dette bord b\u00e5de elegant og indbydende. Dets unikke form og innovative stil g\u00f8r det nemt at integrere i enhver indretning og tilf\u00f8rer et friskt og originalt udtryk. Den harmoniske kombination af uds\u00f8gt marmor og naturlig onyx resulterer i et h\u00e5ndlavet kunstv\u00e6rk, der forfiner ethvert rum med et strejf af sofistikation og elegance.<\/p>\n<h2><strong>M\u00e5l:<\/strong> Diameter 30 cm \u00b7 H\u00f8jde 52 cm<\/h2>\n","protected":false},"featured_media":16685,"comment_status":"closed","ping_status":"closed","template":"","meta":{"_acf_changed":false,"_joinchat":[]},"product_brand":[],"product_cat":[314,398],"product_tag":[323],"class_list":{"0":"post-16697","1":"product","2":"type-product","3":"status-publish","4":"has-post-thumbnail","6":"product_cat-bord","7":"product_cat-sten-sofabord","8":"product_tag-onyx-da","10":"first","11":"instock","12":"sale","13":"featured","14":"shipping-taxable","15":"purchasable","16":"product-type-simple"},"acf":[],"_links":{"self":[{"href":"https:\/\/forzini.com\/da\/wp-json\/wp\/v2\/product\/16697","targetHints":{"allow":["GET"]}}],"collection":[{"href":"https:\/\/forzini.com\/da\/wp-json\/wp\/v2\/product"}],"about":[{"href":"https:\/\/forzini.com\/da\/wp-json\/wp\/v2\/types\/product"}],"replies":[{"embeddable":true,"href":"https:\/\/forzini.com\/da\/wp-json\/wp\/v2\/comments?post=16697"}],"version-history":[{"count":0,"href":"https:\/\/forzini.com\/da\/wp-json\/wp\/v2\/product\/16697\/revisions"}],"wp:featuredmedia":[{"embeddable":true,"href":"https:\/\/forzini.com\/da\/wp-json\/wp\/v2\/media\/16685"}],"wp:attachment":[{"href":"https:\/\/forzini.com\/da\/wp-json\/wp\/v2\/media?parent=16697"}],"wp:term":[{"taxonomy":"product_brand","embeddable":true,"href":"https:\/\/forzini.com\/da\/wp-json\/wp\/v2\/product_brand?post=16697"},{"taxonomy":"product_cat","embeddable":true,"href":"https:\/\/forzini.com\/da\/wp-json\/wp\/v2\/product_cat?post=16697"},{"taxonomy":"product_tag","embeddable":true,"href":"https:\/\/forzini.com\/da\/wp-json\/wp\/v2\/product_tag?post=16697"}],"curies":[{"name":"wp","href":"https:\/\/api.w.org\/{rel}","templated":true}]}}