{"id":16675,"date":"2024-04-05T11:14:22","date_gmt":"2024-04-05T09:14:22","guid":{"rendered":"https:\/\/forzini.com\/producto\/mesa-esquinera-de-marmol-tellus\/"},"modified":"2025-09-21T18:16:18","modified_gmt":"2025-09-21T16:16:18","slug":"marmor-sengebord-hvid","status":"publish","type":"product","link":"https:\/\/forzini.com\/da\/producto\/marmor-sengebord-hvid\/","title":{"rendered":"Marmor sengebord i hvid onyx \u2013 moderne design"},"content":{"rendered":"<h2>Marmor sengebord i hvid onyx \u2013 moderne design &#8220;Tellus&#8221;<\/h2>\n<p>Marmor sengebord i hvid onyx, con su forma inigualable y extravagante, es una joya de la artesan\u00eda moderna. Consta de dos conos unidos por un anillo central, evocando la imagen de un reloj de arena, y simboliza la dualidad y el flujo del tiempo. Este dise\u00f1o atrevido invita a la reflexi\u00f3n y a\u00f1ade una dimensi\u00f3n art\u00edstica a cualquier espacio. La mesa esquinera de m\u00e1rmol no solo es visualmente impactante, sino tambi\u00e9n vers\u00e1til y funcional. La combinaci\u00f3n perfecta entre el magn\u00edfico m\u00e1rmol y el precioso \u00f3nix sorprendente da lugar a una obra maestra que irradia lujo y sofisticaci\u00f3n. Cada aspecto de esta mesa auxiliar, desde su dise\u00f1o audaz hasta los materiales raros y exquisitos, refleja un nivel de elegancia sin igual. El m\u00e1rmol y el \u00f3nix utilizados son seleccionados por su belleza y singularidad, haciendo de cada mesa una pieza \u00fanica y exclusiva. Esta creaci\u00f3n artesanal embellece su hogar, convirti\u00e9ndose en un legado atemporal. Es una pieza dise\u00f1ada para ser admirada y heredada, un tesoro que captura momentos y recuerdos a lo largo del tiempo. La mesa esquinera de m\u00e1rmol, con su equilibrio perfecto entre innovaci\u00f3n y tradici\u00f3n, es un s\u00edmbolo de estilo cautivador y buen gusto.<\/p>\n<p>Golden Dune Onix &#8211; una impresionante piedra natural caracterizada por su suave base de color blanco cremoso adornada con c\u00e1lidas vetas doradas. Este lujoso \u00f3nix captura la luz maravillosamente, creando un resplandor et\u00e9reo que realza cualquier espacio. Sus patrones y colores \u00fanicos lo convierten en la elecci\u00f3n favorita para interiores elegantes, ya sea en encimeras, revestimientos de paredes o acentos decorativos. La exquisita combinaci\u00f3n de blanco y oro no s\u00f3lo a\u00f1ade sofisticaci\u00f3n, sino que tambi\u00e9n encarna un sentido de belleza atemporal, haciendo de Onix Duna Dorada una notable adici\u00f3n a cualquier proyecto de dise\u00f1o.<\/p>\n<p><a href=\"https:\/\/forzini.com\/da\/materialer\/\" target=\"_blank\" rel=\"noopener\">L\u00e6r mere om vores kollektion af marmor og onyx via dette link: <\/a><a href=\"https:\/\/forzini.com\/da\/materialer\/\" target=\"_blank\" rel=\"noopener\"><strong>Materialer<\/strong><\/a><\/p>\n<h3 data-start=\"39\" data-end=\"67\"><strong data-start=\"39\" data-end=\"65\">Fremh\u00e6vede egenskaber:<\/strong><\/h3>\n<ul data-start=\"69\" data-end=\"145\" data-is-last-node=\"\" data-is-only-node=\"\">\n<li data-start=\"69\" data-end=\"105\">\n<h3 data-start=\"71\" data-end=\"105\">Montering: Kr\u00e6ver ikke montering<\/h3>\n<\/li>\n<li data-start=\"106\" data-end=\"129\">\n<h3 data-start=\"108\" data-end=\"129\">Stenfinish: Poleret<\/h3>\n<\/li>\n<li data-start=\"130\" data-end=\"145\" data-is-last-node=\"\">\n<h3 data-start=\"132\" data-end=\"145\">V\u00e6gt: 35 kg<\/h3>\n<\/li>\n<\/ul>\n<p>&nbsp;<\/p>\n","protected":false},"excerpt":{"rendered":"<h1>Marmor sengebord<\/h1>\n<p>I hvid onyx, med en innovativ og ekstravagant form \u2013 dristig og indbydende. Dette bord, med sit unikke og nyskabende design, passer perfekt ind i enhver indretning og tilf\u00f8rer rummet et friskt og originalt udtryk. Den perfekte fusion mellem uds\u00f8gt marmor og enest\u00e5ende, naturlig onyx resulterer i et h\u00e5ndlavet kunstv\u00e6rk, der l\u00f8fter enhver atmosf\u00e6re med et strejf af elegance og raffineret stil.<\/p>\n<h2><strong>M\u00e5l:<\/strong> Diameter 30 cm \u00b7 H\u00f8jde 52 cm<\/h2>\n<p>&nbsp;<\/p>\n","protected":false},"featured_media":16662,"comment_status":"closed","ping_status":"closed","template":"","meta":{"_acf_changed":false,"_joinchat":[]},"product_brand":[],"product_cat":[314,398],"product_tag":[323],"class_list":{"0":"post-16675","1":"product","2":"type-product","3":"status-publish","4":"has-post-thumbnail","6":"product_cat-bord","7":"product_cat-sten-sofabord","8":"product_tag-onyx-da","10":"first","11":"instock","12":"sale","13":"featured","14":"shipping-taxable","15":"purchasable","16":"product-type-simple"},"acf":[],"_links":{"self":[{"href":"https:\/\/forzini.com\/da\/wp-json\/wp\/v2\/product\/16675","targetHints":{"allow":["GET"]}}],"collection":[{"href":"https:\/\/forzini.com\/da\/wp-json\/wp\/v2\/product"}],"about":[{"href":"https:\/\/forzini.com\/da\/wp-json\/wp\/v2\/types\/product"}],"replies":[{"embeddable":true,"href":"https:\/\/forzini.com\/da\/wp-json\/wp\/v2\/comments?post=16675"}],"version-history":[{"count":0,"href":"https:\/\/forzini.com\/da\/wp-json\/wp\/v2\/product\/16675\/revisions"}],"wp:featuredmedia":[{"embeddable":true,"href":"https:\/\/forzini.com\/da\/wp-json\/wp\/v2\/media\/16662"}],"wp:attachment":[{"href":"https:\/\/forzini.com\/da\/wp-json\/wp\/v2\/media?parent=16675"}],"wp:term":[{"taxonomy":"product_brand","embeddable":true,"href":"https:\/\/forzini.com\/da\/wp-json\/wp\/v2\/product_brand?post=16675"},{"taxonomy":"product_cat","embeddable":true,"href":"https:\/\/forzini.com\/da\/wp-json\/wp\/v2\/product_cat?post=16675"},{"taxonomy":"product_tag","embeddable":true,"href":"https:\/\/forzini.com\/da\/wp-json\/wp\/v2\/product_tag?post=16675"}],"curies":[{"name":"wp","href":"https:\/\/api.w.org\/{rel}","templated":true}]}}