{"id":16620,"date":"2024-10-26T18:53:03","date_gmt":"2024-10-26T16:53:03","guid":{"rendered":"https:\/\/forzini.com\/producto\/mesa-consola-reloj-de-arena\/"},"modified":"2025-09-21T16:33:51","modified_gmt":"2025-09-21T14:33:51","slug":"sort-marmor-sidebord-lille","status":"publish","type":"product","link":"https:\/\/forzini.com\/da\/producto\/sort-marmor-sidebord-lille\/","title":{"rendered":"Sort marmor sidebord \u2013 unikt skulpturel design"},"content":{"rendered":"<h2>Sort marmor sidebord \u2013 unikt skulpturel design &#8220;Tellus P&#8221;<\/h2>\n<p>Dette <strong>sort marmor sidebord<\/strong> i timeglasform, fremstillet af onyx og marmor, skiller sig ud med sit unikke design og fungerer som et karakteristisk element, der tilf\u00f8rer dybde og elegance til ethvert rum. Formen er en fusion af to dele marmor og onyx, forbundet af en central ring, som fanger essensen af tidens gang i en skulpturel struktur. Ideel som et visuelt fokuspunkt i hjemmet, tilf\u00f8rer dets dristige og moderne stil et kunstnerisk pr\u00e6g til enhver indretning. Hver bord er h\u00e5ndlavet med n\u00f8je udvalgt marmor og onyx, valgt for deres s\u00e6rlige egenskaber og unikke \u00e5rer, hvilket g\u00f8r hver enkelt til et enest\u00e5ende kunstv\u00e6rk. Den polerede finish fremh\u00e6ver materialernes naturlige sk\u00f8nhed og giver en elegant glans, der lyser rummet op. Dette konsolbord i timeglasform er b\u00e5de dekorativt og funktionelt \u2013 et symbol p\u00e5 sofistikation og kreativitet, perfekt til dem der v\u00e6rds\u00e6tter kunst i deres m\u00f8bler.<\/p>\n<p>Onyx Pink Cloud &#8211; Denne onyx er et virkelig unikt materiale, anerkendt som en af de mest sj\u00e6ldne og kostbare i verden. Dens farvepragt, fri for kunstige farvestoffer eller behandlinger, g\u00f8r den endnu mere s\u00e6rlig og v\u00e6rdifuld. Udvundet fra en afsidesliggende bjergregion i Sydasien, fanger dens sarte tone og naturlige glans \u00f8jet og fremh\u00e6ver sk\u00f8nheden i enhver dekorativ genstand. I dette us\u00e6dvanlige borddesign er Onyx Rosa Cloud integreret for at fremh\u00e6ve naturens kunstneriske udtryk i samspil med menneskelig kreativitet \u2013 og g\u00f8r dette m\u00f8bel til en sand skat af kunst og elegance.<\/p>\n<p>&nbsp;<\/p>\n<p><a href=\"https:\/\/forzini.com\/da\/materialer\/\" target=\"_blank\" rel=\"noopener\">L\u00e6r mere om vores kollektion af marmor og onyx via dette link: <\/a><a href=\"https:\/\/forzini.com\/da\/materialer\/\" target=\"_blank\" rel=\"noopener\"><strong>Materialer<\/strong><\/a><\/p>\n<h3 data-start=\"39\" data-end=\"67\"><strong data-start=\"39\" data-end=\"65\">Fremh\u00e6vede egenskaber:<\/strong><\/h3>\n<ul data-start=\"69\" data-end=\"145\" data-is-last-node=\"\" data-is-only-node=\"\">\n<li data-start=\"69\" data-end=\"105\">\n<h3 data-start=\"71\" data-end=\"105\">Montering: Kr\u00e6ver ikke montering<\/h3>\n<\/li>\n<li data-start=\"106\" data-end=\"129\">\n<h3 data-start=\"108\" data-end=\"129\">Stenfinish: Poleret<\/h3>\n<\/li>\n<li data-start=\"130\" data-end=\"145\" data-is-last-node=\"\">\n<h3 data-start=\"132\" data-end=\"145\">V\u00e6gt: 35 kg<\/h3>\n<\/li>\n<\/ul>\n","protected":false},"excerpt":{"rendered":"<h1>Sort marmor sidebord<\/h1>\n<p>Dette bord i marmor og onyx, med sin innovative og dristige form, bliver en i\u00f8jnefaldende og alsidig detalje i enhver indretning. Det unikke og fantasifulde design, hvor to kegler smelter sammen i en elegant struktur, tilf\u00f8rer rummet friskhed og originalitet. Kombinationen af udvalgt marmor og naturlig onyx, omhyggeligt h\u00e5ndbearbejdet, resulterer i et kunstnerisk v\u00e6rk, der udstr\u00e5ler sofistikation og raffineret stil \u2013 og l\u00f8fter hvert hj\u00f8rne med et strejf af elegance.<\/p>\n<h2><strong>Dimensioner:<\/strong> Diameter 30 cm \u00b7 H\u00f8jde 52 cm<\/h2>\n<p>&nbsp;<\/p>\n","protected":false},"featured_media":16621,"comment_status":"closed","ping_status":"closed","template":"","meta":{"_acf_changed":false,"_joinchat":[]},"product_brand":[],"product_cat":[314,398],"product_tag":[323],"class_list":{"0":"post-16620","1":"product","2":"type-product","3":"status-publish","4":"has-post-thumbnail","6":"product_cat-bord","7":"product_cat-sten-sofabord","8":"product_tag-onyx-da","10":"first","11":"instock","12":"sale","13":"featured","14":"shipping-taxable","15":"purchasable","16":"product-type-simple"},"acf":[],"_links":{"self":[{"href":"https:\/\/forzini.com\/da\/wp-json\/wp\/v2\/product\/16620","targetHints":{"allow":["GET"]}}],"collection":[{"href":"https:\/\/forzini.com\/da\/wp-json\/wp\/v2\/product"}],"about":[{"href":"https:\/\/forzini.com\/da\/wp-json\/wp\/v2\/types\/product"}],"replies":[{"embeddable":true,"href":"https:\/\/forzini.com\/da\/wp-json\/wp\/v2\/comments?post=16620"}],"version-history":[{"count":0,"href":"https:\/\/forzini.com\/da\/wp-json\/wp\/v2\/product\/16620\/revisions"}],"wp:featuredmedia":[{"embeddable":true,"href":"https:\/\/forzini.com\/da\/wp-json\/wp\/v2\/media\/16621"}],"wp:attachment":[{"href":"https:\/\/forzini.com\/da\/wp-json\/wp\/v2\/media?parent=16620"}],"wp:term":[{"taxonomy":"product_brand","embeddable":true,"href":"https:\/\/forzini.com\/da\/wp-json\/wp\/v2\/product_brand?post=16620"},{"taxonomy":"product_cat","embeddable":true,"href":"https:\/\/forzini.com\/da\/wp-json\/wp\/v2\/product_cat?post=16620"},{"taxonomy":"product_tag","embeddable":true,"href":"https:\/\/forzini.com\/da\/wp-json\/wp\/v2\/product_tag?post=16620"}],"curies":[{"name":"wp","href":"https:\/\/api.w.org\/{rel}","templated":true}]}}