{"id":16572,"date":"2024-07-03T09:11:27","date_gmt":"2024-07-03T07:11:27","guid":{"rendered":"https:\/\/forzini.com\/producto\/mesa-de-onix-juno\/"},"modified":"2025-09-21T11:36:59","modified_gmt":"2025-09-21T09:36:59","slug":"sofabord-guld-marmor","status":"publish","type":"product","link":"https:\/\/forzini.com\/da\/producto\/sofabord-guld-marmor\/","title":{"rendered":"Sofabord guld marmor \u2013 elegant bord med onyx"},"content":{"rendered":"<h2>Sofabord guld marmor elegant bord med onyx &#8220;Juno&#8221;<\/h2>\n<p>Esta exquisita Sofabord guld marmor onix redonda y lujosa, hecha a mano por maestros artesanos utilizando t\u00e9cnicas tradicionales, muestra toda la majestuosa elegancia del \u00f3nix natural. Su elegante contorno y su radiante superficie desprenden un cautivador juego de luces que la convierten en el centro de atenci\u00f3n de cualquier espacio. Realzando cualquier dise\u00f1o de interior, nuestro \u00f3nix raro, seleccionado por su belleza distintiva, a\u00f1ade un toque de innovaci\u00f3n que resiste la prueba del tiempo. Esta mesa no es solo un mueble; es una obra maestra duradera destinada a ser atesorada durante generaciones.<\/p>\n<p>Puede utilizarse como mesa nido junto con el modelo m\u00e1s bajo \u201c<a href=\"https:\/\/forzini.com\/da\/producto\/sten-sofabord-lille-hvid-marmor\/\" target=\"_blank\" rel=\"noopener\">Janus<\/a>\u201d.<\/p>\n<p>Golden Dune \u00d3nix &#8211; El fondo blanco es como un lienzo sereno, delicadamente adornado con suaves nubes blancas que flotan graciosamente sobre su superficie. Sombras cremosas y amarillas y vetas de tonos dorados, caramelo, marr\u00f3n, co\u00f1ac y rojizos. Este \u00f3nix blanco especial es un hallazgo raro, disponible solo en peque\u00f1as cantidades, ya que se extrae de un lugar espec\u00edfico.<\/p>\n<p>\u00bfSab\u00eda que el \u00f3nix blanco es una piedra realmente cautivadora, apreciada por su rareza y la serena belleza que desprende? Su escasez se debe a las condiciones espec\u00edficas requeridas para su formaci\u00f3n, donde el agua rica en s\u00edlice gotea en cavernas y deposita capas del mineral calcedonia, que luego cristaliza durante milenios. La coloraci\u00f3n blanco marfil cremoso del \u00f3nix blanco recuerda el arte y la arquitectura antiguos, evocando una sensaci\u00f3n de elegancia y pureza atemporales. La magia del \u00f3nix blanco reside en su translucidez. Posee una cualidad et\u00e9rea, casi como si se sostuviera un trozo del brillo de la luna, capturado y solidificado. Esta translucidez permite un juego de luces y sombras, dando vida a la superficie de la piedra y revelando los fascinantes dibujos de su interior. Y luego est\u00e1n los dibujos en forma de nube, el arte natural del \u00f3nix blanco. Son las pinceladas de la Tierra, \u00fanicas en cada losa, que crean paisajes de niebla lechosa y suaves olas que se deslizan por la piedra. Es este patr\u00f3n el que dota al \u00f3nix blanco de su incre\u00edble encanto.<\/p>\n<p><a href=\"https:\/\/forzini.com\/da\/materialer\/\" target=\"_blank\" rel=\"noopener\">L\u00e6r mere om vores kollektion af marmor og onyx via dette link: <\/a><a href=\"https:\/\/forzini.com\/da\/materialer\/\" target=\"_blank\" rel=\"noopener\"><strong>Materialer<\/strong><\/a><\/p>\n<h3><strong>Fremh\u00e6vede egenskaber:<\/strong><\/h3>\n<ul>\n<li>\n<h3>Montering: Ikke n\u00f8dvendigt<\/h3>\n<\/li>\n<li>\n<h3>Stenfinish: Poleret<\/h3>\n<\/li>\n<li>\n<h3>Benfinish: Rustfrit st\u00e5l, tulipanform, gylden farve<\/h3>\n<\/li>\n<li>\n<h3>V\u00e6gt: 15 kg<\/h3>\n<\/li>\n<\/ul>\n<p>&nbsp;<\/p>\n","protected":false},"excerpt":{"rendered":"<h1>Sofabord guld marmor<\/h1>\n<p>Med sin uregelm\u00e6ssige bordplade i hvid onyx er dette sofabord et h\u00e5ndlavet mesterv\u00e6rk i eksklusivt design. Hver eneste bord er omhyggeligt formet af dygtige h\u00e5ndv\u00e6rkere, som anvender traditionelle teknikker for at fremh\u00e6ve onyxens naturlige sk\u00f8nhed. Bordpladens organiske former og unikke tekstur reflekterer lyset p\u00e5 spektakul\u00e6r vis og skaber et spil af skygger og glans, der fanger blikket og tilf\u00f8rer et strejf af luksus til enhver indretning.<\/p>\n<h2><strong>M\u00e5l:<\/strong> Bredde 50 cm \u00b7 L\u00e6ngde 60 cm \u00b7 H\u00f8jde 50 cm<\/h2>\n","protected":false},"featured_media":16573,"comment_status":"closed","ping_status":"closed","template":"","meta":{"_acf_changed":false,"_joinchat":[]},"product_brand":[],"product_cat":[314,398],"product_tag":[323],"class_list":{"0":"post-16572","1":"product","2":"type-product","3":"status-publish","4":"has-post-thumbnail","6":"product_cat-bord","7":"product_cat-sten-sofabord","8":"product_tag-onyx-da","10":"first","11":"instock","12":"sale","13":"featured","14":"shipping-taxable","15":"purchasable","16":"product-type-simple"},"acf":[],"_links":{"self":[{"href":"https:\/\/forzini.com\/da\/wp-json\/wp\/v2\/product\/16572","targetHints":{"allow":["GET"]}}],"collection":[{"href":"https:\/\/forzini.com\/da\/wp-json\/wp\/v2\/product"}],"about":[{"href":"https:\/\/forzini.com\/da\/wp-json\/wp\/v2\/types\/product"}],"replies":[{"embeddable":true,"href":"https:\/\/forzini.com\/da\/wp-json\/wp\/v2\/comments?post=16572"}],"version-history":[{"count":0,"href":"https:\/\/forzini.com\/da\/wp-json\/wp\/v2\/product\/16572\/revisions"}],"wp:featuredmedia":[{"embeddable":true,"href":"https:\/\/forzini.com\/da\/wp-json\/wp\/v2\/media\/16573"}],"wp:attachment":[{"href":"https:\/\/forzini.com\/da\/wp-json\/wp\/v2\/media?parent=16572"}],"wp:term":[{"taxonomy":"product_brand","embeddable":true,"href":"https:\/\/forzini.com\/da\/wp-json\/wp\/v2\/product_brand?post=16572"},{"taxonomy":"product_cat","embeddable":true,"href":"https:\/\/forzini.com\/da\/wp-json\/wp\/v2\/product_cat?post=16572"},{"taxonomy":"product_tag","embeddable":true,"href":"https:\/\/forzini.com\/da\/wp-json\/wp\/v2\/product_tag?post=16572"}],"curies":[{"name":"wp","href":"https:\/\/api.w.org\/{rel}","templated":true}]}}