{"id":16480,"date":"2024-04-05T11:22:43","date_gmt":"2024-04-05T09:22:43","guid":{"rendered":"https:\/\/forzini.com\/producto\/mesa-lateral-de-marmol-hades\/"},"modified":"2025-09-20T20:12:49","modified_gmt":"2025-09-20T18:12:49","slug":"oval-sofabord-hvid-marmor","status":"publish","type":"product","link":"https:\/\/forzini.com\/da\/producto\/oval-sofabord-hvid-marmor\/","title":{"rendered":"Oval sofabord i hvid marmor \u2013 pladsbesparende bord"},"content":{"rendered":"<h2>Oval sofabord i hvid marmor \u2013 pladsbesparende designerbord &#8220;Hades&#8221;<\/h2>\n<p>Denne uds\u00f8gte oval sofabord i hvid marmor er det perfekte sidebord til servering af kaffe eller te, placeret ved siden af din sofa. Chic, karakteristisk og raffineret \u2013 dette vidunderlige oval sofabord i hvid marmor, h\u00e5ndlavet af dygtige h\u00e5ndv\u00e6rkere med et s\u00e6rligt ovalt design, tilf\u00f8rer ethvert rum et strejf af elegance og en uovertruffen f\u00f8lelse af eksklusivitet. Det forener funktionalitet, stil og minimalistisk design i perfekt harmoni.<\/p>\n<p>Ud over sin sk\u00f8nhed er dette marmorbord yderst praktisk. De moderne og friske linjer samt den ideelle h\u00f8jde g\u00f8r det perfekt til placering ved en sofa eller l\u00e6nestol, hvor det giver komfort til at stille drikkevarer eller nyde en lille morgenmad ved sengen p\u00e5 en doven s\u00f8ndag. Det fungerer ogs\u00e5 som et h\u00f8jt bord til at fremh\u00e6ve en plante eller vase og tilf\u00f8rer et elegant pr\u00e6g til ethvert hj\u00f8rne.<\/p>\n<p>Hvert eneste detalje i dette h\u00e5ndlavede bord afspejler en st\u00e6rk forpligtelse til kvalitet og design, hvilket g\u00f8r det til en uundv\u00e6rlig del af enhver boligindretning. Med sin tidl\u00f8se elegance og alsidige funktionalitet l\u00f8fter dette marmorbord din bolig og beriger din hverdag med luksus og sofistikation.<\/p>\n<p>F\u00e5s i luksuri\u00f8s gr\u00e5 marmor med subtile m\u00f8rke \u00e5rer \u2013 denne tidl\u00f8se bordmodel tilf\u00f8rer \u00f8jeblikkeligt karakter og \u00e6stetisk styrke til ethvert interi\u00f8r.<\/p>\n<div>Silver Grey Marmor<strong> &#8211;<\/strong> En helt s\u00e6rlig marmortype med gr\u00e5 baggrund og et fortryllende spil af hvide lysreflekser mellem m\u00f8rkegr\u00e5 \u00e5rer. Den unikke farvevariation \u2013 fra lys gr\u00e5 til beige \u2013 skaber en imponerende kontrast mod baggrunden.<\/div>\n<p>&nbsp;<\/p>\n<p><a href=\"https:\/\/forzini.com\/da\/materialer\/\" target=\"_blank\" rel=\"noopener\">L\u00e6r mere om vores kollektion af marmor og onyx via dette link: <\/a><a href=\"https:\/\/forzini.com\/da\/materialer\/\" target=\"_blank\" rel=\"noopener\"><strong>Materialer<\/strong><\/a><\/p>\n<h3><strong>Fremh\u00e6vede egenskaber:<\/strong><\/h3>\n<ul>\n<li>\n<h3><strong>Montering:<\/strong> Ikke p\u00e5kr\u00e6vet<\/h3>\n<\/li>\n<li>\n<h3><strong>Stenfinish:<\/strong> Poleret<\/h3>\n<\/li>\n<li>\n<h3><strong>Benfinish:<\/strong> Rustfrit st\u00e5l i s\u00f8lvfarve<\/h3>\n<\/li>\n<li>\n<h3><strong>V\u00e6gt:<\/strong> 8 kg<\/h3>\n<\/li>\n<\/ul>\n","protected":false},"excerpt":{"rendered":"<h2>Oval sofabord i hvid marmor<\/h2>\n<p>Dette sofabord er b\u00e5de funktionelt og indbydende, hvilket g\u00f8r det til en charmerende tilf\u00f8jelse til ethvert hjem. Det elegante ovale marmorbord kan placeres ved siden af sofaen og fungerer perfekt som et lille sidebord til servering af kaffe eller te. Det stilfulde design og den kompakte st\u00f8rrelse g\u00f8r det ideelt til at skabe et hyggeligt og sofistikeret hj\u00f8rne, hvor du kan nyde dine yndlingsdrikke.<\/p>\n<p>Den glatte marmoroverflade tilf\u00f8rer et strejf af luksus, mens den robuste konstruktion sikrer, at bordet nemt kan modst\u00e5 daglig brug. Uanset om du har g\u00e6ster eller nyder en stille stund alene, tilf\u00f8rer dette lille marmorbord b\u00e5de funktionalitet og elegance til din boligindretning.<\/p>\n<h2><strong>M\u00e5l:<\/strong> L\u00e6ngde 38 cm \u00b7 Bredde 28 cm \u00b7 H\u00f8jde 60 cm<\/h2>\n","protected":false},"featured_media":16470,"comment_status":"closed","ping_status":"closed","template":"","meta":{"_acf_changed":false,"_joinchat":[]},"product_brand":[],"product_cat":[314,356],"product_tag":[322],"class_list":{"0":"post-16480","1":"product","2":"type-product","3":"status-publish","4":"has-post-thumbnail","6":"product_cat-bord","7":"product_cat-marmor-sofaborde","8":"product_tag-marmor-da","10":"first","11":"instock","12":"sale","13":"featured","14":"shipping-taxable","15":"purchasable","16":"product-type-simple"},"acf":[],"_links":{"self":[{"href":"https:\/\/forzini.com\/da\/wp-json\/wp\/v2\/product\/16480","targetHints":{"allow":["GET"]}}],"collection":[{"href":"https:\/\/forzini.com\/da\/wp-json\/wp\/v2\/product"}],"about":[{"href":"https:\/\/forzini.com\/da\/wp-json\/wp\/v2\/types\/product"}],"replies":[{"embeddable":true,"href":"https:\/\/forzini.com\/da\/wp-json\/wp\/v2\/comments?post=16480"}],"version-history":[{"count":0,"href":"https:\/\/forzini.com\/da\/wp-json\/wp\/v2\/product\/16480\/revisions"}],"wp:featuredmedia":[{"embeddable":true,"href":"https:\/\/forzini.com\/da\/wp-json\/wp\/v2\/media\/16470"}],"wp:attachment":[{"href":"https:\/\/forzini.com\/da\/wp-json\/wp\/v2\/media?parent=16480"}],"wp:term":[{"taxonomy":"product_brand","embeddable":true,"href":"https:\/\/forzini.com\/da\/wp-json\/wp\/v2\/product_brand?post=16480"},{"taxonomy":"product_cat","embeddable":true,"href":"https:\/\/forzini.com\/da\/wp-json\/wp\/v2\/product_cat?post=16480"},{"taxonomy":"product_tag","embeddable":true,"href":"https:\/\/forzini.com\/da\/wp-json\/wp\/v2\/product_tag?post=16480"}],"curies":[{"name":"wp","href":"https:\/\/api.w.org\/{rel}","templated":true}]}}