{"id":16439,"date":"2024-06-28T12:20:29","date_gmt":"2024-06-28T10:20:29","guid":{"rendered":"https:\/\/forzini.com\/producto\/mesa-de-noche-de-marmol-iris\/"},"modified":"2025-09-20T15:46:33","modified_gmt":"2025-09-20T13:46:33","slug":"sofabord-med-stenplade","status":"publish","type":"product","link":"https:\/\/forzini.com\/da\/producto\/sofabord-med-stenplade\/","title":{"rendered":"Moderne sofabord med stenplade brun"},"content":{"rendered":"<h2>Moderne sofabord med stenplade brun &#8220;Iris&#8221;<\/h2>\n<p>Den uds\u00f8gte finesse ved dette <strong>moderne sofabord med stenplade<\/strong> kommer til udtryk i dets s\u00e6rlige design, som tilf\u00f8rer et strejf af elegance til din boligindretning. Med sin elegante firkantede form er bordet fremstillet med enest\u00e5ende pr\u00e6cision, ved brug af n\u00f8je udvalgt marmor med exceptionelle egenskaber. Hver enkelt bordplade er kendetegnet ved bl\u00f8de og naturlige \u00e5rer, som tilf\u00f8rer et organisk udtryk og en unik karakter til enhver stue eller andet rum.<\/p>\n<p>Dette marmorbord er ikke blot et funktionelt m\u00f8bel, men ogs\u00e5 en stilfuld statement-piece i sig selv. Dets tilstedev\u00e6relse udstr\u00e5ler sofistikation og raffinement, hvilket g\u00f8r det til en betagende tilf\u00f8jelse til ethvert stilfuldt hjem. Uanset om det bruges til at fremh\u00e6ve indretningen i sovev\u00e6relset eller som et centralt element i stuen, tilf\u00f8rer dette marmorbord tidl\u00f8s elegance og et strejf af luksus til omgivelserne. Det er en essentiel m\u00f8belgenstand for dem, der \u00f8nsker at kombinere funktionalitet med uds\u00f8gt design og berige deres hjem med et pr\u00e6g af s\u00e6rklasse og finesse.<\/p>\n<p>Oceanic Mystery\u00a0 Marmor &#8211; er en af de mest bem\u00e6rkelsesv\u00e6rdige marmortyper i vores kollektion. Denne sten fremviser en farvepalet, der sp\u00e6nder fra jordgr\u00e5 til lys brun, med en baggrund af hvide \u00e5rer og m\u00f8rke skygger. Dens unikke m\u00f8nster minder om en samling af sm\u00e5sten i forskellige st\u00f8rrelser.<\/p>\n<p>&nbsp;<\/p>\n<p><a href=\"https:\/\/forzini.com\/da\/materialer\/\" target=\"_blank\" rel=\"noopener\">L\u00e6r mere om vores kollektion af marmor og onyx via dette link: <\/a><a href=\"https:\/\/forzini.com\/da\/materialer\/\" target=\"_blank\" rel=\"noopener\"><strong>Materialer<\/strong><\/a><\/p>\n<h3><strong>Fremh\u00e6vede egenskaber:<\/strong><\/h3>\n<ul>\n<li>\n<h3><strong>Montering:<\/strong> Ikke p\u00e5kr\u00e6vet<\/h3>\n<\/li>\n<li>\n<h3><strong>Stenfinish:<\/strong> Poleret<\/h3>\n<\/li>\n<li>\n<h3><strong>Benfinish:<\/strong> Rustfrit st\u00e5l i s\u00f8lvfarve<\/h3>\n<\/li>\n<li>\n<h3><strong>V\u00e6gt:<\/strong> 18 kg<\/h3>\n<\/li>\n<\/ul>\n","protected":false},"excerpt":{"rendered":"<h1>Moderne sofabord med stenplade<\/h1>\n<p>Med sin elegante firkantede bordplade er dette bord et centralt element, der tiltr\u00e6kker alle blikke. Det dekorative design med den kvadratiske overflade giver en moderne og ren \u00e6stetik, som passer perfekt til mange forskellige indretningsstile. Den marmorerede overflade, med naturlige \u00e5rer og luksuri\u00f8s tekstur, skaber et visuelt udtryk, der tilf\u00f8rer dybde og karakter til din boligindretning.<\/p>\n<h2><strong>M\u00e5l:<\/strong> Bredde 40 cm, L\u00e6ngde 40 cm, H\u00f8jde 52 cm<\/h2>\n","protected":false},"featured_media":16440,"comment_status":"closed","ping_status":"closed","template":"","meta":{"_acf_changed":false,"_joinchat":[]},"product_brand":[],"product_cat":[314,356],"product_tag":[322],"class_list":{"0":"post-16439","1":"product","2":"type-product","3":"status-publish","4":"has-post-thumbnail","6":"product_cat-bord","7":"product_cat-marmor-sofaborde","8":"product_tag-marmor-da","10":"first","11":"instock","12":"sale","13":"featured","14":"shipping-taxable","15":"purchasable","16":"product-type-simple"},"acf":[],"_links":{"self":[{"href":"https:\/\/forzini.com\/da\/wp-json\/wp\/v2\/product\/16439","targetHints":{"allow":["GET"]}}],"collection":[{"href":"https:\/\/forzini.com\/da\/wp-json\/wp\/v2\/product"}],"about":[{"href":"https:\/\/forzini.com\/da\/wp-json\/wp\/v2\/types\/product"}],"replies":[{"embeddable":true,"href":"https:\/\/forzini.com\/da\/wp-json\/wp\/v2\/comments?post=16439"}],"version-history":[{"count":0,"href":"https:\/\/forzini.com\/da\/wp-json\/wp\/v2\/product\/16439\/revisions"}],"wp:featuredmedia":[{"embeddable":true,"href":"https:\/\/forzini.com\/da\/wp-json\/wp\/v2\/media\/16440"}],"wp:attachment":[{"href":"https:\/\/forzini.com\/da\/wp-json\/wp\/v2\/media?parent=16439"}],"wp:term":[{"taxonomy":"product_brand","embeddable":true,"href":"https:\/\/forzini.com\/da\/wp-json\/wp\/v2\/product_brand?post=16439"},{"taxonomy":"product_cat","embeddable":true,"href":"https:\/\/forzini.com\/da\/wp-json\/wp\/v2\/product_cat?post=16439"},{"taxonomy":"product_tag","embeddable":true,"href":"https:\/\/forzini.com\/da\/wp-json\/wp\/v2\/product_tag?post=16439"}],"curies":[{"name":"wp","href":"https:\/\/api.w.org\/{rel}","templated":true}]}}