{"id":16408,"date":"2024-06-28T12:56:07","date_gmt":"2024-06-28T10:56:07","guid":{"rendered":"https:\/\/forzini.com\/producto\/mesa-de-centro-ovalada-de-marmol-scotus\/"},"modified":"2025-09-20T09:54:46","modified_gmt":"2025-09-20T07:54:46","slug":"brun-marmor-sofabord","status":"publish","type":"product","link":"https:\/\/forzini.com\/da\/producto\/brun-marmor-sofabord\/","title":{"rendered":"Brun marmor sofabord i moderne design"},"content":{"rendered":"<h2>Brun marmor sofabord i moderne design &#8220;Scotus&#8221;<\/h2>\n<p>Med sin uj\u00e6vne form og h\u00e5ndlavede udtryk er brun marmor sofabord et fascinerende m\u00f8bel. Forestil dig et bord, der ikke blot pryder dit hjem, men ogs\u00e5 fort\u00e6ller en tusind\u00e5rig historie. Dette marmorbord, med sin organiske form og h\u00e5ndv\u00e6rksm\u00e6ssige finesse, er et mesterv\u00e6rk i nordisk design, som indfanger naturens essens i hver eneste detalje. Udsk\u00e5ret i h\u00e5nden fra et massivt blok af gr\u00e5 marmor, fremst\u00e5r bordet som en unik juvel. Den polerede overflade fremh\u00e6ver marmorets naturlige \u00e5rer, mens de tykke, r\u00e5 kanter tilf\u00f8rer et rustikt og autentisk pr\u00e6g.<\/p>\n<p>Det, der virkelig adskiller dette bord, er den marmor, det er fremstillet af. Inkrusteret med tusind\u00e5rige muslingeskaller, bliver denne sj\u00e6ldne sten til en fort\u00e6lling fra havets dyb, hvor hver skal hvisker historier om urgammel visdom. Bordets us\u00e6dvanlige tykkelse og markante design giver det et moderne og dristigt udtryk, som g\u00f8r det til et naturligt midtpunkt i ethvert rum. Dets tilstedev\u00e6relse i dit hjem tilf\u00f8rer ikke kun elegance og raffinement, men v\u00e6kker ogs\u00e5 en dyb forbindelse til naturen og tidens gang. Hver gang du ser p\u00e5 det, vil det minde dig om den sk\u00f8nhed og historie, der gemmer sig i havets dyb.<\/p>\n<p>Oceanic Mystery Marmor \u2013 en af de mest betagende marmortyper i vores kollektion. Denne sten fremviser en farvepalet fra jordgr\u00e5 til lys brun, med et baggrundst\u00e6ppe af hvide \u00e5rer og m\u00f8rke skygger. Dens s\u00e6rlige m\u00f8nster minder om en samling af sm\u00e5sten i forskellige st\u00f8rrelser.<\/p>\n<p>Vores enest\u00e5ende og sj\u00e6ldne Oceanic Mystery Marmor er et vidnesbyrd om Jordens gamle marinehistorie \u2013 en kostbar og unik sten, der rummer essensen af havets dyb. Dens s\u00e6rpr\u00e6g ligger i den ekstraordin\u00e6re bevarelse af fossile muslinger og skaller, som er indlejret i stenen gennem millioner af \u00e5r. Disse naturlige relikvier, frosset i tiden, giver et glimt af en svunden \u00e6ra og forvandler hver plade af Oceanic Mystery Marmor til et stykke af planetens oceaniske historie.<\/p>\n<p>Stenens sj\u00e6ldenhed skyldes de specifikke betingelser, der kr\u00e6ves for dens dannelse. Tilstedev\u00e6relsen af s\u00e5 velbevarede fossiler i marmoren er yderst us\u00e6dvanlig og kr\u00e6ver en perfekt kombination af biologiske og geologiske faktorer. Derfor er Oceanic Mystery Marmor ikke blot en naturens vidunder, men ogs\u00e5 en samlergenstand, eftertragtet for sin historiske betydning og den unikke fort\u00e6lling, den b\u00e6rer.<\/p>\n<p>&nbsp;<\/p>\n<p><a href=\"https:\/\/forzini.com\/da\/materialer\/\" target=\"_blank\" rel=\"noopener\">L\u00e6r mere om vores kollektion af marmor og onyx via dette link: <\/a><a href=\"https:\/\/forzini.com\/da\/materialer\/\" target=\"_blank\" rel=\"noopener\"><strong>Materialer<\/strong><\/a><\/p>\n<h3><strong>Fremh\u00e6vede egenskaber:<\/strong><\/h3>\n<h3>Montering: Ikke n\u00f8dvendig<\/h3>\n<h3>Stenfinish: Poleret Benfinish: Brunt rustfrit st\u00e5l<\/h3>\n<h3>V\u00e6gt: 25 kg<\/h3>\n","protected":false},"excerpt":{"rendered":"<h1>Brun marmor sofabord<\/h1>\n<p>En spektakul\u00e6r fusion mellem design og kunst. Med sin uj\u00e6vne form og h\u00e5ndlavet ud af et solidt blok brun marmor, udstr\u00e5ler dette nordisk-inspirerede stenbord en uforlignelig charme. De tykke, upolerede kanter st\u00e5r i kontrast til den sj\u00e6ldne og storsl\u00e5ede marmor og tilf\u00f8rer bordet et s\u00e6rligt rustikt pr\u00e6g, som giver det et karakteristisk og autentisk udtryk. Denne unikke kombination af raffinerede og r\u00e5 elementer g\u00f8r bordet til et ikonisk m\u00f8bel, der bringer luksus og sofistikation til enhver indretning.<\/p>\n<h2><strong>M\u00e5l:<\/strong> Bredde 50 cm, L\u00e6ngde 60 cm, H\u00f8jde 50 cm<\/h2>\n<p>&nbsp;<\/p>\n","protected":false},"featured_media":16409,"comment_status":"closed","ping_status":"closed","template":"","meta":{"_acf_changed":false,"_joinchat":[]},"product_brand":[],"product_cat":[314,356],"product_tag":[322],"class_list":{"0":"post-16408","1":"product","2":"type-product","3":"status-publish","4":"has-post-thumbnail","6":"product_cat-bord","7":"product_cat-marmor-sofaborde","8":"product_tag-marmor-da","10":"first","11":"instock","12":"sale","13":"featured","14":"shipping-taxable","15":"purchasable","16":"product-type-simple"},"acf":[],"_links":{"self":[{"href":"https:\/\/forzini.com\/da\/wp-json\/wp\/v2\/product\/16408","targetHints":{"allow":["GET"]}}],"collection":[{"href":"https:\/\/forzini.com\/da\/wp-json\/wp\/v2\/product"}],"about":[{"href":"https:\/\/forzini.com\/da\/wp-json\/wp\/v2\/types\/product"}],"replies":[{"embeddable":true,"href":"https:\/\/forzini.com\/da\/wp-json\/wp\/v2\/comments?post=16408"}],"version-history":[{"count":0,"href":"https:\/\/forzini.com\/da\/wp-json\/wp\/v2\/product\/16408\/revisions"}],"wp:featuredmedia":[{"embeddable":true,"href":"https:\/\/forzini.com\/da\/wp-json\/wp\/v2\/media\/16409"}],"wp:attachment":[{"href":"https:\/\/forzini.com\/da\/wp-json\/wp\/v2\/media?parent=16408"}],"wp:term":[{"taxonomy":"product_brand","embeddable":true,"href":"https:\/\/forzini.com\/da\/wp-json\/wp\/v2\/product_brand?post=16408"},{"taxonomy":"product_cat","embeddable":true,"href":"https:\/\/forzini.com\/da\/wp-json\/wp\/v2\/product_cat?post=16408"},{"taxonomy":"product_tag","embeddable":true,"href":"https:\/\/forzini.com\/da\/wp-json\/wp\/v2\/product_tag?post=16408"}],"curies":[{"name":"wp","href":"https:\/\/api.w.org\/{rel}","templated":true}]}}