{"id":16383,"date":"2024-07-03T11:19:56","date_gmt":"2024-07-03T09:19:56","guid":{"rendered":"https:\/\/forzini.com\/producto\/mesa-auxiliar-de-onix-mercury\/"},"modified":"2025-09-20T09:03:04","modified_gmt":"2025-09-20T07:03:04","slug":"rundt-marmor-sofabord","status":"publish","type":"product","link":"https:\/\/forzini.com\/da\/producto\/rundt-marmor-sofabord\/","title":{"rendered":"Rundt marmor sofabord i marmor onyx &#8211; sokkel bord"},"content":{"rendered":"<h1>Rundt marmor sofabord i marmor onyx &#8220;Mercury&#8221;<\/h1>\n<p>Hver eneste del af dette <strong>runde marmor sofabord<\/strong> er omhyggeligt h\u00e5ndlavet af h\u00f8jt kvalificerede mestre. Med sin runde form, der fremkalder perfektion, forener bordet den sensationelle lysegr\u00f8nne onyx med den dybe, sorte marmor og skaber et skulpturelt v\u00e6rk, der tilf\u00f8rer ethvert interi\u00f8r et strejf af sofistikation og tidl\u00f8s elegance. Onyxens naturlige sk\u00f8nhed folder sig ud p\u00e5 hver overflade og fremviser unikke m\u00f8nstre og levende farver, der indfanger naturens essens. Takket v\u00e6re onyxens naturlige gennemsigtighed tillader soklen intern belysning, som skaber en bl\u00f8d gl\u00f8d og tilf\u00f8rer varme og raffinement til rummet.<\/p>\n<p>Alsidigt og moderne \u2013 dette bord fungerer ikke kun som et sidebord, men kan ogs\u00e5 bruges som sofabord, natbord eller podium til at fremh\u00e6ve en vase, en buste eller en lampe, og l\u00f8fter atmosf\u00e6ren med en uovertruffen elegance. Hver enkelt bord er en stilfuld erkl\u00e6ring og et udtryk for god smag \u2013 perfekt til dem, der \u00f8nsker at tilf\u00f8je et strejf af luksus til hjemmet.<\/p>\n<p>Vidste du, at vores onyx besidder en fascinerende translucens, som har betaget b\u00e5de kunsth\u00e5ndv\u00e6rkere og beundrere? Dens evne til at sprede lys frem for blot at reflektere det giver onyx en n\u00e6sten mystisk kvalitet. Lyset, der filtreres gennem de brogede lag, bl\u00f8dg\u00f8res og skaber en varm og indbydende gl\u00f8d, som kan forvandle ethvert rum til et sted fyldt med sk\u00f8nhed og eftert\u00e6nksomhed.<\/p>\n<p>Denne translucens er en metafor for dybde og kompleksitet. Ligesom lyset afsl\u00f8rer onyxens skjulte nuancer, inviterer stenen os til at se ud over overfladen \u2013 til den subtile interaktion mellem farve og form, der gemmer sig i dens indre. I en verden, der ofte v\u00e6rds\u00e6tter det umiddelbare og det \u00e5benlyse, minder onyxens translucens os om den sk\u00f8nhed, der findes i det stille, det diskrete og det dybe. Det er denne egenskab, der g\u00f8r onyx til mere end blot et materiale \u2013 det er et medium, hvorigennem naturen afsl\u00f8rer sine mest fortryllende hemmeligheder.<\/p>\n<p>&nbsp;<\/p>\n<p><a href=\"https:\/\/forzini.com\/da\/materialer\/\" target=\"_blank\" rel=\"noopener\">L\u00e6r mere om vores kollektion af marmor og onyx via dette link: <\/a><a href=\"https:\/\/forzini.com\/da\/materialer\/\" target=\"_blank\" rel=\"noopener\"><strong>Materialer<\/strong><\/a><\/p>\n<h3 data-start=\"39\" data-end=\"67\"><strong data-start=\"39\" data-end=\"65\">Fremh\u00e6vede egenskaber:<\/strong><\/h3>\n<ul data-start=\"69\" data-end=\"145\" data-is-last-node=\"\" data-is-only-node=\"\">\n<li data-start=\"69\" data-end=\"105\">\n<h3 data-start=\"71\" data-end=\"105\">Montering: Kr\u00e6ver ikke montering<\/h3>\n<\/li>\n<li data-start=\"106\" data-end=\"129\">\n<h3 data-start=\"108\" data-end=\"129\">Stenfinish: Poleret<\/h3>\n<\/li>\n<li data-start=\"130\" data-end=\"145\" data-is-last-node=\"\">\n<h3 data-start=\"132\" data-end=\"145\">V\u00e6gt: 71 kg<\/h3>\n<\/li>\n<\/ul>\n","protected":false},"excerpt":{"rendered":"<h1>Rundt marmor sofabord<\/h1>\n<p>Ikke blot et karakteristisk dekorativt element, men ogs\u00e5 bem\u00e6rkelsesv\u00e6rdigt alsidigt. Perfekt som et sofistikeret natbord i marmor, og dette multifunktionelle m\u00f8bel kan ogs\u00e5 bruges som en komfortabel ekstra siddeplads, der nemt tilpasser sig ethvert rum i dit hjem.<\/p>\n<h2><strong>M\u00e5l:<\/strong> Diameter 38 cm, H\u00f8jde 52 cm<\/h2>\n<p>&nbsp;<\/p>\n","protected":false},"featured_media":16384,"comment_status":"closed","ping_status":"closed","template":"","meta":{"_acf_changed":false,"_joinchat":[]},"product_brand":[],"product_cat":[314],"product_tag":[322,323],"class_list":{"0":"post-16383","1":"product","2":"type-product","3":"status-publish","4":"has-post-thumbnail","6":"product_cat-bord","7":"product_tag-marmor-da","8":"product_tag-onyx-da","10":"first","11":"instock","12":"sale","13":"shipping-taxable","14":"purchasable","15":"product-type-simple"},"acf":[],"_links":{"self":[{"href":"https:\/\/forzini.com\/da\/wp-json\/wp\/v2\/product\/16383","targetHints":{"allow":["GET"]}}],"collection":[{"href":"https:\/\/forzini.com\/da\/wp-json\/wp\/v2\/product"}],"about":[{"href":"https:\/\/forzini.com\/da\/wp-json\/wp\/v2\/types\/product"}],"replies":[{"embeddable":true,"href":"https:\/\/forzini.com\/da\/wp-json\/wp\/v2\/comments?post=16383"}],"version-history":[{"count":0,"href":"https:\/\/forzini.com\/da\/wp-json\/wp\/v2\/product\/16383\/revisions"}],"wp:featuredmedia":[{"embeddable":true,"href":"https:\/\/forzini.com\/da\/wp-json\/wp\/v2\/media\/16384"}],"wp:attachment":[{"href":"https:\/\/forzini.com\/da\/wp-json\/wp\/v2\/media?parent=16383"}],"wp:term":[{"taxonomy":"product_brand","embeddable":true,"href":"https:\/\/forzini.com\/da\/wp-json\/wp\/v2\/product_brand?post=16383"},{"taxonomy":"product_cat","embeddable":true,"href":"https:\/\/forzini.com\/da\/wp-json\/wp\/v2\/product_cat?post=16383"},{"taxonomy":"product_tag","embeddable":true,"href":"https:\/\/forzini.com\/da\/wp-json\/wp\/v2\/product_tag?post=16383"}],"curies":[{"name":"wp","href":"https:\/\/api.w.org\/{rel}","templated":true}]}}