{"id":16307,"date":"2024-07-03T09:41:48","date_gmt":"2024-07-03T07:41:48","guid":{"rendered":"https:\/\/forzini.com\/producto\/mesa-auxiliar-pequena\/"},"modified":"2025-09-19T18:07:26","modified_gmt":"2025-09-19T16:07:26","slug":"marmor-bord-sofabord-onyx","status":"publish","type":"product","link":"https:\/\/forzini.com\/da\/producto\/marmor-bord-sofabord-onyx\/","title":{"rendered":"Onyx marmor bord sofabord \u2013 minimalistisk og stilrent"},"content":{"rendered":"<h1>Onyx marmor bord sofabord\u00a0&#8220;Juventas&#8221;<\/h1>\n<p>Ren minimalistisk stil \u2013 dette Onyx marmor bord sofabord er et skulpturelt mesterv\u00e6rk, der forener klassiske former med et moderne touch. Designet udstr\u00e5ler luksus og enkelhed, og skaber en aura af elegance, som komplementerer enhver indretning. Den kubeformede struktur og den lysegr\u00f8nne onyxtekstur smelter sammen og giver en funktionel m\u00f8belgenstand, der samtidig er et symbol p\u00e5 sofistikation.<\/p>\n<p>Onyx marmor bord sofabord er fremstillet af lysegr\u00f8n onyx og er hul indvendigt, hvilket g\u00f8r det nemt at baggrundsbelyse og skabe en varm og indbydende atmosf\u00e6re. Dette lille sidebord bliver hurtigt det centrale blikfang i ethvert rum.<\/p>\n<p>Galaxy Green Onyx \u2013 en lysegr\u00f8n baggrund smukt fremh\u00e6vet af hvide b\u00f8lger, blandet med \u00e5rer i bronze, jordagtig gyldenbrun og r\u00f8dlig tone. Udvundet i meget begr\u00e6nsede m\u00e6ngder, hvilket g\u00f8r denne variant yderst eksklusiv med en bem\u00e6rkelsesv\u00e6rdig gennemsigtighed.<\/p>\n<p>&nbsp;<\/p>\n<p><a href=\"https:\/\/forzini.com\/da\/materialer\/\" target=\"_blank\" rel=\"noopener\">L\u00e6r mere om vores kollektion af marmor og onyx via dette link: <\/a><a href=\"https:\/\/forzini.com\/da\/materialer\/\" target=\"_blank\" rel=\"noopener\"><strong>Materialer<\/strong><\/a><\/p>\n<h3 data-start=\"39\" data-end=\"67\"><strong data-start=\"39\" data-end=\"65\">Fremh\u00e6vede egenskaber:<\/strong><\/h3>\n<ul data-start=\"69\" data-end=\"145\" data-is-last-node=\"\" data-is-only-node=\"\">\n<li data-start=\"69\" data-end=\"105\">\n<h3 data-start=\"71\" data-end=\"105\">Montering: Kr\u00e6ver ikke montering<\/h3>\n<\/li>\n<li data-start=\"106\" data-end=\"129\">\n<h3 data-start=\"108\" data-end=\"129\">Stenfinish: Poleret<\/h3>\n<\/li>\n<li data-start=\"130\" data-end=\"145\" data-is-last-node=\"\">\n<h3 data-start=\"132\" data-end=\"145\">V\u00e6gt: 35 kg<\/h3>\n<\/li>\n<\/ul>\n","protected":false},"excerpt":{"rendered":"<h1>Onyx marmor bord sofabord<\/h1>\n<p>Med et enkelt og raffineret design hylder dette kubeformede sidebord funktionalitet med stil. Fremstillet i lysegr\u00f8n onyx, udm\u00e6rker hver enkelt enhed sig ved sine unikke nuancer, som fremh\u00e6ver stenens naturlige \u00e6stetik. Den geometriske form g\u00f8r det muligt at lege med forskellige farvekombinationer og tilf\u00f8rer karakter og harmoni til ethvert rum. Onyxen, n\u00f8je udvalgt for sin renhed og visuelle appel, tilf\u00f8rer et strejf af luksus og elegance, og forvandler dette kompakte m\u00f8bel til et dekorativt element med stor effekt.<\/p>\n<h2 data-start=\"540\" data-end=\"598\"><strong data-start=\"540\" data-end=\"556\">Dimensioner:<\/strong> Bredde 40 cm, L\u00e6ngde 40 cm, H\u00f8jde 45 cm<\/h2>\n","protected":false},"featured_media":16308,"comment_status":"closed","ping_status":"closed","template":"","meta":{"_acf_changed":false,"_joinchat":[]},"product_brand":[],"product_cat":[314,398],"product_tag":[323],"class_list":{"0":"post-16307","1":"product","2":"type-product","3":"status-publish","4":"has-post-thumbnail","6":"product_cat-bord","7":"product_cat-sten-sofabord","8":"product_tag-onyx-da","10":"first","11":"instock","12":"sale","13":"featured","14":"shipping-taxable","15":"purchasable","16":"product-type-simple"},"acf":[],"_links":{"self":[{"href":"https:\/\/forzini.com\/da\/wp-json\/wp\/v2\/product\/16307","targetHints":{"allow":["GET"]}}],"collection":[{"href":"https:\/\/forzini.com\/da\/wp-json\/wp\/v2\/product"}],"about":[{"href":"https:\/\/forzini.com\/da\/wp-json\/wp\/v2\/types\/product"}],"replies":[{"embeddable":true,"href":"https:\/\/forzini.com\/da\/wp-json\/wp\/v2\/comments?post=16307"}],"version-history":[{"count":0,"href":"https:\/\/forzini.com\/da\/wp-json\/wp\/v2\/product\/16307\/revisions"}],"wp:featuredmedia":[{"embeddable":true,"href":"https:\/\/forzini.com\/da\/wp-json\/wp\/v2\/media\/16308"}],"wp:attachment":[{"href":"https:\/\/forzini.com\/da\/wp-json\/wp\/v2\/media?parent=16307"}],"wp:term":[{"taxonomy":"product_brand","embeddable":true,"href":"https:\/\/forzini.com\/da\/wp-json\/wp\/v2\/product_brand?post=16307"},{"taxonomy":"product_cat","embeddable":true,"href":"https:\/\/forzini.com\/da\/wp-json\/wp\/v2\/product_cat?post=16307"},{"taxonomy":"product_tag","embeddable":true,"href":"https:\/\/forzini.com\/da\/wp-json\/wp\/v2\/product_tag?post=16307"}],"curies":[{"name":"wp","href":"https:\/\/api.w.org\/{rel}","templated":true}]}}