{"id":16282,"date":"2024-10-26T23:18:32","date_gmt":"2024-10-26T21:18:32","guid":{"rendered":"https:\/\/forzini.com\/producto\/mesa-en-forma-de-cubo\/"},"modified":"2025-09-18T23:05:33","modified_gmt":"2025-09-18T21:05:33","slug":"sofabord-i-sten-kubebord-onyx","status":"publish","type":"product","link":"https:\/\/forzini.com\/da\/producto\/sofabord-i-sten-kubebord-onyx\/","title":{"rendered":"Kubebord i onyx \u2013 eksklusivt sofabord i sten"},"content":{"rendered":"<h2>Kubebord i onyx \u2013 eksklusivt sofabord i sten &#8220;Juventas G&#8221;<\/h2>\n<p>Minimalistisk og elegant \u2013 dette sofabord i sten af gr\u00f8n onyx er et mesterv\u00e6rk, der forener klassiske former med et moderne touch. Dets design afspejler luksus og enkelhed og skaber en atmosf\u00e6re af sofistikation i enhver indretning. De rene linjer og den rige tekstur i onyksen forenes for at tilbyde et funktionelt m\u00f8bel og et symbol p\u00e5 stil. Dette eksklusive sofabord i sten er fremstillet af \u00e6gte gr\u00f8n onyx med mange nuancer og toner, og dets enest\u00e5ende sk\u00f8nhed g\u00f8r det til midtpunktet i ethvert rum.<\/p>\n<p>Amazonian Green Onyx: En flergr\u00f8n farve med en rig palet, der sp\u00e6nder fra levende gr\u00f8nne til lyse toner, suppleret af \u00e5rer i brune, chokolade-, gyldne og r\u00f8dligt\u2011tonede nuancer, som afspejler naturens rene kunst.<\/p>\n<p><a href=\"https:\/\/forzini.com\/da\/materialer\/\" target=\"_blank\" rel=\"noopener\">L\u00e6r mere om vores kollektion af marmor og onyx via dette link: <\/a><a href=\"https:\/\/forzini.com\/da\/materialer\/\" target=\"_blank\" rel=\"noopener\"><strong>Materialer<\/strong><\/a><\/p>\n<h3 data-start=\"39\" data-end=\"67\"><strong data-start=\"39\" data-end=\"65\">Fremh\u00e6vede egenskaber:<\/strong><\/h3>\n<ul data-start=\"69\" data-end=\"145\" data-is-last-node=\"\" data-is-only-node=\"\">\n<li data-start=\"69\" data-end=\"105\">\n<h3 data-start=\"71\" data-end=\"105\">Montering: Kr\u00e6ver ikke montering<\/h3>\n<\/li>\n<li data-start=\"106\" data-end=\"129\">\n<h3 data-start=\"108\" data-end=\"129\">Stenfinish: Poleret<\/h3>\n<\/li>\n<li data-start=\"130\" data-end=\"145\" data-is-last-node=\"\">\n<h3 data-start=\"132\" data-end=\"145\">V\u00e6gt: 35 kg<\/h3>\n<\/li>\n<\/ul>\n<p>&nbsp;<\/p>\n","protected":false},"excerpt":{"rendered":"<h1>Sofabord i sten onyx Kubebord<\/h1>\n<p>Med sit sofistikerede og moderne design passer det perfekt ind i enhver indretning. Den levende gr\u00f8nne tone i onyksen f\u00e5r hvert stykke til at hylde stenens naturlige sk\u00f8nhed. Den komfortable og geometriske form g\u00f8r det muligt at kombinere forskellige farver, hvilket fremh\u00e6ver hjemmets luksus og stil. Den eksklusive onyx, udvalgt for sin enest\u00e5ende kvalitet og sk\u00f8nhed, tilf\u00f8rer et strejf af overd\u00e5dighed og raffinement og forvandler dette lille sidebord til midtpunktet i ethvert rum.<\/p>\n<h2><strong>M\u00e5l:<\/strong> Bredde 40 cm, l\u00e6ngde 40 cm, h\u00f8jde 45 cm<\/h2>\n","protected":false},"featured_media":16283,"comment_status":"closed","ping_status":"closed","template":"","meta":{"_acf_changed":false,"_joinchat":[]},"product_brand":[],"product_cat":[314,398],"product_tag":[323],"class_list":{"0":"post-16282","1":"product","2":"type-product","3":"status-publish","4":"has-post-thumbnail","6":"product_cat-bord","7":"product_cat-sten-sofabord","8":"product_tag-onyx-da","10":"first","11":"onbackorder","12":"sale","13":"featured","14":"shipping-taxable","15":"purchasable","16":"product-type-simple"},"acf":[],"_links":{"self":[{"href":"https:\/\/forzini.com\/da\/wp-json\/wp\/v2\/product\/16282","targetHints":{"allow":["GET"]}}],"collection":[{"href":"https:\/\/forzini.com\/da\/wp-json\/wp\/v2\/product"}],"about":[{"href":"https:\/\/forzini.com\/da\/wp-json\/wp\/v2\/types\/product"}],"replies":[{"embeddable":true,"href":"https:\/\/forzini.com\/da\/wp-json\/wp\/v2\/comments?post=16282"}],"version-history":[{"count":0,"href":"https:\/\/forzini.com\/da\/wp-json\/wp\/v2\/product\/16282\/revisions"}],"wp:featuredmedia":[{"embeddable":true,"href":"https:\/\/forzini.com\/da\/wp-json\/wp\/v2\/media\/16283"}],"wp:attachment":[{"href":"https:\/\/forzini.com\/da\/wp-json\/wp\/v2\/media?parent=16282"}],"wp:term":[{"taxonomy":"product_brand","embeddable":true,"href":"https:\/\/forzini.com\/da\/wp-json\/wp\/v2\/product_brand?post=16282"},{"taxonomy":"product_cat","embeddable":true,"href":"https:\/\/forzini.com\/da\/wp-json\/wp\/v2\/product_cat?post=16282"},{"taxonomy":"product_tag","embeddable":true,"href":"https:\/\/forzini.com\/da\/wp-json\/wp\/v2\/product_tag?post=16282"}],"curies":[{"name":"wp","href":"https:\/\/api.w.org\/{rel}","templated":true}]}}