{"id":16254,"date":"2024-10-27T00:36:37","date_gmt":"2024-10-26T22:36:37","guid":{"rendered":"https:\/\/forzini.com\/producto\/mesa-cubo-marmol\/"},"modified":"2025-09-18T21:24:20","modified_gmt":"2025-09-18T19:24:20","slug":"sofabord-sten-kvadratisk","status":"publish","type":"product","link":"https:\/\/forzini.com\/da\/producto\/sofabord-sten-kvadratisk\/","title":{"rendered":"Sofabord i sten \u2013 Kvadratiskt sidobord i vit onyx"},"content":{"rendered":"<h2>Sofabord i sten \u2013 Kvadratiskt sidobord i vit onyx &#8220;Juventas W&#8221;<\/h2>\n<p data-start=\"77\" data-end=\"613\">Dette hvide onyx sofabord, omhyggeligt h\u00e5ndlavet, fremst\u00e5r som et moderne og luksuri\u00f8st stykke tidl\u00f8st design. Den minimalistiske struktur fremh\u00e6ver den naturlige elegance i onyx, en halv\u00e6delsten af unik sk\u00f8nhed, ogs\u00e5 v\u00e6rdsat i smykker. Den gennemsigtige overflade lader lyset fremh\u00e6ve de unikke nuancer og \u00e5rer, hvilket tilf\u00f8jer et eksklusivt og raffineret pr\u00e6g til ethvert rum. Perfekt til at dekorere din stue eller som natbord, forvandler dette ikoniske bord ethvert milj\u00f8 med sin sofistikerede og karakteristiske tilstedev\u00e6relse.<\/p>\n<p data-start=\"615\" data-end=\"969\"><strong data-start=\"615\" data-end=\"634\">Golden Une Onyx<\/strong> \u2013 Den hvide baggrund fungerer som et roligt l\u00e6rred, delikat dekoreret med bl\u00f8de hvide skyer, der elegant sv\u00e6ver over overfladen. Cremede og gule nuancer samt \u00e5rer i gyldne, karamel, brune, cognac- og r\u00f8dlige toner. Denne specielle hvide onyx er et sj\u00e6ldent fund, tilg\u00e6ngelig kun i sm\u00e5 m\u00e6ngder, da den udvindes fra et specifikt sted.<\/p>\n<p><a href=\"https:\/\/forzini.com\/da\/materialer\/\" target=\"_blank\" rel=\"noopener\">L\u00e6r mere om vores kollektion af marmor og onyx via dette link: <\/a><a href=\"https:\/\/forzini.com\/da\/materialer\/\" target=\"_blank\" rel=\"noopener\"><strong>Materialer<\/strong><\/a><\/p>\n<h3 data-start=\"39\" data-end=\"67\"><strong data-start=\"39\" data-end=\"65\">Fremh\u00e6vede egenskaber:<\/strong><\/h3>\n<ul data-start=\"69\" data-end=\"145\" data-is-last-node=\"\" data-is-only-node=\"\">\n<li data-start=\"69\" data-end=\"105\">\n<h3 data-start=\"71\" data-end=\"105\">Montering: Kr\u00e6ver ikke montering<\/h3>\n<\/li>\n<li data-start=\"106\" data-end=\"129\">\n<h3 data-start=\"108\" data-end=\"129\">Stenfinish: Poleret<\/h3>\n<\/li>\n<li data-start=\"130\" data-end=\"145\" data-is-last-node=\"\">\n<h3 data-start=\"132\" data-end=\"145\">V\u00e6gt: 35 kg<\/h3>\n<\/li>\n<\/ul>\n","protected":false},"excerpt":{"rendered":"<h1>Sofabord i sten onyx<\/h1>\n<p data-start=\"84\" data-end=\"538\">Hvid, h\u00e5ndlavet med omhu, repr\u00e6senterer en perfekt fusion af modernitet og tidl\u00f8s luksus. Med et minimalistisk design, der fremh\u00e6ver renheden i linjerne, fremh\u00e6ver dette ikoniske bord den iboende sk\u00f8nhed i onyx, en halv\u00e6delsten ogs\u00e5 anvendt i smykker. Den elegante og let gennemsigtige finish g\u00f8r bordet til en \u00e6gte dekorativ skat, perfekt til at forsk\u00f8nne enhver stue eller som natbord, hvor det tilf\u00f8jer et unikt pr\u00e6g af raffinement og sofistikation.<\/p>\n<h2 data-start=\"540\" data-end=\"598\"><strong data-start=\"540\" data-end=\"556\">Dimensioner:<\/strong> Bredde 40 cm, L\u00e6ngde 40 cm, H\u00f8jde 45 cm<\/h2>\n<p>&nbsp;<\/p>\n","protected":false},"featured_media":16255,"comment_status":"closed","ping_status":"closed","template":"","meta":{"_acf_changed":false,"_joinchat":[]},"product_brand":[],"product_cat":[314,398],"product_tag":[323],"class_list":{"0":"post-16254","1":"product","2":"type-product","3":"status-publish","4":"has-post-thumbnail","6":"product_cat-bord","7":"product_cat-sten-sofabord","8":"product_tag-onyx-da","10":"first","11":"instock","12":"sale","13":"featured","14":"shipping-taxable","15":"purchasable","16":"product-type-simple"},"acf":[],"_links":{"self":[{"href":"https:\/\/forzini.com\/da\/wp-json\/wp\/v2\/product\/16254","targetHints":{"allow":["GET"]}}],"collection":[{"href":"https:\/\/forzini.com\/da\/wp-json\/wp\/v2\/product"}],"about":[{"href":"https:\/\/forzini.com\/da\/wp-json\/wp\/v2\/types\/product"}],"replies":[{"embeddable":true,"href":"https:\/\/forzini.com\/da\/wp-json\/wp\/v2\/comments?post=16254"}],"version-history":[{"count":0,"href":"https:\/\/forzini.com\/da\/wp-json\/wp\/v2\/product\/16254\/revisions"}],"wp:featuredmedia":[{"embeddable":true,"href":"https:\/\/forzini.com\/da\/wp-json\/wp\/v2\/media\/16255"}],"wp:attachment":[{"href":"https:\/\/forzini.com\/da\/wp-json\/wp\/v2\/media?parent=16254"}],"wp:term":[{"taxonomy":"product_brand","embeddable":true,"href":"https:\/\/forzini.com\/da\/wp-json\/wp\/v2\/product_brand?post=16254"},{"taxonomy":"product_cat","embeddable":true,"href":"https:\/\/forzini.com\/da\/wp-json\/wp\/v2\/product_cat?post=16254"},{"taxonomy":"product_tag","embeddable":true,"href":"https:\/\/forzini.com\/da\/wp-json\/wp\/v2\/product_tag?post=16254"}],"curies":[{"name":"wp","href":"https:\/\/api.w.org\/{rel}","templated":true}]}}