{"id":16220,"date":"2024-10-27T13:38:42","date_gmt":"2024-10-27T12:38:42","guid":{"rendered":"https:\/\/forzini.com\/producto\/mesa-de-marmol-blanco-lateral\/"},"modified":"2025-09-17T23:20:01","modified_gmt":"2025-09-17T21:20:01","slug":"marmor-sidebord-hvid","status":"publish","type":"product","link":"https:\/\/forzini.com\/da\/producto\/marmor-sidebord-hvid\/","title":{"rendered":"Hvidt marmor sidebord \u2013 firkantet sofabord"},"content":{"rendered":"<h2>Hvidt marmor sidebord &#8220;Iris W&#8221;<\/h2>\n<p>Vores hvide marmorsidebord er det perfekte supplement til din stue, designet til at fremh\u00e6ve rummets elegance og tilf\u00f8je funktionalitet i din hverdag. Dette sofistikerede marmorsidebord forsk\u00f8nner ikke blot din stue, men er ogs\u00e5 praktisk \u2013 ideelt til at stille drikkevarer, b\u00e6rbar computer eller andre enheder, mens du nyder komforten i din sofa.<\/p>\n<p>Med en kvadratisk bordplade, h\u00e5ndlavet af en s\u00e6rdeles eksklusiv hvid marmor fra en specifik region, kombinerer dette bord et avantgardistisk design med moderne komfort. Den h\u00e5ndv\u00e6rksm\u00e6ssige kvalitet i fremstillingen sikrer, at hvert stykke er unikt, takket v\u00e6re de fine gr\u00e5 \u00e5rer, der pryder marmoren og giver den et s\u00e6rpr\u00e6get og luksuri\u00f8st udtryk.<\/p>\n<p>Dette hvide marmorsidebord skiller sig ud med sin moderne \u00e6stetik og praktiske anvendelighed. H\u00f8jden er n\u00f8je afstemt, s\u00e5 det fungerer som en let tilg\u00e6ngelig afs\u00e6tningsflade \u2013 ideelt til at arbejde, nyde en drink eller blot have dine enheder inden for r\u00e6kkevidde, mens du slapper af i sofaen.<\/p>\n<p>Ud over at v\u00e6re et funktionelt m\u00f8bel er dette hvide marmorsidebord et kunstv\u00e6rk i sig selv. Det moderne design og den imponerende tilstedev\u00e6relse af hvid marmor forvandler ethvert rum og skaber en raffineret atmosf\u00e6re uden at g\u00e5 p\u00e5 kompromis med funktionaliteten. Sidebordet i hvid marmor er den ideelle kombination af moderne design, komfort og tidl\u00f8s sk\u00f8nhed, der tilf\u00f8rer dit hjem et sublimt og elegant pr\u00e6g.<\/p>\n<p>Snow Leopard Marmor: Hvid farve med subtile gr\u00e5 nuancer og \u00e5retegning. Denne us\u00e6dvanlige og fornemme marmor udvindes i sm\u00e5 m\u00e6ngder fra en specifik region. Den er h\u00f8jt v\u00e6rdsat for sine s\u00e6rlige og ensartede \u00e5rer, der skaber et m\u00f8nster med dyrelignende udtryk.<\/p>\n<p>&nbsp;<\/p>\n<p><a href=\"https:\/\/forzini.com\/da\/materialer\/\" target=\"_blank\" rel=\"noopener\">L\u00e6r mere om vores kollektion af marmor og onyx via dette link: <\/a><a href=\"https:\/\/forzini.com\/da\/materialer\/\" target=\"_blank\" rel=\"noopener\"><strong>Materialer<\/strong><\/a><\/p>\n<h3><strong>Fremh\u00e6vede egenskaber:<\/strong><\/h3>\n<ul>\n<li>\n<h3><strong>Montering:<\/strong> Ikke p\u00e5kr\u00e6vet<\/h3>\n<\/li>\n<li>\n<h3><strong>Stenfinish:<\/strong> Poleret<\/h3>\n<\/li>\n<li>\n<h3><strong>Benfinish:<\/strong> Rustfrit st\u00e5l i s\u00f8lvfarve<\/h3>\n<\/li>\n<li>\n<h3><strong>V\u00e6gt:<\/strong> 18 kg<\/h3>\n<\/li>\n<\/ul>\n","protected":false},"excerpt":{"rendered":"<h1>Hvidt marmor sidebord<\/h1>\n<p data-start=\"69\" data-end=\"383\">Perfekt til at ledsage din sofa, tilf\u00f8jer b\u00e5de stil og funktionalitet til dit rum og er ideelt til drikkevarer og elektroniske enheder. Fremstillet i h\u00e5nden af hvid marmor med unikke gr\u00e5 \u00e5rer, kombinerer dets moderne design og h\u00e5ndlavede firkantede bordplade sk\u00f8nhed og praktisk anvendelse p\u00e5 en enest\u00e5ende m\u00e5de.<\/p>\n<h2 data-start=\"385\" data-end=\"435\"><strong data-start=\"385\" data-end=\"393\">M\u00e5l:<\/strong> L\u00e6ngde 40 cm, Bredde 40 cm, H\u00f8jde 52 cm<\/h2>\n","protected":false},"featured_media":16221,"comment_status":"closed","ping_status":"closed","template":"","meta":{"_acf_changed":false,"_joinchat":[]},"product_brand":[],"product_cat":[314,356],"product_tag":[322],"class_list":{"0":"post-16220","1":"product","2":"type-product","3":"status-publish","4":"has-post-thumbnail","6":"product_cat-bord","7":"product_cat-marmor-sofaborde","8":"product_tag-marmor-da","10":"first","11":"instock","12":"sale","13":"featured","14":"shipping-taxable","15":"purchasable","16":"product-type-simple"},"acf":[],"_links":{"self":[{"href":"https:\/\/forzini.com\/da\/wp-json\/wp\/v2\/product\/16220","targetHints":{"allow":["GET"]}}],"collection":[{"href":"https:\/\/forzini.com\/da\/wp-json\/wp\/v2\/product"}],"about":[{"href":"https:\/\/forzini.com\/da\/wp-json\/wp\/v2\/types\/product"}],"replies":[{"embeddable":true,"href":"https:\/\/forzini.com\/da\/wp-json\/wp\/v2\/comments?post=16220"}],"version-history":[{"count":0,"href":"https:\/\/forzini.com\/da\/wp-json\/wp\/v2\/product\/16220\/revisions"}],"wp:featuredmedia":[{"embeddable":true,"href":"https:\/\/forzini.com\/da\/wp-json\/wp\/v2\/media\/16221"}],"wp:attachment":[{"href":"https:\/\/forzini.com\/da\/wp-json\/wp\/v2\/media?parent=16220"}],"wp:term":[{"taxonomy":"product_brand","embeddable":true,"href":"https:\/\/forzini.com\/da\/wp-json\/wp\/v2\/product_brand?post=16220"},{"taxonomy":"product_cat","embeddable":true,"href":"https:\/\/forzini.com\/da\/wp-json\/wp\/v2\/product_cat?post=16220"},{"taxonomy":"product_tag","embeddable":true,"href":"https:\/\/forzini.com\/da\/wp-json\/wp\/v2\/product_tag?post=16220"}],"curies":[{"name":"wp","href":"https:\/\/api.w.org\/{rel}","templated":true}]}}