{"id":16195,"date":"2024-10-27T15:27:00","date_gmt":"2024-10-27T14:27:00","guid":{"rendered":"https:\/\/forzini.com\/producto\/mesa-auxiliar-de-marmol-forma-c\/"},"modified":"2025-09-17T09:21:07","modified_gmt":"2025-09-17T07:21:07","slug":"oval-sofabord-marmor","status":"publish","type":"product","link":"https:\/\/forzini.com\/da\/producto\/oval-sofabord-marmor\/","title":{"rendered":"Oval sofabord i beige marmor C\u2011formet endebord"},"content":{"rendered":"<h2>Oval sofabord i beige marmor &#8220;Hades B&#8221;<\/h2>\n<p>Dette C\u2011formede ovale sofabord i beige marmor kombinerer et eksklusivt og originalt design med en elegant oval bordplade af fornem beige marmor. Sj\u00e6ldenheden og sk\u00f8nheden ved denne marmor g\u00f8r det til et helt unikt m\u00f8bel, ideelt til hjem, der \u00f8nsker et strejf af s\u00e6rpr\u00e6g. Den smalle og slanke form g\u00f8r det perfekt til sm\u00e5 rum, hvor det let kan tilpasses steder, hvor andre m\u00f8bler ikke ville passe.<\/p>\n<p>Det moderne og friske design p\u00e5 dette bord tiltr\u00e6kker alle blikke og tilf\u00f8rer et strejf af elegance til ethvert rum. Det ovale sofabord i beige marmor er ideelt at placere ved siden af sofaen eller sengen og giver en praktisk overflade til at stille drikkevarer, b\u00e6rbare computere, telefoner, magasiner eller fjernbetjeninger. Perfekt b\u00e5de til morgenkaffen og som st\u00f8tte, n\u00e5r du arbejder fra sofaen, kombinerer dette bord stil og funktionalitet i hver detalje. Derudover er det et vidnesbyrd om marmorens holdbarhed og tidl\u00f8se sk\u00f8nhed, som tilf\u00f8rer dit hjem et sofistikeret og praktisk pr\u00e6g.<\/p>\n<p><strong>Botticelli Classic Marmor:<\/strong> En meget kunstnerisk og unik marmortype med b\u00f8lget m\u00f8nster og en charmerende varm creme\u2011beige farve, der skaber et meget neutralt, men stilfuldt udtryk. Den har en m\u00f8rkere brun\u2011gullig \u00e5re, der l\u00f8ber gennem den lysebrune baggrund, fremh\u00e6vet af lysebrune og gyldne toner.<\/p>\n<p>&nbsp;<\/p>\n<p><a href=\"https:\/\/forzini.com\/da\/materialer\/\" target=\"_blank\" rel=\"noopener\">L\u00e6r mere om vores kollektion af marmor og onyx via dette link: <\/a><a href=\"https:\/\/forzini.com\/da\/materialer\/\" target=\"_blank\" rel=\"noopener\"><strong>Materialer<\/strong><\/a><\/p>\n<h3><strong>Fremh\u00e6vede egenskaber:<\/strong><\/h3>\n<ul>\n<li>\n<h3><strong>Montering:<\/strong> Ikke p\u00e5kr\u00e6vet<\/h3>\n<\/li>\n<li>\n<h3><strong>Stenfinish:<\/strong> Poleret<\/h3>\n<\/li>\n<li>\n<h3><strong>Benfinish:<\/strong> Rustfrit st\u00e5l i s\u00f8lvfarve<\/h3>\n<\/li>\n<li>\n<h3><strong>V\u00e6gt:<\/strong> 8 kg<\/h3>\n<\/li>\n<\/ul>\n<p>&nbsp;<\/p>\n","protected":false},"excerpt":{"rendered":"<h1><span data-sheets-formula-bar-text-style=\"font-size:13px;color:#000000;font-weight:normal;text-decoration:none;font-family:'Arial';font-style:normal;text-decoration-skip-ink:none;\">Oval sofabord i beige marmor<\/span><\/h1>\n<p>Dette C\u2011formede ovale sofabord i beige marmor er innovativt og originalt, med en elegant oval bordplade i sj\u00e6lden beige marmor, prydet med fine karamelfarvede \u00e5rer, der l\u00f8ber hen over overfladen. H\u00f8jt og smalt er det ideelt til sm\u00e5 rum, hvor det kombinerer et friskt og i\u00f8jnefaldende design, der tilf\u00f8rer stil uden at optage for meget plads. Perfekt til at placere ved siden af sofaen eller sengen, hvor det giver en praktisk overflade til drikkevarer, b\u00e6rbare computere, telefoner, magasiner eller fjernbetjeninger. Det originale design er ikke kun \u00e6stetisk tiltalende, men ogs\u00e5 komfortabelt, holdbart og skabt til at passe perfekt ind i ethvert moderne rum.<\/p>\n<h2><strong>M\u00e5l:<\/strong> L\u00e6ngde 38 cm, bredde 28 cm, h\u00f8jde 60 cm<\/h2>\n<p>&nbsp;<\/p>\n","protected":false},"featured_media":16196,"comment_status":"closed","ping_status":"closed","template":"","meta":{"_acf_changed":false,"_joinchat":[]},"product_brand":[],"product_cat":[314,356],"product_tag":[322],"class_list":{"0":"post-16195","1":"product","2":"type-product","3":"status-publish","4":"has-post-thumbnail","6":"product_cat-bord","7":"product_cat-marmor-sofaborde","8":"product_tag-marmor-da","10":"first","11":"instock","12":"sale","13":"featured","14":"shipping-taxable","15":"purchasable","16":"product-type-simple"},"acf":[],"_links":{"self":[{"href":"https:\/\/forzini.com\/da\/wp-json\/wp\/v2\/product\/16195","targetHints":{"allow":["GET"]}}],"collection":[{"href":"https:\/\/forzini.com\/da\/wp-json\/wp\/v2\/product"}],"about":[{"href":"https:\/\/forzini.com\/da\/wp-json\/wp\/v2\/types\/product"}],"replies":[{"embeddable":true,"href":"https:\/\/forzini.com\/da\/wp-json\/wp\/v2\/comments?post=16195"}],"version-history":[{"count":0,"href":"https:\/\/forzini.com\/da\/wp-json\/wp\/v2\/product\/16195\/revisions"}],"wp:featuredmedia":[{"embeddable":true,"href":"https:\/\/forzini.com\/da\/wp-json\/wp\/v2\/media\/16196"}],"wp:attachment":[{"href":"https:\/\/forzini.com\/da\/wp-json\/wp\/v2\/media?parent=16195"}],"wp:term":[{"taxonomy":"product_brand","embeddable":true,"href":"https:\/\/forzini.com\/da\/wp-json\/wp\/v2\/product_brand?post=16195"},{"taxonomy":"product_cat","embeddable":true,"href":"https:\/\/forzini.com\/da\/wp-json\/wp\/v2\/product_cat?post=16195"},{"taxonomy":"product_tag","embeddable":true,"href":"https:\/\/forzini.com\/da\/wp-json\/wp\/v2\/product_tag?post=16195"}],"curies":[{"name":"wp","href":"https:\/\/api.w.org\/{rel}","templated":true}]}}