{"id":16169,"date":"2024-10-27T20:14:49","date_gmt":"2024-10-27T19:14:49","guid":{"rendered":"https:\/\/forzini.com\/producto\/mesa-baja-redonda-de-onix\/"},"modified":"2025-09-16T23:02:23","modified_gmt":"2025-09-16T21:02:23","slug":"gron-marmor-sofabord","status":"publish","type":"product","link":"https:\/\/forzini.com\/da\/producto\/gron-marmor-sofabord\/","title":{"rendered":"Rundt sofabord i gr\u00f8n marmor massiv sokkel"},"content":{"rendered":"<h2>Rundt sofabord i gr\u00f8n marmor &#8220;Trivia G&#8221;<\/h2>\n<p data-start=\"89\" data-end=\"454\">Rundt sofabord i gr\u00f8n marmor er et lille og charmerende m\u00f8bel, der fremh\u00e6ver ethvert rum med et markant og stilfuldt udtryk. Det innovative design kombinerer p\u00e5 unik vis onyx og marmor, hvilket skaber elegante linjer, der straks fanger opm\u00e6rksomheden. Fremstillet af massivt natursten har dette bord en rund form, som tilf\u00f8rer bl\u00f8dhed og harmoni til indretningen.<\/p>\n<p data-start=\"456\" data-end=\"794\">Det spektakul\u00e6re design af dette runde sofabord i marmor, hvor beige marmor smelter sammen med den smukke gr\u00f8nne onyx, g\u00f8r det til et uforglemmeligt element i enhver indretning. Kombinationen af disse materialer giver ikke blot et strejf af luksus, men fremh\u00e6ver ogs\u00e5 stenens naturlige sk\u00f8nhed, hvilket g\u00f8r bordet til et sandt blikfang.<\/p>\n<p data-start=\"796\" data-end=\"1154\">Alsidigt i brug kan det gr\u00f8nne marmorbord fungere som sengebord og st\u00e5 elegant ved siden af sengen. Det er ogs\u00e5 ideelt ved sofaen, hvor det giver en praktisk flade til b\u00f8ger, drikkevarer eller dekorationer. Derudover g\u00f8r det s\u00e6rpr\u00e6gede design bordet perfekt som sofabord midt i stuen, hvor det tilf\u00f8jer et strejf af raffineret stil til din boligindretning.<\/p>\n<p data-start=\"1156\" data-end=\"1457\">Uanset om du \u00f8nsker at skabe en hyggelig atmosf\u00e6re eller et moderne og elegant rum, er sofabord i marmor det ideelle valg for dem, der s\u00f8ger et enest\u00e5ende designm\u00f8bel, som forener funktionalitet og \u00e6stetik. Dette bord er ikke kun praktisk, men ogs\u00e5 et \u00e6gte stenkunstv\u00e6rk, der vil forvandle dit hjem.<\/p>\n<p>&nbsp;<\/p>\n<p><a href=\"https:\/\/forzini.com\/da\/materialer\/\" target=\"_blank\" rel=\"noopener\">L\u00e6r mere om vores kollektion af marmor og onyx via dette link: <\/a><a href=\"https:\/\/forzini.com\/da\/materialer\/\" target=\"_blank\" rel=\"noopener\"><strong>Materialer<\/strong><\/a><\/p>\n<h3 data-start=\"39\" data-end=\"67\"><strong data-start=\"39\" data-end=\"65\">Fremh\u00e6vede egenskaber:<\/strong><\/h3>\n<ul data-start=\"69\" data-end=\"145\" data-is-last-node=\"\" data-is-only-node=\"\">\n<li data-start=\"69\" data-end=\"105\">\n<h3 data-start=\"71\" data-end=\"105\">Montering: Kr\u00e6ver ikke montering<\/h3>\n<\/li>\n<li data-start=\"106\" data-end=\"129\">\n<h3 data-start=\"108\" data-end=\"129\">Stenfinish: Poleret<\/h3>\n<\/li>\n<li data-start=\"130\" data-end=\"145\" data-is-last-node=\"\">\n<h3 data-start=\"132\" data-end=\"145\">V\u00e6gt: 75 kg<\/h3>\n<\/li>\n<\/ul>\n","protected":false},"excerpt":{"rendered":"<h1>Rundt sofabord i gr\u00f8n marmor<\/h1>\n<p data-start=\"76\" data-end=\"297\">er et charmerende m\u00f8bel, der tilf\u00f8jer et strejf af elegance til ethvert rum. Med sit originale design kombinerer det smukt gr\u00f8n onyx med beige marmor i i\u00f8jnefaldende linjer, hvilket g\u00f8r det til et fascinerende blikfang.<\/p>\n<p data-start=\"299\" data-end=\"597\">Fremstillet af massiv natursten er dette <strong data-start=\"340\" data-end=\"372\">runde sofabord i gr\u00f8n marmor<\/strong> perfekt som sengebord, ved siden af sofaen eller som et lille kaffebord i stuen. Dets alsidighed og stil g\u00f8r det ideelt til at fremh\u00e6ve indretningen i ethvert hjem og tilbyder b\u00e5de funktionalitet og et sofistikeret udtryk.<\/p>\n<h2 data-start=\"599\" data-end=\"637\"><strong data-start=\"599\" data-end=\"607\">M\u00e5l:<\/strong> Diameter 38 cm, H\u00f8jde 52 cm<\/h2>\n","protected":false},"featured_media":16170,"comment_status":"closed","ping_status":"closed","template":"","meta":{"_acf_changed":false,"_joinchat":[]},"product_brand":[],"product_cat":[314,398],"product_tag":[322,323],"class_list":{"0":"post-16169","1":"product","2":"type-product","3":"status-publish","4":"has-post-thumbnail","6":"product_cat-bord","7":"product_cat-sten-sofabord","8":"product_tag-marmor-da","9":"product_tag-onyx-da","11":"first","12":"instock","13":"sale","14":"featured","15":"shipping-taxable","16":"purchasable","17":"product-type-simple"},"acf":[],"_links":{"self":[{"href":"https:\/\/forzini.com\/da\/wp-json\/wp\/v2\/product\/16169","targetHints":{"allow":["GET"]}}],"collection":[{"href":"https:\/\/forzini.com\/da\/wp-json\/wp\/v2\/product"}],"about":[{"href":"https:\/\/forzini.com\/da\/wp-json\/wp\/v2\/types\/product"}],"replies":[{"embeddable":true,"href":"https:\/\/forzini.com\/da\/wp-json\/wp\/v2\/comments?post=16169"}],"version-history":[{"count":0,"href":"https:\/\/forzini.com\/da\/wp-json\/wp\/v2\/product\/16169\/revisions"}],"wp:featuredmedia":[{"embeddable":true,"href":"https:\/\/forzini.com\/da\/wp-json\/wp\/v2\/media\/16170"}],"wp:attachment":[{"href":"https:\/\/forzini.com\/da\/wp-json\/wp\/v2\/media?parent=16169"}],"wp:term":[{"taxonomy":"product_brand","embeddable":true,"href":"https:\/\/forzini.com\/da\/wp-json\/wp\/v2\/product_brand?post=16169"},{"taxonomy":"product_cat","embeddable":true,"href":"https:\/\/forzini.com\/da\/wp-json\/wp\/v2\/product_cat?post=16169"},{"taxonomy":"product_tag","embeddable":true,"href":"https:\/\/forzini.com\/da\/wp-json\/wp\/v2\/product_tag?post=16169"}],"curies":[{"name":"wp","href":"https:\/\/api.w.org\/{rel}","templated":true}]}}