{"id":16145,"date":"2024-10-27T21:43:58","date_gmt":"2024-10-27T20:43:58","guid":{"rendered":"https:\/\/forzini.com\/producto\/mesa-de-sofa-marmol\/"},"modified":"2025-09-16T09:04:38","modified_gmt":"2025-09-16T07:04:38","slug":"beige-marmor-sofabord","status":"publish","type":"product","link":"https:\/\/forzini.com\/da\/producto\/beige-marmor-sofabord\/","title":{"rendered":"Beige marmor sofabord \u2013 rundt stuebord i natursten"},"content":{"rendered":"<h2>Beige marmor sofabord &#8220;Mercury L&#8221;<\/h2>\n<p>Vores beige marmor sofabord er et stykke design, der forener elegance og originalitet p\u00e5 en virkelig innovativ m\u00e5de. Den runde konstruktion, udf\u00f8rt med en base i lysegr\u00f8n onyx og en bordplade i beige marmor, giver et unikt udtryk, der adskiller det fra alle andre borde. Valget af materialer skaber ikke blot en visuelt f\u00e6ngende kontrast, men g\u00f8r det ogs\u00e5 muligt at forvandle bordet til et spektakul\u00e6rt, bagbelyst element. Takket v\u00e6re onyxens naturlige gennemsigtighed kan basen belyses indefra, hvilket skaber en lysende effekt, der tilf\u00f8rer rummet en varm og sofistikeret atmosf\u00e6re.<\/p>\n<p>Med sit avantgardistiske design bliver dette beige marmor sofabord et ideelt fokuspunkt i b\u00e5de moderne og elegante stuer. Forestil dig den visuelle effekt af et bord, der ikke kun imponerer med sit udseende, men ogs\u00e5 fremh\u00e6ver rummet med et bl\u00f8dt og indbydende sk\u00e6r, n\u00e5r det er oplyst. Dette beige marmor sofabord udnytter ikke blot den naturlige sk\u00f8nhed i beige marmor, med sit bl\u00f8de og varme udtryk, men ogs\u00e5 den s\u00e6rlige karakter i den gr\u00f8nne onyx, som tilf\u00f8rer et strejf af eksklusivitet og s\u00e6rpr\u00e6g.<\/p>\n<p>Ud over at v\u00e6re et funktionelt sofabord, perfekt til at placere ved siden af sofaen som afs\u00e6t for drikkevarer, b\u00f8ger eller enheder, er dette bord et sandt kunstv\u00e6rk. Kombinationen af marmor og onyx er ideel for dem, der \u00f8nsker en unik og mindev\u00e6rdig indretning i hjemmet. Hvert element i dette bord er n\u00f8je udvalgt for at tilf\u00f8re stil og personlighed til rummet, s\u00e5 det bliver en genstand, der overrasker og imponerer alle, der ser det.<\/p>\n<p><a href=\"https:\/\/forzini.com\/da\/materialer\/\" target=\"_blank\" rel=\"noopener\">L\u00e6r mere om vores kollektion af marmor og onyx via dette link: <\/a><a href=\"https:\/\/forzini.com\/da\/materialer\/\" target=\"_blank\" rel=\"noopener\"><strong>Materialer<\/strong><\/a><\/p>\n<h3 data-start=\"39\" data-end=\"67\"><strong data-start=\"39\" data-end=\"65\">Fremh\u00e6vede egenskaber:<\/strong><\/h3>\n<ul data-start=\"69\" data-end=\"145\" data-is-last-node=\"\" data-is-only-node=\"\">\n<li data-start=\"69\" data-end=\"105\">\n<h3 data-start=\"71\" data-end=\"105\">Montering: Kr\u00e6ver ikke montering<\/h3>\n<\/li>\n<li data-start=\"106\" data-end=\"129\">\n<h3 data-start=\"108\" data-end=\"129\">Stenfinish: Poleret<\/h3>\n<\/li>\n<li data-start=\"130\" data-end=\"145\" data-is-last-node=\"\">\n<h3 data-start=\"132\" data-end=\"145\">V\u00e6gt: 75 kg<\/h3>\n<\/li>\n<\/ul>\n","protected":false},"excerpt":{"rendered":"<h1>Beige marmor sofabord<\/h1>\n<p>Dette er et marmorbord med et innovativt og sofistikeret design, perfekt til dem, der \u00f8nsker at fremh\u00e6ve deres rum med et unikt m\u00f8bel. Den runde form og kombinationen af lysegr\u00f8n onyx med beige marmor giver et us\u00e6dvanligt og charmerende udtryk. Soklen i gr\u00f8n onyx kan bagbelyses, da denne sten lader lyset passere igennem, hvilket forvandler bordet til et spektakul\u00e6rt element af stemningsbelysning.<\/p>\n<p>Forestil dig at overraske dine g\u00e6ster med dette originale beige marmor sofabord, der fremh\u00e6ver onyxens naturlige sk\u00f8nhed og kombinerer den med den tidl\u00f8se bl\u00f8dhed fra beige marmor. Det er ideelt til at tilf\u00f8je et strejf af elegance og raffinement og vil skille sig ud i enhver stue. Dette marmorsofabord er ikke kun funktionelt, men ogs\u00e5 et sandt kunstv\u00e6rk, der imponerer med sin tilstedev\u00e6relse og sin uforlignelige stil.<\/p>\n<h2><strong>M\u00e5l:<\/strong> Diameter 38 cm, h\u00f8jde 52 cm<\/h2>\n","protected":false},"featured_media":16146,"comment_status":"closed","ping_status":"closed","template":"","meta":{"_acf_changed":false,"_joinchat":[]},"product_brand":[],"product_cat":[314,356],"product_tag":[322,323],"class_list":{"0":"post-16145","1":"product","2":"type-product","3":"status-publish","4":"has-post-thumbnail","6":"product_cat-bord","7":"product_cat-marmor-sofaborde","8":"product_tag-marmor-da","9":"product_tag-onyx-da","11":"first","12":"instock","13":"sale","14":"shipping-taxable","15":"purchasable","16":"product-type-simple"},"acf":[],"_links":{"self":[{"href":"https:\/\/forzini.com\/da\/wp-json\/wp\/v2\/product\/16145","targetHints":{"allow":["GET"]}}],"collection":[{"href":"https:\/\/forzini.com\/da\/wp-json\/wp\/v2\/product"}],"about":[{"href":"https:\/\/forzini.com\/da\/wp-json\/wp\/v2\/types\/product"}],"replies":[{"embeddable":true,"href":"https:\/\/forzini.com\/da\/wp-json\/wp\/v2\/comments?post=16145"}],"version-history":[{"count":0,"href":"https:\/\/forzini.com\/da\/wp-json\/wp\/v2\/product\/16145\/revisions"}],"wp:featuredmedia":[{"embeddable":true,"href":"https:\/\/forzini.com\/da\/wp-json\/wp\/v2\/media\/16146"}],"wp:attachment":[{"href":"https:\/\/forzini.com\/da\/wp-json\/wp\/v2\/media?parent=16145"}],"wp:term":[{"taxonomy":"product_brand","embeddable":true,"href":"https:\/\/forzini.com\/da\/wp-json\/wp\/v2\/product_brand?post=16145"},{"taxonomy":"product_cat","embeddable":true,"href":"https:\/\/forzini.com\/da\/wp-json\/wp\/v2\/product_cat?post=16145"},{"taxonomy":"product_tag","embeddable":true,"href":"https:\/\/forzini.com\/da\/wp-json\/wp\/v2\/product_tag?post=16145"}],"curies":[{"name":"wp","href":"https:\/\/api.w.org\/{rel}","templated":true}]}}