{"id":16054,"date":"2024-03-18T16:23:22","date_gmt":"2024-03-18T15:23:22","guid":{"rendered":"https:\/\/forzini.com\/producto\/lavabo-rustico-de-onix-portunus\/"},"modified":"2025-09-14T21:42:54","modified_gmt":"2025-09-14T19:42:54","slug":"haandvask-sten-rektangulaer-onyx","status":"publish","type":"product","link":"https:\/\/forzini.com\/da\/producto\/haandvask-sten-rektangulaer-onyx\/","title":{"rendered":"Rektangul\u00e6r h\u00e5ndvask sten onyx"},"content":{"rendered":"<h2>Rektangul\u00e6r h\u00e5ndvask sten onyx &#8220;Portunus&#8221;<\/h2>\n<p><strong>H\u00e5ndlavet med et innovativt design<\/strong> fanger denne rektangul\u00e6re h\u00e5ndvask i sten og onyx med rustik stil fantasien. Ved at kombinere moderne \u00e6stetik med traditionelle teknikker til stenhugning er denne h\u00e5ndvask sk\u00e5ret ud af luksuri\u00f8s og \u00e6gte gr\u00f8n onyx. Hver kurve og hvert kontur er formet af dygtige h\u00e5ndv\u00e6rkere, hvilket skaber den perfekte forening af modernitet og tradition. Poleret til perfektion er denne h\u00e5ndvask i sten et mesterv\u00e6rk, der tilf\u00f8rer sofistikation og charme til dit badev\u00e6relse.<\/p>\n<p><strong>Galaxy Green Onyx:<\/strong> En lys gr\u00f8n baggrund smukt fremh\u00e6vet af hvide b\u00f8lger, gennemtrukket af bronzefarvede \u00e5rer i jordn\u00e6re gyldenbrune og r\u00f8dbrune nuancer. Udvindes i meget sm\u00e5 m\u00e6ngder, hvilket g\u00f8r denne variant yderst eksklusiv og h\u00f8jt transparent.<\/p>\n<p>Vores eksklusive <strong>Onyx Green Galaxy<\/strong> v\u00e6rds\u00e6ttes for sin sj\u00e6ldenhed og betagende udseende. Den gr\u00f8nne tone, som en blid farveber\u00f8ring, flettes sammen med gyldenbrune \u00e5rer og strejf af r\u00f8dlige accenter. Denne sten fascinerer med et unikt kunstnerisk udtryk. Dens translucens er fortryllende og lader lyset falde som et kaskade gennem formen, oplyse dybden af dens sk\u00f8nhed og afsl\u00f8re den indviklede dans af farver i dens indre. Denne kombination af farve og translucens findes sj\u00e6ldent p\u00e5 grund af den begr\u00e6nsede tilg\u00e6ngelighed i naturen, hvilket g\u00f8r denne onyx til en eftertragtet skat. At opdage disse sj\u00e6ldne sten og skabe eksklusive h\u00e5ndlavede stykker til vores v\u00e6rdsatte kunder fylder os med stor gl\u00e6de.<\/p>\n<p>&nbsp;<\/p>\n<p><a href=\"https:\/\/forzini.com\/da\/materialer\/\" target=\"_blank\" rel=\"noopener\">L\u00e6r mere om vores kollektion af marmor og onyx via dette link: Materialer<\/a><\/p>\n<h3><strong>Fremh\u00e6vede egenskaber:<\/strong><\/h3>\n<ul>\n<li>\n<h3><strong>Installation:<\/strong> P\u00e5 bordpladen.<\/h3>\n<\/li>\n<li>\n<h3><strong>Diameter p\u00e5 afl\u00f8bshul:<\/strong> 4,5 cm (europ\u00e6isk standard).<\/h3>\n<\/li>\n<li>\n<h3><strong>Kompatibel afl\u00f8bstype:<\/strong> Universel ventil (ikke inkluderet), uden overl\u00f8b.<\/h3>\n<\/li>\n<li>\n<h3><strong>Kompatibel armaturtype:<\/strong> Til bordplade- eller v\u00e6gmontering (ikke inkluderet).<\/h3>\n<\/li>\n<li>\n<h3><strong>Inkluderer ikke:<\/strong> Vandl\u00e5s, afl\u00f8bsventil, armatur.<\/h3>\n<\/li>\n<\/ul>\n<p>&nbsp;<\/p>\n","protected":false},"excerpt":{"rendered":"<h1>Rektangul\u00e6r h\u00e5ndvask sten onyx<\/h1>\n<p>Med sit uds\u00f8gte design og ru finish er den et luksuri\u00f8st mesterv\u00e6rk til b\u00e5de store og sm\u00e5 badev\u00e6relser med stil. Vores h\u00e5ndvask i sten er udsk\u00e5ret af massiv onyx og tilbyder en perfekt kombination af elegance og robusthed. Den har en rustik charme, som kun \u00e6gte onyx kan formidle, med sine rige og storsl\u00e5ede \u00e5rer, der skaber en fortryllende skov af unikke m\u00f8nstre.<\/p>\n","protected":false},"featured_media":16055,"comment_status":"closed","ping_status":"closed","template":"","meta":{"_acf_changed":false,"_joinchat":[]},"product_brand":[],"product_cat":[313,334],"product_tag":[323],"class_list":{"0":"post-16054","1":"product","2":"type-product","3":"status-publish","4":"has-post-thumbnail","6":"product_cat-haandvaske","7":"product_cat-onyx-haandvaske","8":"product_tag-onyx-da","10":"first","11":"outofstock","12":"sale","13":"featured","14":"shipping-taxable","15":"purchasable","16":"product-type-simple"},"acf":[],"_links":{"self":[{"href":"https:\/\/forzini.com\/da\/wp-json\/wp\/v2\/product\/16054","targetHints":{"allow":["GET"]}}],"collection":[{"href":"https:\/\/forzini.com\/da\/wp-json\/wp\/v2\/product"}],"about":[{"href":"https:\/\/forzini.com\/da\/wp-json\/wp\/v2\/types\/product"}],"replies":[{"embeddable":true,"href":"https:\/\/forzini.com\/da\/wp-json\/wp\/v2\/comments?post=16054"}],"version-history":[{"count":0,"href":"https:\/\/forzini.com\/da\/wp-json\/wp\/v2\/product\/16054\/revisions"}],"wp:featuredmedia":[{"embeddable":true,"href":"https:\/\/forzini.com\/da\/wp-json\/wp\/v2\/media\/16055"}],"wp:attachment":[{"href":"https:\/\/forzini.com\/da\/wp-json\/wp\/v2\/media?parent=16054"}],"wp:term":[{"taxonomy":"product_brand","embeddable":true,"href":"https:\/\/forzini.com\/da\/wp-json\/wp\/v2\/product_brand?post=16054"},{"taxonomy":"product_cat","embeddable":true,"href":"https:\/\/forzini.com\/da\/wp-json\/wp\/v2\/product_cat?post=16054"},{"taxonomy":"product_tag","embeddable":true,"href":"https:\/\/forzini.com\/da\/wp-json\/wp\/v2\/product_tag?post=16054"}],"curies":[{"name":"wp","href":"https:\/\/api.w.org\/{rel}","templated":true}]}}