{"id":15970,"date":"2024-06-05T18:19:44","date_gmt":"2024-06-05T16:19:44","guid":{"rendered":"https:\/\/forzini.com\/producto\/lavabo-de-onix\/"},"modified":"2025-09-14T14:33:58","modified_gmt":"2025-09-14T12:33:58","slug":"rund-stenvask-onyx-til-bordplade","status":"publish","type":"product","link":"https:\/\/forzini.com\/da\/producto\/rund-stenvask-onyx-til-bordplade\/","title":{"rendered":"Hvid rund stenvask i onyx til bordplade"},"content":{"rendered":"<h2>Hvid rund stenvask i onyx til bordplade &#8220;Saturn&#8221;<\/h2>\n<p data-start=\"91\" data-end=\"367\">Denne h\u00e5ndlavede vask, med en uforlignelig sk\u00f8nhed, tilf\u00f8jer pragt og stil til ethvert badev\u00e6relse. Hver hvid onyx bordplade-vask er omhyggeligt sk\u00e5ret i rund form af naturlig sten ved hj\u00e6lp af traditionelle h\u00e5ndv\u00e6rksteknikker, som giver dit hjem et elegant og moderne pr\u00e6g.<\/p>\n<p data-start=\"369\" data-end=\"540\">Vores luksuskollektioner af stenvask inkluderer den bedste \u00e6gte onyx, med unikke m\u00f8nstre, et varieret farvepalet og fascinerende \u00e5retegninger, der hylder naturens kunst.<\/p>\n<p data-start=\"542\" data-end=\"838\">Den runde form fremh\u00e6ver den naturlige sk\u00f8nhed i onyxen, mens den glatte og buede yderside fremh\u00e6ver de rige og indviklede m\u00f8nstre samt stenens translucente kvaliteter og skaber en visuelt betagende effekt. Hver onyx vask er et bevis p\u00e5 uds\u00f8gt h\u00e5ndv\u00e6rk, med perfekt polerede kurver og konturer.<\/p>\n<p data-start=\"840\" data-end=\"1077\">Lysspillet gennem de naturlige \u00e5rer og den blanke finish \u00f8ger vaskens luksuri\u00f8se appel, hvilket g\u00f8r den til et centralt blikfang i ethvert badev\u00e6relse. Hver vask er et unikt vidnesbyrd om tidl\u00f8s charme og h\u00e5ndlavet stenvaskeekspertise.<\/p>\n<p data-start=\"1079\" data-end=\"1352\"><strong data-start=\"1079\" data-end=\"1100\">Golden Dune Onyx:<\/strong> Dens hvide baggrund er et roligt l\u00e6rred, delikat dekoreret med bl\u00f8de skyformationer, der sv\u00e6ver over overfladen. Cremede skygger og \u00e5rer i guld, karamel, brun, cognac og r\u00f8dlige toner. Denne s\u00e6rlige hvide onyx er sj\u00e6lden og findes kun i sm\u00e5 m\u00e6ngder.<\/p>\n<p data-start=\"1354\" data-end=\"1857\">Vidste du, at vores hvide Golden Dune Onyx er en af de mest sj\u00e6ldne og eftertragtede varianter? Vi er stolte af at kunne tilbyde en s\u00e5 unik skat, personligt udvalgt for sin uforlignelige sk\u00f8nhed. Dette vidunder fascinerer med sin sublime sk\u00f8nhed og bliver en sand juvel. Dannelsen af disse unikke \u00e5rer kr\u00e6ver specifikke geologiske forhold. Gennem millioner af \u00e5r aflejres silica-rige opl\u00f8sninger i klippehuler, og ved krystallisering skaber urenheder som jern og mangan de karakteristiske gyldne \u00e5rer.<\/p>\n<p data-start=\"1859\" data-end=\"2327\">Det storsl\u00e5ede farvespil sp\u00e6nder fra delikat hvid til mere udtryksfulde gyldne, kanel- og cognactoner. Ud over sin sj\u00e6ldenhed udvindes Duna Dorada Onyx fra en specifik region i det sydlige Asien, hvis unikke geologiske milj\u00f8 er afg\u00f8rende for dannelsen af denne vidunderlige sten. Hver vask fort\u00e6ller en historie, fanger essensen af fjerne \u00f8rkener og den fascinerende gl\u00f8d fra solnedgange. Denne unikke onyx er en sj\u00e6lden sten, der fortryller med sin sublime sk\u00f8nhed.<\/p>\n<p>&nbsp;<\/p>\n<p><a href=\"https:\/\/forzini.com\/da\/materialer\/\" target=\"_blank\" rel=\"noopener\">L\u00e6r mere om vores kollektion af marmor og onyx via dette link: Materialer<\/a><\/p>\n<h3><strong>Fremh\u00e6vede egenskaber:<\/strong><\/h3>\n<ul>\n<li>\n<h3><strong>Installation:<\/strong> P\u00e5 bordpladen.<\/h3>\n<\/li>\n<li>\n<h3><strong>Diameter p\u00e5 afl\u00f8bshul:<\/strong> 4,5 cm (europ\u00e6isk standard).<\/h3>\n<\/li>\n<li>\n<h3><strong>Kompatibel afl\u00f8bstype:<\/strong> Universel ventil (ikke inkluderet), uden overl\u00f8b.<\/h3>\n<\/li>\n<li>\n<h3><strong>Kompatibel armaturtype:<\/strong> Til bordplade- eller v\u00e6gmontering (ikke inkluderet).<\/h3>\n<\/li>\n<li>\n<h3><strong>Inkluderer ikke:<\/strong> Vandl\u00e5s, afl\u00f8bsventil, armatur.<\/h3>\n<\/li>\n<\/ul>\n<p>&nbsp;<\/p>\n","protected":false},"excerpt":{"rendered":"<h1>Hvid stenvask i onyx<\/h1>\n<p>Elegance og prestige kendetegner vores h\u00e5ndlavede hvid onyx vask til bordplade, et kunsth\u00e5ndv\u00e6rk, der tilf\u00f8jer glamour til moderne badev\u00e6relser. Denne onyxvask udstr\u00e5ler raffineret stil og innovativt design, ideel for dem, der v\u00e6rds\u00e6tter enest\u00e5ende kvalitet og imponerende \u00e6stetik. Dens tilstedev\u00e6relse g\u00f8r vasken til centrum i rummet og giver en eksklusiv brugeroplevelse samt et unikt strejf af sofistikering til ethvert badev\u00e6relse.<\/p>\n","protected":false},"featured_media":15971,"comment_status":"closed","ping_status":"closed","template":"","meta":{"_acf_changed":false,"_joinchat":[]},"product_brand":[],"product_cat":[313,334],"product_tag":[323],"class_list":{"0":"post-15970","1":"product","2":"type-product","3":"status-publish","4":"has-post-thumbnail","6":"product_cat-haandvaske","7":"product_cat-onyx-haandvaske","8":"product_tag-onyx-da","10":"first","11":"outofstock","12":"sale","13":"featured","14":"shipping-taxable","15":"purchasable","16":"product-type-simple"},"acf":[],"_links":{"self":[{"href":"https:\/\/forzini.com\/da\/wp-json\/wp\/v2\/product\/15970","targetHints":{"allow":["GET"]}}],"collection":[{"href":"https:\/\/forzini.com\/da\/wp-json\/wp\/v2\/product"}],"about":[{"href":"https:\/\/forzini.com\/da\/wp-json\/wp\/v2\/types\/product"}],"replies":[{"embeddable":true,"href":"https:\/\/forzini.com\/da\/wp-json\/wp\/v2\/comments?post=15970"}],"version-history":[{"count":0,"href":"https:\/\/forzini.com\/da\/wp-json\/wp\/v2\/product\/15970\/revisions"}],"wp:featuredmedia":[{"embeddable":true,"href":"https:\/\/forzini.com\/da\/wp-json\/wp\/v2\/media\/15971"}],"wp:attachment":[{"href":"https:\/\/forzini.com\/da\/wp-json\/wp\/v2\/media?parent=15970"}],"wp:term":[{"taxonomy":"product_brand","embeddable":true,"href":"https:\/\/forzini.com\/da\/wp-json\/wp\/v2\/product_brand?post=15970"},{"taxonomy":"product_cat","embeddable":true,"href":"https:\/\/forzini.com\/da\/wp-json\/wp\/v2\/product_cat?post=15970"},{"taxonomy":"product_tag","embeddable":true,"href":"https:\/\/forzini.com\/da\/wp-json\/wp\/v2\/product_tag?post=15970"}],"curies":[{"name":"wp","href":"https:\/\/api.w.org\/{rel}","templated":true}]}}