{"id":16814,"date":"2024-02-12T12:18:25","date_gmt":"2024-02-12T11:18:25","guid":{"rendered":"https:\/\/forzini.com\/nosotros\/"},"modified":"2025-12-08T18:34:46","modified_gmt":"2025-12-08T17:34:46","slug":"om-os","status":"publish","type":"page","link":"https:\/\/forzini.com\/da\/om-os\/","title":{"rendered":"Om os"},"content":{"rendered":"\t\t<div data-elementor-type=\"wp-page\" data-elementor-id=\"16814\" class=\"elementor elementor-16814 elementor-61\">\n\t\t\t\t<div class=\"elementor-element elementor-element-8829486 e-con-full e-flex e-con e-parent\" data-id=\"8829486\" data-element_type=\"container\" data-e-type=\"container\" data-settings=\"{&quot;background_background&quot;:&quot;classic&quot;}\">\n\t\t<div class=\"elementor-element elementor-element-19926f9 e-grid e-con-boxed e-con e-child\" data-id=\"19926f9\" data-element_type=\"container\" data-e-type=\"container\">\n\t\t\t\t\t<div class=\"e-con-inner\">\n\t\t\t\t<div class=\"elementor-element elementor-element-b835628 animated-slow elementor-invisible elementor-widget elementor-widget-text-editor\" data-id=\"b835628\" data-element_type=\"widget\" data-e-type=\"widget\" data-settings=\"{&quot;_animation&quot;:&quot;fadeInUp&quot;}\" data-widget_type=\"text-editor.default\">\n\t\t\t\t<div class=\"elementor-widget-container\">\n\t\t\t\t\t\t\t\t\t<h3 style=\"text-align: center;\"><strong>OM OS<\/strong><\/h3><p style=\"text-align: center;\">Vores historie begynder i jorden \u2014 ikke i trends. Naturen s\u00e6tter rytmen; vi skaber mesterv\u00e6rket. Vi udv\u00e6lger sten med karakter, og former dem til stykker, der l\u00f8fter de rum, mennesker v\u00e6rner mest om: deres hjem.<\/p>\t\t\t\t\t\t\t\t<\/div>\n\t\t\t\t<\/div>\n\t\t\t\t<div class=\"elementor-element elementor-element-39e675e elementor-widget elementor-widget-raven-image\" data-id=\"39e675e\" data-element_type=\"widget\" data-e-type=\"widget\" data-widget_type=\"raven-image.default\">\n\t\t\t\t<div class=\"elementor-widget-container\">\n\t\t\t\t\t\t\t<div class=\"raven-image\">\n\t\t\n\t\t\n\t\t<img loading=\"lazy\" decoding=\"async\" width=\"1024\" height=\"1024\" src=\"https:\/\/forzini.com\/wp-content\/uploads\/2025\/12\/pink-onyx-raw-block-Forzini-1024x1024.jpg\" class=\"attachment-large size-large wp-image-21997\" alt=\"\" srcset=\"https:\/\/forzini.com\/wp-content\/uploads\/2025\/12\/pink-onyx-raw-block-Forzini-1024x1024.jpg 1024w, https:\/\/forzini.com\/wp-content\/uploads\/2025\/12\/pink-onyx-raw-block-Forzini-300x300.jpg 300w, https:\/\/forzini.com\/wp-content\/uploads\/2025\/12\/pink-onyx-raw-block-Forzini-150x150.jpg 150w, https:\/\/forzini.com\/wp-content\/uploads\/2025\/12\/pink-onyx-raw-block-Forzini-768x768.jpg 768w, https:\/\/forzini.com\/wp-content\/uploads\/2025\/12\/pink-onyx-raw-block-Forzini-500x500.jpg 500w, https:\/\/forzini.com\/wp-content\/uploads\/2025\/12\/pink-onyx-raw-block-Forzini-600x600.jpg 600w, https:\/\/forzini.com\/wp-content\/uploads\/2025\/12\/pink-onyx-raw-block-Forzini-100x100.jpg 100w, https:\/\/forzini.com\/wp-content\/uploads\/2025\/12\/pink-onyx-raw-block-Forzini.jpg 1080w\" sizes=\"auto, (max-width: 1024px) 100vw, 1024px\" \/>\t\t<\/div>\n\t\t\t\t\t\t<\/div>\n\t\t\t\t<\/div>\n\t\t\t\t\t<\/div>\n\t\t\t\t<\/div>\n\t\t\t\t<\/div>\n\t\t<div class=\"elementor-element elementor-element-fd91bbf e-con-full e-flex e-con e-parent\" data-id=\"fd91bbf\" data-element_type=\"container\" data-e-type=\"container\" data-settings=\"{&quot;background_background&quot;:&quot;classic&quot;}\">\n\t\t<div class=\"elementor-element elementor-element-143c747 e-grid e-con-boxed e-con e-child\" data-id=\"143c747\" data-element_type=\"container\" data-e-type=\"container\">\n\t\t\t\t\t<div class=\"e-con-inner\">\n\t\t\t\t<div class=\"elementor-element elementor-element-30e0f77 elementor-widget elementor-widget-image\" data-id=\"30e0f77\" data-element_type=\"widget\" data-e-type=\"widget\" data-widget_type=\"image.default\">\n\t\t\t\t<div class=\"elementor-widget-container\">\n\t\t\t\t\t\t\t\t\t\t\t\t\t\t\t<img loading=\"lazy\" decoding=\"async\" width=\"1024\" height=\"1024\" src=\"https:\/\/forzini.com\/wp-content\/uploads\/2025\/12\/selection-of-blocks-onyx-stone-Forzini-1024x1024.jpg\" class=\"attachment-large size-large wp-image-22005\" alt=\"\" srcset=\"https:\/\/forzini.com\/wp-content\/uploads\/2025\/12\/selection-of-blocks-onyx-stone-Forzini-1024x1024.jpg 1024w, https:\/\/forzini.com\/wp-content\/uploads\/2025\/12\/selection-of-blocks-onyx-stone-Forzini-300x300.jpg 300w, https:\/\/forzini.com\/wp-content\/uploads\/2025\/12\/selection-of-blocks-onyx-stone-Forzini-150x150.jpg 150w, https:\/\/forzini.com\/wp-content\/uploads\/2025\/12\/selection-of-blocks-onyx-stone-Forzini-768x768.jpg 768w, https:\/\/forzini.com\/wp-content\/uploads\/2025\/12\/selection-of-blocks-onyx-stone-Forzini-500x500.jpg 500w, https:\/\/forzini.com\/wp-content\/uploads\/2025\/12\/selection-of-blocks-onyx-stone-Forzini-600x600.jpg 600w, https:\/\/forzini.com\/wp-content\/uploads\/2025\/12\/selection-of-blocks-onyx-stone-Forzini-100x100.jpg 100w, https:\/\/forzini.com\/wp-content\/uploads\/2025\/12\/selection-of-blocks-onyx-stone-Forzini.jpg 1080w\" sizes=\"auto, (max-width: 1024px) 100vw, 1024px\" \/>\t\t\t\t\t\t\t\t\t\t\t\t\t\t\t<\/div>\n\t\t\t\t<\/div>\n\t\t\t\t<div class=\"elementor-element elementor-element-c93abed animated-slow elementor-invisible elementor-widget elementor-widget-text-editor\" data-id=\"c93abed\" data-element_type=\"widget\" data-e-type=\"widget\" data-settings=\"{&quot;_animation&quot;:&quot;fadeInUp&quot;}\" data-widget_type=\"text-editor.default\">\n\t\t\t\t<div class=\"elementor-widget-container\">\n\t\t\t\t\t\t\t\t\t<h3 style=\"text-align: center;\"><strong>VI ER\u2026<\/strong><\/h3><p>\u00a0<\/p><p style=\"text-align: center;\">Med r\u00f8dder i generationer af geologer ved vi, hvordan \u00e6gte kvalitet f\u00f8les. Vi rejser, vi udv\u00e6lger, vi skaber \u2014 og kombinerer h\u00e5ndv\u00e6rksm\u00e6ssig kunnen med design, der n\u00e6gter at forsvinde i m\u00e6ngden. Hvert stykke er funktionelt, holdbart, luksuri\u00f8st og helt uforveksleligt.<\/p><p style=\"text-align: center;\">Vi tror p\u00e5 stenens styrke og p\u00e5 hvert hjems individualitet. P\u00e5 materialer der holder, p\u00e5 h\u00e5ndv\u00e6rk der betyder noget, og p\u00e5 at skabe designs, der v\u00e6kker forbindelse i det \u00f8jeblik, de bliver en del af et rum.<\/p>\t\t\t\t\t\t\t\t<\/div>\n\t\t\t\t<\/div>\n\t\t\t\t\t<\/div>\n\t\t\t\t<\/div>\n\t\t\t\t<\/div>\n\t\t<div class=\"elementor-element elementor-element-4b31f50 e-con-full e-flex e-con e-parent\" data-id=\"4b31f50\" data-element_type=\"container\" data-e-type=\"container\" data-settings=\"{&quot;background_background&quot;:&quot;classic&quot;}\">\n\t\t<div class=\"elementor-element elementor-element-419a8b0 e-grid e-con-boxed e-con e-child\" data-id=\"419a8b0\" data-element_type=\"container\" data-e-type=\"container\">\n\t\t\t\t\t<div class=\"e-con-inner\">\n\t\t\t\t<div class=\"elementor-element elementor-element-b31adf7 animated-slow elementor-invisible elementor-widget elementor-widget-text-editor\" data-id=\"b31adf7\" data-element_type=\"widget\" data-e-type=\"widget\" data-settings=\"{&quot;_animation&quot;:&quot;fadeInUp&quot;}\" data-widget_type=\"text-editor.default\">\n\t\t\t\t<div class=\"elementor-widget-container\">\n\t\t\t\t\t\t\t\t\t<h3 style=\"text-align: center;\"><strong>VORES ESSENS&#8230;<\/strong><\/h3><p>\u00a0<\/p><p>Vi skaber med passion, s\u00e5 dit interi\u00f8r udstr\u00e5ler selvsikkerhed, karakter og ren s\u00e6rpr\u00e6g. Hver sten v\u00e6lges med omtanke, hvert design skabes for at skille sig ud. For dit hjem fortjener noget lige s\u00e5 unikt som dig.<\/p>\t\t\t\t\t\t\t\t<\/div>\n\t\t\t\t<\/div>\n\t\t\t\t<div class=\"elementor-element elementor-element-aca7914 elementor-widget elementor-widget-image\" data-id=\"aca7914\" data-element_type=\"widget\" data-e-type=\"widget\" data-widget_type=\"image.default\">\n\t\t\t\t<div class=\"elementor-widget-container\">\n\t\t\t\t\t\t\t\t\t\t\t\t\t\t\t<img loading=\"lazy\" decoding=\"async\" width=\"1024\" height=\"1024\" src=\"https:\/\/forzini.com\/wp-content\/uploads\/2025\/12\/Forzini-company-1024x1024.jpg\" class=\"attachment-large size-large wp-image-22036\" alt=\"\" srcset=\"https:\/\/forzini.com\/wp-content\/uploads\/2025\/12\/Forzini-company-1024x1024.jpg 1024w, https:\/\/forzini.com\/wp-content\/uploads\/2025\/12\/Forzini-company-300x300.jpg 300w, https:\/\/forzini.com\/wp-content\/uploads\/2025\/12\/Forzini-company-150x150.jpg 150w, https:\/\/forzini.com\/wp-content\/uploads\/2025\/12\/Forzini-company-768x768.jpg 768w, https:\/\/forzini.com\/wp-content\/uploads\/2025\/12\/Forzini-company-500x500.jpg 500w, https:\/\/forzini.com\/wp-content\/uploads\/2025\/12\/Forzini-company-600x600.jpg 600w, https:\/\/forzini.com\/wp-content\/uploads\/2025\/12\/Forzini-company-100x100.jpg 100w, https:\/\/forzini.com\/wp-content\/uploads\/2025\/12\/Forzini-company.jpg 1080w\" sizes=\"auto, (max-width: 1024px) 100vw, 1024px\" \/>\t\t\t\t\t\t\t\t\t\t\t\t\t\t\t<\/div>\n\t\t\t\t<\/div>\n\t\t\t\t\t<\/div>\n\t\t\t\t<\/div>\n\t\t\t\t<\/div>\n\t\t\t\t<\/div>\n\t\t","protected":false},"excerpt":{"rendered":"<p>OM OS Vores historie begynder i jorden \u2014 ikke i trends. Naturen s\u00e6tter rytmen; vi skaber mesterv\u00e6rket. Vi udv\u00e6lger sten med karakter, og former dem til stykker, der l\u00f8fter de rum, mennesker v\u00e6rner mest om: deres hjem. VI ER\u2026 \u00a0 Med r\u00f8dder i generationer af geologer ved vi, hvordan \u00e6gte kvalitet f\u00f8les. Vi rejser, vi [&hellip;]<\/p>\n","protected":false},"author":4,"featured_media":0,"parent":0,"menu_order":0,"comment_status":"closed","ping_status":"closed","template":"elementor_header_footer","meta":{"_acf_changed":false,"_joinchat":[],"footnotes":""},"class_list":["post-16814","page","type-page","status-publish","hentry"],"acf":[],"_links":{"self":[{"href":"https:\/\/forzini.com\/da\/wp-json\/wp\/v2\/pages\/16814","targetHints":{"allow":["GET"]}}],"collection":[{"href":"https:\/\/forzini.com\/da\/wp-json\/wp\/v2\/pages"}],"about":[{"href":"https:\/\/forzini.com\/da\/wp-json\/wp\/v2\/types\/page"}],"author":[{"embeddable":true,"href":"https:\/\/forzini.com\/da\/wp-json\/wp\/v2\/users\/4"}],"replies":[{"embeddable":true,"href":"https:\/\/forzini.com\/da\/wp-json\/wp\/v2\/comments?post=16814"}],"version-history":[{"count":0,"href":"https:\/\/forzini.com\/da\/wp-json\/wp\/v2\/pages\/16814\/revisions"}],"wp:attachment":[{"href":"https:\/\/forzini.com\/da\/wp-json\/wp\/v2\/media?parent=16814"}],"curies":[{"name":"wp","href":"https:\/\/api.w.org\/{rel}","templated":true}]}}