{"id":16781,"date":"2024-03-14T11:26:26","date_gmt":"2024-03-14T10:26:26","guid":{"rendered":"https:\/\/forzini.com\/politica-de-cookies\/"},"modified":"2025-09-21T21:18:29","modified_gmt":"2025-09-21T19:18:29","slug":"cookiepolitik","status":"publish","type":"page","link":"https:\/\/forzini.com\/da\/cookiepolitik\/","title":{"rendered":"Cookiepolitik"},"content":{"rendered":"<h3><strong>Cookiepolitik<\/strong><\/h3>\n<p>I dette dokument stilles information om de anvendte cookies til r\u00e5dighed for brugere af <button type=\"button\" data-url=\"https:\/\/forzini.com\">https:\/\/forzini.com <\/button> (herefter &#8220;webstedet&#8221;) i overensstemmelse med direktiv 2009\/136\/EF, implementeret i vores lovgivning gennem artikel 22, stk. 2 i loven om informationssamfundstjenester, og i henhold til retningslinjerne fra det Spanske Databeskyttelsesagentur.<\/p>\n<h4>Hvad er cookies?<\/h4>\n<p>Cookies er sm\u00e5 tekststrenge, som et websted sender til brugerens enhed (typisk til en webbrowser), hvor de gemmes for at kunne sendes tilbage til det samme websted ved n\u00e6ste bes\u00f8g. Under navigationen kan brugeren ogs\u00e5 modtage cookies fra andre websteder eller servere (&#8220;tredjeparter&#8221;), som kan indeholde elementer som billeder, kort, lyde eller links til andre dom\u00e6ner.<\/p>\n<p>Der findes typisk mange cookies i brugernes browsere, som kan v\u00e6re aktive i l\u00e6ngere tid og bruges til forskellige form\u00e5l: login, sessionsstyring, lagring af brugerindstillinger osv.<\/p>\n<p>Cookies kan opdeles i to hovedkategorier: tekniske cookies og profileringscookies.<\/p>\n<h4>Tekniske cookies<\/h4>\n<p>Tekniske cookies bruges udelukkende til at sende kommunikation via elektroniske netv\u00e6rk eller til at levere en tjeneste, som brugeren har anmodet om. De installeres normalt af webstedets udgiver eller administrator.<\/p>\n<h4>Profileringscookies<\/h4>\n<p>Profileringscookies har til form\u00e5l at oprette brugerprofiler og bruges til at vise reklamer, der matcher brugerens pr\u00e6ferencer under internetbrug.<\/p>\n<h4>Tredjepartscookies<\/h4>\n<p>Cookies kan installeres af andre websteder end det, brugeren bes\u00f8ger direkte. Disse kaldes tredjepartscookies.<\/p>\n<div><\/div>\n<h3><strong>Typer af cookies anvendt p\u00e5 webstedet<\/strong><\/h3>\n<h4>Tekniske cookies<\/h4>\n<p>Webstedet anvender tekniske cookies, som g\u00f8r det muligt at genkende tilbagevendende brugere og deres data, s\u00e5 de ikke beh\u00f8ver at indtaste samme information igen.<\/p>\n<p>Disse cookies kr\u00e6ver ikke brugerens forudg\u00e5ende samtykke.<\/p>\n<p>Eksempler p\u00e5 tekniske cookies:<\/p>\n<ul>\n<li><strong>Navigations- eller sessionscookies<\/strong>: Muligg\u00f8r almindelig brug af webstedet, s\u00e5som k\u00f8b eller login til beskyttede omr\u00e5der.<\/li>\n<li><strong>Analytiske cookies<\/strong>: Indsamler anonym statistik om brugere og deres navigation.<\/li>\n<\/ul>\n<div><\/div>\n<h3><strong>Cookies anvendt p\u00e5 webstedet<\/strong><\/h3>\n<div>\n<div>\n<table>\n<thead>\n<tr>\n<th>Cookie-navn<\/th>\n<th>Form\u00e5l og funktioner<\/th>\n<th>Varighed<\/th>\n<\/tr>\n<\/thead>\n<tbody>\n<tr>\n<td>cookie_consent<\/td>\n<td>Banner til cookie-samtykke<\/td>\n<td>2 \u00e5r<\/td>\n<\/tr>\n<tr>\n<td>Forzini_session<\/td>\n<td>Sporing af brugerens session<\/td>\n<td>Session<\/td>\n<\/tr>\n<tr>\n<td>guest_token<\/td>\n<td>Sporing af brugerens session<\/td>\n<td>Session<\/td>\n<\/tr>\n<tr>\n<td>_signup_pvs<\/td>\n<td>Sporing af brugerens session<\/td>\n<td>Session<\/td>\n<\/tr>\n<tr>\n<td>_signup_type<\/td>\n<td>Sporing af brugerens session<\/td>\n<td>Session<\/td>\n<\/tr>\n<tr>\n<td>_ga<\/td>\n<td>Google Analytics \u2013 webstedsydelse<\/td>\n<td>2 \u00e5r<\/td>\n<\/tr>\n<tr>\n<td>_gid<\/td>\n<td>Google Analytics \u2013 webstedsydelse<\/td>\n<td>1 dag<\/td>\n<\/tr>\n<tr>\n<td>_gat<\/td>\n<td>Google Analytics \u2013 webstedsydelse<\/td>\n<td>Session<\/td>\n<\/tr>\n<tr>\n<td>zaius_js_version<\/td>\n<td>E-mail marketing platform<\/td>\n<td>2 \u00e5r<\/td>\n<\/tr>\n<tr>\n<td>z_idsyncs<\/td>\n<td>E-mail marketing platform<\/td>\n<td>2 \u00e5r<\/td>\n<\/tr>\n<tr>\n<td>z_customer_id<\/td>\n<td>E-mail marketing platform<\/td>\n<td>2 \u00e5r<\/td>\n<\/tr>\n<\/tbody>\n<\/table>\n<\/div>\n<div><\/div>\n<\/div>\n<div><\/div>\n<h3><strong>Reklamecookies fra tredjepartswebsteder<\/strong><\/h3>\n<p>Webstedet annoncerer p\u00e5 tredjepartswebsteder og bruger cookies til at begr\u00e6nse, hvor ofte en bestemt annonce vises. Disse cookies indsamler ikke personlige data.<\/p>\n<div><\/div>\n<h3><strong>Tredjepartscookies<\/strong><\/h3>\n<p>Webstedet har installeret flere tredjepartscookies. Webstedet har ikke direkte kontrol over disse cookies, men brugeren kan administrere dem via browserindstillinger eller via links til privatlivspolitikker og fravalgsformularer.<\/p>\n<p>Eksempler:<\/p>\n<div>\n<div>\n<table>\n<thead>\n<tr>\n<th>Tredjepart<\/th>\n<th>Type<\/th>\n<th>Fravalg og info<\/th>\n<\/tr>\n<\/thead>\n<tbody>\n<tr>\n<td>Meta (Facebook\/Instagram)<\/td>\n<td>Interessebaseret reklame<\/td>\n<td><button type=\"button\" data-url=\"https:\/\/www.facebook.com\/about\/privacy\">facebook.com\/about\/privacy<\/button><\/td>\n<\/tr>\n<tr>\n<td>Google AdWords Remarketing<\/td>\n<td>Interessebaseret reklame<\/td>\n<td><button type=\"button\" data-url=\"https:\/\/www.google.com\/settings\/u\/0\/ads\/authenticated?hl=en\">Google Ads Settings<\/button><\/td>\n<\/tr>\n<tr>\n<td>Google Analytics<\/td>\n<td>Analyse<\/td>\n<td><button type=\"button\" data-url=\"https:\/\/tools.google.com\/dlpage\/gaoptout\">Google Opt-out<\/button><\/td>\n<\/tr>\n<tr>\n<td>DoubleClick<\/td>\n<td>Reklame og kampagnesporing<\/td>\n<td><button type=\"button\" data-url=\"https:\/\/www.google.com\/settings\/u\/0\/ads\/authenticated?hl=en\">Google Ads Settings<\/button><\/td>\n<\/tr>\n<tr>\n<td>LinkedIn<\/td>\n<td>Analyse<\/td>\n<td><button type=\"button\" data-url=\"https:\/\/www.linkedin.com\/psettings\/guest-controls\/retargeting-opt-out?trk=\">LinkedIn Retargeting<\/button><\/td>\n<\/tr>\n<\/tbody>\n<\/table>\n<\/div>\n<div><\/div>\n<\/div>\n<div><\/div>\n<h3><strong>Administration af cookieindstillinger<\/strong><\/h3>\n<p>Brugere kan slette eller deaktivere cookies via deres browserindstillinger. Bem\u00e6rk, at deaktivering af tekniske cookies kan p\u00e5virke webstedets funktionalitet.<\/p>\n<p>Links til browservejledninger:<\/p>\n<ul>\n<li>Internet Explorer: <button type=\"button\" data-url=\"https:\/\/windows.microsoft.com\/en-us\/windows7\/block-enable-or-allow-cookies\">windows.microsoft.com<\/button><\/li>\n<li>Safari: <button type=\"button\" data-url=\"https:\/\/support.apple.com\/kb\/PH19255?viewlocale=en_US&amp;locale=it_IT\">support.apple.com<\/button><\/li>\n<li>Chrome: <button type=\"button\" data-url=\"https:\/\/support.google.com\/chrome\/answer\/95647?hl=en\">support.google.com<\/button><\/li>\n<li>Firefox: <button type=\"button\" data-url=\"https:\/\/support.mozilla.org\/en-US\/kb\/enable-and-disable-cookies-website-preferences\">support.mozilla.org<\/button><\/li>\n<\/ul>\n<p>Du kan ogs\u00e5 administrere dine pr\u00e6ferencer via <button type=\"button\" data-url=\"https:\/\/www.youronlinechoices.com\">youronlinechoices.com<\/button>.<\/p>\n","protected":false},"excerpt":{"rendered":"<p>Cookiepolitik I dette dokument stilles information om de anvendte cookies til r\u00e5dighed for brugere af https:\/\/forzini.com (herefter &#8220;webstedet&#8221;) i overensstemmelse med direktiv 2009\/136\/EF, implementeret i vores lovgivning gennem artikel 22, stk. 2 i loven om informationssamfundstjenester, og i henhold til retningslinjerne fra det Spanske Databeskyttelsesagentur. Hvad er cookies? Cookies er sm\u00e5 tekststrenge, som et websted [&hellip;]<\/p>\n","protected":false},"author":4,"featured_media":0,"parent":0,"menu_order":0,"comment_status":"closed","ping_status":"closed","template":"","meta":{"_acf_changed":false,"_joinchat":[],"footnotes":""},"class_list":["post-16781","page","type-page","status-publish","hentry"],"acf":[],"_links":{"self":[{"href":"https:\/\/forzini.com\/da\/wp-json\/wp\/v2\/pages\/16781","targetHints":{"allow":["GET"]}}],"collection":[{"href":"https:\/\/forzini.com\/da\/wp-json\/wp\/v2\/pages"}],"about":[{"href":"https:\/\/forzini.com\/da\/wp-json\/wp\/v2\/types\/page"}],"author":[{"embeddable":true,"href":"https:\/\/forzini.com\/da\/wp-json\/wp\/v2\/users\/4"}],"replies":[{"embeddable":true,"href":"https:\/\/forzini.com\/da\/wp-json\/wp\/v2\/comments?post=16781"}],"version-history":[{"count":0,"href":"https:\/\/forzini.com\/da\/wp-json\/wp\/v2\/pages\/16781\/revisions"}],"wp:attachment":[{"href":"https:\/\/forzini.com\/da\/wp-json\/wp\/v2\/media?parent=16781"}],"curies":[{"name":"wp","href":"https:\/\/api.w.org\/{rel}","templated":true}]}}