{"id":14936,"date":"2024-02-13T14:08:19","date_gmt":"2024-02-13T13:08:19","guid":{"rendered":"https:\/\/forzini.com\/cuidado-y-caracteristicas\/"},"modified":"2025-09-03T20:17:37","modified_gmt":"2025-09-03T18:17:37","slug":"pleje-og-egenskabe","status":"publish","type":"page","link":"https:\/\/forzini.com\/da\/pleje-og-egenskabe\/","title":{"rendered":"Pleje og egenskabe"},"content":{"rendered":"\t\t<div data-elementor-type=\"wp-page\" data-elementor-id=\"14936\" class=\"elementor elementor-14936 elementor-254\">\n\t\t\t\t<div class=\"elementor-element elementor-element-2095ab91 e-flex e-con-boxed e-con e-parent\" data-id=\"2095ab91\" data-element_type=\"container\" data-e-type=\"container\" data-settings=\"{&quot;background_background&quot;:&quot;classic&quot;}\">\n\t\t\t\t\t<div class=\"e-con-inner\">\n\t\t\t\t<div class=\"elementor-element elementor-element-3ff3c801 elementor-align-center elementor-invisible elementor-widget elementor-widget-raven-heading\" data-id=\"3ff3c801\" data-element_type=\"widget\" data-e-type=\"widget\" data-settings=\"{&quot;_animation&quot;:&quot;fadeInUp&quot;}\" data-widget_type=\"raven-heading.default\">\n\t\t\t\t<div class=\"elementor-widget-container\">\n\t\t\t\t\t\t\t<div class=\"raven-widget-wrapper\"><h1 class=\"raven-heading raven-heading-h1\"><span class=\"raven-heading-title \">Produktpleje<\/span><\/h1><\/div>\n\t\t\t\t\t\t<\/div>\n\t\t\t\t<\/div>\n\t\t\t\t<div class=\"elementor-element elementor-element-10e1255f animated-slow elementor-invisible elementor-widget elementor-widget-text-editor\" data-id=\"10e1255f\" data-element_type=\"widget\" data-e-type=\"widget\" data-settings=\"{&quot;_animation&quot;:&quot;fadeIn&quot;}\" data-widget_type=\"text-editor.default\">\n\t\t\t\t<div class=\"elementor-widget-container\">\n\t\t\t\t\t\t\t\t\t<h1 class=\"p1\">Brug vores r\u00e5d til at passe p\u00e5 produkterne<\/h1>\t\t\t\t\t\t\t\t<\/div>\n\t\t\t\t<\/div>\n\t\t\t\t\t<\/div>\n\t\t\t\t<\/div>\n\t\t<div class=\"elementor-element elementor-element-72678fb e-flex e-con-boxed e-con e-parent\" data-id=\"72678fb\" data-element_type=\"container\" data-e-type=\"container\" data-settings=\"{&quot;background_background&quot;:&quot;classic&quot;}\">\n\t\t\t\t\t<div class=\"e-con-inner\">\n\t\t<div class=\"elementor-element elementor-element-e3522a9 e-con-full e-flex e-con e-child\" data-id=\"e3522a9\" data-element_type=\"container\" data-e-type=\"container\">\n\t\t\t\t<div class=\"elementor-element elementor-element-2f2a346 elementor-align-center animated-slow elementor-invisible elementor-widget elementor-widget-raven-heading\" data-id=\"2f2a346\" data-element_type=\"widget\" data-e-type=\"widget\" data-settings=\"{&quot;_animation&quot;:&quot;fadeInUp&quot;}\" data-widget_type=\"raven-heading.default\">\n\t\t\t\t<div class=\"elementor-widget-container\">\n\t\t\t\t\t\t\t<div class=\"raven-widget-wrapper\"><h1 class=\"raven-heading raven-heading-h1\"><span class=\"raven-heading-title \">h\u00e5ndvaske<\/span><\/h1><\/div>\n\t\t\t\t\t\t<\/div>\n\t\t\t\t<\/div>\n\t\t\t\t<\/div>\n\t\t<div class=\"elementor-element elementor-element-3686975 e-con-full e-flex e-con e-child\" data-id=\"3686975\" data-element_type=\"container\" data-e-type=\"container\">\n\t\t\t\t<div class=\"elementor-element elementor-element-2b13b12 elementor-widget elementor-widget-text-editor\" data-id=\"2b13b12\" data-element_type=\"widget\" data-e-type=\"widget\" data-widget_type=\"text-editor.default\">\n\t\t\t\t<div class=\"elementor-widget-container\">\n\t\t\t\t\t\t\t\t\t<p><strong>For at bevare sk\u00f8nheden i din h\u00e5ndvask af natursten<\/strong> anbefales det at reng\u00f8re overfladen med en bl\u00f8d klud eller en nylonb\u00f8rste fugtet med opvaskemiddel med neutral pH (s\u00f8rg for, at det ikke er citrusbaseret) eller at bruge en special\u00ads\u00e6be til sten.<\/p><p>Efter reng\u00f8ring skylles s\u00e6beresterne grundigt af, og h\u00e5ndvasken t\u00f8rres med en bl\u00f8d, ren klud. Til sv\u00e6rere pletter kan du anvende en ikke\u2011slibende s\u00e6be, der er specielt formuleret til natursten, eller v\u00e6lge et professionelt reng\u00f8ringsmiddel, som f\u00e5s i din lokale fliseforretning. Det er vigtigt at undg\u00e5 st\u00e6rke kemikalier s\u00e5som blegemiddel, alkalier, ammoniak, eddike, alkohol, slibende syrer eller andre \u00e6tsende stoffer, og ligeledes at undlade at reng\u00f8re h\u00e5ndvasken med svampe, st\u00e5luld, b\u00f8rster eller grove klude for at undg\u00e5 ridser.<\/p><p>For at beskytte overfladen og forhindre pletter anbefales det at p\u00e5f\u00f8re en s\u00e6rlig vandafvisende behandling til sten \u00e9n gang om \u00e5ret, som kan k\u00f8bes i byggemarkeder eller fliseforretninger.<\/p><p>Regelm\u00e6ssig og korrekt reng\u00f8ring og vedligeholdelse vil sikre den langvarige charme ved din h\u00e5ndvask af natursten, der er designet til at tilf\u00f8re dit hjem et strejf af harmoni.<\/p>\t\t\t\t\t\t\t\t<\/div>\n\t\t\t\t<\/div>\n\t\t\t\t<\/div>\n\t\t\t\t\t<\/div>\n\t\t\t\t<\/div>\n\t\t<div class=\"elementor-element elementor-element-537e2f1 e-flex e-con-boxed e-con e-parent\" data-id=\"537e2f1\" data-element_type=\"container\" data-e-type=\"container\" data-settings=\"{&quot;background_background&quot;:&quot;classic&quot;}\">\n\t\t\t\t\t<div class=\"e-con-inner\">\n\t\t<div class=\"elementor-element elementor-element-d958b84 e-con-full e-flex e-con e-child\" data-id=\"d958b84\" data-element_type=\"container\" data-e-type=\"container\">\n\t\t\t\t<div class=\"elementor-element elementor-element-c180a4d elementor-align-center animated-slow elementor-invisible elementor-widget elementor-widget-raven-heading\" data-id=\"c180a4d\" data-element_type=\"widget\" data-e-type=\"widget\" data-settings=\"{&quot;_animation&quot;:&quot;fadeInUp&quot;}\" data-widget_type=\"raven-heading.default\">\n\t\t\t\t<div class=\"elementor-widget-container\">\n\t\t\t\t\t\t\t<div class=\"raven-widget-wrapper\"><h1 class=\"raven-heading raven-heading-h1\"><span class=\"raven-heading-title \">BORDE<\/span><\/h1><\/div>\n\t\t\t\t\t\t<\/div>\n\t\t\t\t<\/div>\n\t\t\t\t<\/div>\n\t\t<div class=\"elementor-element elementor-element-0db4d61 e-con-full e-flex e-con e-child\" data-id=\"0db4d61\" data-element_type=\"container\" data-e-type=\"container\" data-settings=\"{&quot;background_background&quot;:&quot;classic&quot;}\">\n\t\t\t\t<div class=\"elementor-element elementor-element-c91e7b5 elementor-widget elementor-widget-text-editor\" data-id=\"c91e7b5\" data-element_type=\"widget\" data-e-type=\"widget\" data-widget_type=\"text-editor.default\">\n\t\t\t\t<div class=\"elementor-widget-container\">\n\t\t\t\t\t\t\t\t\t<p><strong>Naturlig marmor er et tidl\u00f8st materiale<\/strong>, og hvert eneste af vores stykker er h\u00e5ndlavet. Hvert bord er unikt og kr\u00e6ver s\u00e6rlig pleje for fortsat at fremh\u00e6ve omgivelsernes sk\u00f8nhed, give gl\u00e6de i brug og kunne videregives fra generation til generation. Vi stoler p\u00e5, at De vil v\u00e6rne om vores kreationers enest\u00e5ende karakter.<\/p><p>Alle natursten har deres egenskaber samt styrker og s\u00e5rbarheder. Selv vores marmor behandles med en s\u00e6rlig forsegler, der i nogen grad beskytter overfladen, men som skal fornyes hver 8\u201312 m\u00e5ned. Alligevel m\u00e5 vi huske, at marmor af sin natur er f\u00f8lsomt over for syrer eller sure stoffer fra mad og drikke (kaffe, vand, alkohol, kulsyreholdige drikke, saucer, kemikalier, parfume osv.), som kan efterlade pletter p\u00e5 overfladen, hvis de ikke straks fjernes og reng\u00f8res. Selv vand kan tr\u00e6nge ind i stenens porer og for\u00e5rsage misfarvninger.<\/p><p>Vi anbefaler, at De straks t\u00f8rrer overfladen af med en t\u00f8r klud eller et papirh\u00e5ndkl\u00e6de. Gnid eller ridse ikke overfladen, da det kan efterlade u\u00f8nskede m\u00e6rker. Brug venligst glasbrikker, bordsk\u00e5nere og andre genstande for at undg\u00e5 ridser p\u00e5 overfladen.<\/p><p>Til daglig vedligeholdelse b\u00f8r stenen reng\u00f8res regelm\u00e6ssigt med en bl\u00f8d mikrofiberklud, og om n\u00f8dvendigt kan der ogs\u00e5 anvendes lunkent vand med en lille m\u00e6ngde opvaskemiddel med neutral pH eller en professionel reng\u00f8ringsopl\u00f8sning til natursten, som f\u00e5s i Deres lokale fliseforretning.<\/p><p>Vi anbefaler at bruge en s\u00e6rlig s\u00e6be til natursten til vanskelige pletter. Brug ikke kemikalier eller produkter, der indeholder blegemiddel, alkalier, ammoniak, eddike, alkohol, slibende syrer eller \u00e6tsende stoffer; undg\u00e5 ogs\u00e5 at ridse overfladen med svampe, st\u00e5luld, b\u00f8rster eller grove klude. Regelm\u00e6ssig og korrekt reng\u00f8ring og vedligeholdelse vil sikre den langvarige charme ved Deres bord af natursten, som er skabt specielt for at tilf\u00f8re Deres hjem et strejf af elegance.<\/p>\t\t\t\t\t\t\t\t<\/div>\n\t\t\t\t<\/div>\n\t\t\t\t<\/div>\n\t\t\t\t\t<\/div>\n\t\t\t\t<\/div>\n\t\t<div class=\"elementor-element elementor-element-0119d88 e-flex e-con-boxed e-con e-parent\" data-id=\"0119d88\" data-element_type=\"container\" data-e-type=\"container\" data-settings=\"{&quot;background_background&quot;:&quot;classic&quot;}\">\n\t\t\t\t\t<div class=\"e-con-inner\">\n\t\t<div class=\"elementor-element elementor-element-a7ce453 e-con-full e-flex e-con e-child\" data-id=\"a7ce453\" data-element_type=\"container\" data-e-type=\"container\">\n\t\t\t\t<div class=\"elementor-element elementor-element-67e1c7d elementor-align-center animated-slow elementor-invisible elementor-widget elementor-widget-raven-heading\" data-id=\"67e1c7d\" data-element_type=\"widget\" data-e-type=\"widget\" data-settings=\"{&quot;_animation&quot;:&quot;fadeInUp&quot;}\" data-widget_type=\"raven-heading.default\">\n\t\t\t\t<div class=\"elementor-widget-container\">\n\t\t\t\t\t\t\t<div class=\"raven-widget-wrapper\"><h1 class=\"raven-heading raven-heading-h1\"><span class=\"raven-heading-title \">TILBEH\u00d8R<\/span><\/h1><\/div>\n\t\t\t\t\t\t<\/div>\n\t\t\t\t<\/div>\n\t\t\t\t<\/div>\n\t\t<div class=\"elementor-element elementor-element-86c2a42 e-con-full e-flex e-con e-child\" data-id=\"86c2a42\" data-element_type=\"container\" data-e-type=\"container\">\n\t\t\t\t<div class=\"elementor-element elementor-element-22d7922 elementor-widget elementor-widget-text-editor\" data-id=\"22d7922\" data-element_type=\"widget\" data-e-type=\"widget\" data-widget_type=\"text-editor.default\">\n\t\t\t\t<div class=\"elementor-widget-container\">\n\t\t\t\t\t\t\t\t\t<p><strong>For at reng\u00f8re dekorative genstande af natursten<\/strong> anbefaler vi at bruge en bl\u00f8d klud eller en nylonb\u00f8rste med opvaskemiddel med neutral pH eller en professionel reng\u00f8ringsopl\u00f8sning til natursten. Skyl grundigt for at fjerne alle s\u00e6berester, og t\u00f8r efter med en bl\u00f8d, ren klud.<\/p><p>Til vanskelige eller genstridige pletter anbefaler vi at bruge en s\u00e6rlig, ikke\u2011slibende s\u00e6be til natursten eller en professionel reng\u00f8ringsmiddel, som kan k\u00f8bes i flisebutikken. Brug venligst ikke kemikalier eller produkter, der indeholder blegemiddel, alkalier, ammoniak, eddike, alkohol, slibende syrer eller \u00e6tsende stoffer. Undg\u00e5 at ridse tilbeh\u00f8ret med svampe, st\u00e5luld, b\u00f8rster eller grove klude.<\/p><p>H\u00e5ndt\u00e9r venligst genstandene forsigtigt, n\u00e5r de er v\u00e5de, da de kan v\u00e6re glatte og for\u00e5rsage skader, hvis de tabes. Vi anbefaler at t\u00f8rre genstanden helt, f\u00f8r den l\u00f8ftes. Regelm\u00e6ssig og korrekt reng\u00f8ring og vedligeholdelse vil give dig gl\u00e6de af de smukke tilbeh\u00f8rsdele af natursten i mange \u00e5r. De er specielt designet til at fremh\u00e6ve stilen i dit hjem og give et s\u00e6rpr\u00e6get og eksklusivt pr\u00e6g.<\/p>\t\t\t\t\t\t\t\t<\/div>\n\t\t\t\t<\/div>\n\t\t\t\t<\/div>\n\t\t\t\t\t<\/div>\n\t\t\t\t<\/div>\n\t\t\t\t<\/div>\n\t\t","protected":false},"excerpt":{"rendered":"<p>Produktpleje Brug vores r\u00e5d til at passe p\u00e5 produkterne h\u00e5ndvaske For at bevare sk\u00f8nheden i din h\u00e5ndvask af natursten anbefales det at reng\u00f8re overfladen med en bl\u00f8d klud eller en nylonb\u00f8rste fugtet med opvaskemiddel med neutral pH (s\u00f8rg for, at det ikke er citrusbaseret) eller at bruge en special\u00ads\u00e6be til sten. Efter reng\u00f8ring skylles s\u00e6beresterne [&hellip;]<\/p>\n","protected":false},"author":4,"featured_media":0,"parent":0,"menu_order":0,"comment_status":"closed","ping_status":"closed","template":"full-width.php","meta":{"_acf_changed":false,"_joinchat":[],"footnotes":""},"class_list":["post-14936","page","type-page","status-publish","hentry"],"acf":[],"_links":{"self":[{"href":"https:\/\/forzini.com\/da\/wp-json\/wp\/v2\/pages\/14936","targetHints":{"allow":["GET"]}}],"collection":[{"href":"https:\/\/forzini.com\/da\/wp-json\/wp\/v2\/pages"}],"about":[{"href":"https:\/\/forzini.com\/da\/wp-json\/wp\/v2\/types\/page"}],"author":[{"embeddable":true,"href":"https:\/\/forzini.com\/da\/wp-json\/wp\/v2\/users\/4"}],"replies":[{"embeddable":true,"href":"https:\/\/forzini.com\/da\/wp-json\/wp\/v2\/comments?post=14936"}],"version-history":[{"count":0,"href":"https:\/\/forzini.com\/da\/wp-json\/wp\/v2\/pages\/14936\/revisions"}],"wp:attachment":[{"href":"https:\/\/forzini.com\/da\/wp-json\/wp\/v2\/media?parent=14936"}],"curies":[{"name":"wp","href":"https:\/\/api.w.org\/{rel}","templated":true}]}}